{"id":60832,"date":"2024-08-28T18:18:17","date_gmt":"2024-08-28T11:18:17","guid":{"rendered":"https:\/\/mouldking.store\/shop\/mould-king-17011s-tow-truck-with-1250-pieces\/"},"modified":"2024-08-28T18:18:23","modified_gmt":"2024-08-28T11:18:23","slug":"mould-king-17011s-tow-truck-with-1250-pieces","status":"publish","type":"product","link":"https:\/\/mouldking.store\/es\/shop\/mould-king-17011s-tow-truck-with-1250-pieces\/","title":{"rendered":"Cami\u00f3n de remolque MOULD KING 17011S con 1250 piezas"},"content":{"rendered":"<div>\u2705MouldKing 17011S Tow Truck<\/p>\n<p>\ud83d\udeab \u00a1IMPORTANTE!<\/p>\n<p>Product Name: Tow Truck<\/p>\n<p>Categor\u00eda: T\u00e9cnica<\/p>\n<p>This Kit Contains: MouldKing 17011S<\/p>\n<p>1250 pcs Good Quality Bricks<\/p>\n<p>Size: 51.8 \u00d7 15.6 \u00d7 18.1 cm<\/p>\n<p>Instrucciones manuales<\/p>\n<p>\ud83d\udcccNaturaleza del protagonista<\/p>\n<p>Introducing our proud collection named \u201cTow Truck\u201d you should not miss.<\/p>\n<p>&nbsp;A <strong>tow truck<\/strong>, also known as a wrecker or recovery vehicle, is designed to transport disabled, improperly parked, impounded, or otherwise indisposed vehicles. Tow trucks come in various types, each specialized for different towing and recovery scenarios. They are essential for roadside assistance services, law enforcement, vehicle recovery operations, and more.&nbsp;<\/div>","protected":false},"excerpt":{"rendered":"<p>Marca: MOLD KING<br \/>\nG\u00e9nero: Unisex<br \/>\nRango de edad: &gt; 14 a\u00f1os<br \/>\nModel Number: 17011S<br \/>\nClasificaci\u00f3n: Ensamblaje<br \/>\nForma de bloque de pl\u00e1stico: Ladrillos autoblocantes<br \/>\nMaterial: Pl\u00e1stico<br \/>\nTipo de pl\u00e1stico: ABS<br \/>\nBricks Blocks: 1250 +<br \/>\nSin caja original<br \/>\nEl producto no incluye PEGATINA ni Piezas IMPRESAS. Todas las piezas impresas se reemplazar\u00e1n por piezas est\u00e1ndar y no se incluir\u00e1n en los accesorios de terceros.<\/p>","protected":false},"featured_media":60831,"comment_status":"open","ping_status":"closed","template":"","meta":{"_acf_changed":false},"product_cat":[1354,1357,371,372,390,581,6016,415,364],"product_tag":[2488,13584,366,389,11080,2568,2566,11182,466],"class_list":["product","first","instock","shipping-taxable","purchasable","product-type-simple"],"acf":[],"_links":{"self":[{"href":"https:\/\/mouldking.store\/es\/wp-json\/wp\/v2\/product\/60832","targetHints":{"allow":["GET"]}}],"collection":[{"href":"https:\/\/mouldking.store\/es\/wp-json\/wp\/v2\/product"}],"about":[{"href":"https:\/\/mouldking.store\/es\/wp-json\/wp\/v2\/types\/product"}],"replies":[{"embeddable":true,"href":"https:\/\/mouldking.store\/es\/wp-json\/wp\/v2\/comments?post=60832"}],"wp:featuredmedia":[{"embeddable":true,"href":"https:\/\/mouldking.store\/es\/wp-json\/wp\/v2\/media\/60831"}],"wp:attachment":[{"href":"https:\/\/mouldking.store\/es\/wp-json\/wp\/v2\/media?parent=60832"}],"wp:term":[{"taxonomy":"product_cat","embeddable":true,"href":"https:\/\/mouldking.store\/es\/wp-json\/wp\/v2\/product_cat?post=60832"},{"taxonomy":"product_tag","embeddable":true,"href":"https:\/\/mouldking.store\/es\/wp-json\/wp\/v2\/product_tag?post=60832"}],"curies":[{"name":"wp","href":"https:\/\/api.w.org\/{rel}","templated":true}]}}