{"id":60855,"date":"2024-08-28T18:19:14","date_gmt":"2024-08-28T11:19:14","guid":{"rendered":"https:\/\/mouldking.store\/shop\/mould-king-10065s-black-pearl-drifting-bottle-with-2416-pieces\/"},"modified":"2024-08-28T18:19:21","modified_gmt":"2024-08-28T11:19:21","slug":"mould-king-10065s-black-pearl-drifting-bottle-with-2416-pieces","status":"publish","type":"product","link":"https:\/\/mouldking.store\/es\/shop\/mould-king-10065s-black-pearl-drifting-bottle-with-2416-pieces\/","title":{"rendered":"MOULD KING 10065S Black Pearl Drifting Bottle with 2416 Pieces"},"content":{"rendered":"<div>\u2705MouldKing 10065S Black Pearl Drifting Bottle<\/p>\n<p>\u2705 The <strong>Black Pearl Drifting Bottle<\/strong> is a type of collectible or decorative item inspired by the legendary pirate ship, the Black Pearl, from the &#8220;Pirates of the Caribbean&#8221; franchise. These drifting bottles are often created as unique pieces for fans of the series or collectors of maritime-themed memorabilia.&nbsp;<\/p>\n<p>\ud83d\udeab \u00a1IMPORTANTE!<\/p>\n<p>Product Name: Black Pearl Drifting Bottle<\/p>\n<p>Categor\u00eda: Pel\u00edcula<\/p>\n<p>This Kit Contains: MouldKing 10065S<\/p>\n<p>2416 pcs Good Quality Bricks<\/p>\n<p>Size: 54.4 \u00d7 18.8 \u00d7 19.5 cm<\/p>\n<p>Instrucciones manuales<\/p>\n<p>\ud83d\udcccNaturaleza del protagonista<\/p>\n<p>Introducing our proud collection named \u201cBlack Pearl Drifting Bottle\u201d you should not miss.<\/p>\n<p>Inside the bottle, there is typically a detailed miniature model of the Black Pearl, the iconic pirate ship captained by Jack Sparrow in the &#8220;Pirates of the Caribbean&#8221; movies.&nbsp; The drifting bottle may include additional elements such as ocean waves, sand, or other maritime details to enhance the visual appeal.&nbsp;<\/p><\/div>","protected":false},"excerpt":{"rendered":"<p>Marca: MOLD KING<br \/>\nG\u00e9nero: Unisex<br \/>\nRango de edad: &gt; 14 a\u00f1os<br \/>\nModel Number: 10065S<br \/>\nClasificaci\u00f3n: Ensamblaje<br \/>\nForma de bloque de pl\u00e1stico: Ladrillos autoblocantes<br \/>\nMaterial: Pl\u00e1stico<br \/>\nTipo de pl\u00e1stico: ABS<br \/>\nBricks Blocks: 2416 +<br \/>\nSin caja original<br \/>\nEl producto no incluye PEGATINA ni Piezas IMPRESAS. Todas las piezas impresas se reemplazar\u00e1n por piezas est\u00e1ndar y no se incluir\u00e1n en los accesorios de terceros.<\/p>","protected":false},"featured_media":60854,"comment_status":"open","ping_status":"closed","template":"","meta":{"_acf_changed":false},"product_cat":[1365,371,372,390,581,6016,415,364,1408],"product_tag":[6240,12062,11072,8452,12600,12732,366,434],"class_list":["product","first","instock","shipping-taxable","purchasable","product-type-simple"],"acf":[],"_links":{"self":[{"href":"https:\/\/mouldking.store\/es\/wp-json\/wp\/v2\/product\/60855","targetHints":{"allow":["GET"]}}],"collection":[{"href":"https:\/\/mouldking.store\/es\/wp-json\/wp\/v2\/product"}],"about":[{"href":"https:\/\/mouldking.store\/es\/wp-json\/wp\/v2\/types\/product"}],"replies":[{"embeddable":true,"href":"https:\/\/mouldking.store\/es\/wp-json\/wp\/v2\/comments?post=60855"}],"wp:featuredmedia":[{"embeddable":true,"href":"https:\/\/mouldking.store\/es\/wp-json\/wp\/v2\/media\/60854"}],"wp:attachment":[{"href":"https:\/\/mouldking.store\/es\/wp-json\/wp\/v2\/media?parent=60855"}],"wp:term":[{"taxonomy":"product_cat","embeddable":true,"href":"https:\/\/mouldking.store\/es\/wp-json\/wp\/v2\/product_cat?post=60855"},{"taxonomy":"product_tag","embeddable":true,"href":"https:\/\/mouldking.store\/es\/wp-json\/wp\/v2\/product_tag?post=60855"}],"curies":[{"name":"wp","href":"https:\/\/api.w.org\/{rel}","templated":true}]}}