{"id":60871,"date":"2024-08-28T18:20:12","date_gmt":"2024-08-28T11:20:12","guid":{"rendered":"https:\/\/mouldking.store\/shop\/mould-king-20011s-mammoth-tank-with-motor-with-3445-pieces\/"},"modified":"2024-08-28T18:20:18","modified_gmt":"2024-08-28T11:20:18","slug":"mould-king-20011s-mammoth-tank-with-motor-with-3445-pieces","status":"publish","type":"product","link":"https:\/\/mouldking.store\/es\/shop\/mould-king-20011s-mammoth-tank-with-motor-with-3445-pieces\/","title":{"rendered":"MOULD KING 20011S Mammoth Tank With Motor with 3445 Pieces"},"content":{"rendered":"<div>\u2705MouldKing 20011S Mammoth Tank With Motor<\/p>\n<p>\u2705 The <strong>Tanque de mamut<\/strong> is a fictional vehicle featured in the Command &amp; Conquer series of real-time strategy (RTS) games developed by Westwood Studios. It is known for its powerful and heavily armed design, making it a formidable unit within the games.&nbsp;<\/p>\n<p>\ud83d\udeab \u00a1IMPORTANTE!<\/p>\n<p>Product Name: Mammoth Tank With Motor<\/p>\n<p>Categor\u00eda: Militar<\/p>\n<p>This Kit Contains: MouldKing 20011S<\/p>\n<p>3445 pcs Good Quality Bricks<\/p>\n<p>Size: 54 \u00d7 31.3 \u00d7 25 cm<\/p>\n<p>Instrucciones manuales<\/p>\n<p>\ud83d\udcccNaturaleza del protagonista<\/p>\n<p>Introducing our proud collection named \u201cMammoth Tank With Motor\u201d you should not miss.<\/p>\n<p>The Mammoth Tank is equipped with multiple heavy cannons and missile launchers. It typically features two large, powerful cannons and missile pods or launchers, making it highly effective against both infantry and vehicles.&nbsp; The tank is heavily armored, with thick plating that provides substantial protection against enemy fire, making it one of the most durable units in the game.&nbsp;<\/p><\/div>","protected":false},"excerpt":{"rendered":"<p>Marca: MOLD KING<br \/>\nG\u00e9nero: Unisex<br \/>\nRango de edad: &gt; 14 a\u00f1os<br \/>\nModel Number: 20011S<br \/>\nClasificaci\u00f3n: Ensamblaje<br \/>\nForma de bloque de pl\u00e1stico: Ladrillos autoblocantes<br \/>\nMaterial: Pl\u00e1stico<br \/>\nTipo de pl\u00e1stico: ABS<br \/>\nBricks Blocks: 3445 +<br \/>\nSin caja original<br \/>\nEl producto no incluye PEGATINA ni Piezas IMPRESAS. Todas las piezas impresas se reemplazar\u00e1n por piezas est\u00e1ndar y no se incluir\u00e1n en los accesorios de terceros.<\/p>","protected":false},"featured_media":60870,"comment_status":"open","ping_status":"closed","template":"","meta":{"_acf_changed":false},"product_cat":[1350,1357,371,372,390,581,6016,415,364],"product_tag":[12119,374,366,485,389],"class_list":["product","first","instock","shipping-taxable","purchasable","product-type-simple"],"acf":[],"_links":{"self":[{"href":"https:\/\/mouldking.store\/es\/wp-json\/wp\/v2\/product\/60871","targetHints":{"allow":["GET"]}}],"collection":[{"href":"https:\/\/mouldking.store\/es\/wp-json\/wp\/v2\/product"}],"about":[{"href":"https:\/\/mouldking.store\/es\/wp-json\/wp\/v2\/types\/product"}],"replies":[{"embeddable":true,"href":"https:\/\/mouldking.store\/es\/wp-json\/wp\/v2\/comments?post=60871"}],"wp:featuredmedia":[{"embeddable":true,"href":"https:\/\/mouldking.store\/es\/wp-json\/wp\/v2\/media\/60870"}],"wp:attachment":[{"href":"https:\/\/mouldking.store\/es\/wp-json\/wp\/v2\/media?parent=60871"}],"wp:term":[{"taxonomy":"product_cat","embeddable":true,"href":"https:\/\/mouldking.store\/es\/wp-json\/wp\/v2\/product_cat?post=60871"},{"taxonomy":"product_tag","embeddable":true,"href":"https:\/\/mouldking.store\/es\/wp-json\/wp\/v2\/product_tag?post=60871"}],"curies":[{"name":"wp","href":"https:\/\/api.w.org\/{rel}","templated":true}]}}