{"id":60919,"date":"2024-08-29T18:30:10","date_gmt":"2024-08-29T11:30:10","guid":{"rendered":"https:\/\/mouldking.store\/shop\/ly-76099-iron-man-mk50-with-1568-pieces\/"},"modified":"2024-08-29T18:30:17","modified_gmt":"2024-08-29T11:30:17","slug":"ly-76099-iron-man-mk50-with-1568-pieces","status":"publish","type":"product","link":"https:\/\/mouldking.store\/es\/shop\/ly-76099-iron-man-mk50-with-1568-pieces\/","title":{"rendered":"LY 76099 Iron Man MK50 with 1568 Pieces"},"content":{"rendered":"<div>\u2705LY 76099 Iron Man MK50<\/p>\n<p>\u2705 The <strong>Iron Man Mark 50 (MK50)<\/strong> suit is one of Tony Stark&#8217;s most advanced suits, featured in the Marvel Cinematic Universe (MCU) film <em>Avengers: Infinity War<\/em> (2018). Known as the &#8220;Bleeding Edge Armor,&#8221; the MK50 represents a significant leap in Iron Man suit technology due to its use of nanotechnology. This advanced suit provides Tony Stark with unprecedented versatility, adaptability, and firepower during combat situations against powerful adversaries like Thanos and his forces.&nbsp;<\/p>\n<p>\ud83d\udeab \u00a1IMPORTANTE!<\/p>\n<p>Product Name: Iron Man MK50<\/p>\n<p>Categor\u00eda: Pel\u00edcula<\/p>\n<p>This Kit Contains: LY 76099<\/p>\n<p>1568 pcs Good Quality Bricks<\/p>\n<p>Size: 18.5 \u00d7 26.5 \u00d7 35 cm<\/p>\n<p>Instrucciones manuales<\/p>\n<p>\ud83d\udcccNaturaleza del protagonista<\/p>\n<p>Introducing our proud collection named \u201cIron Man MK50\u201d you should not miss.<\/p>\n<p>Unlike its predecessors, the MK50 suit is stored entirely within a new arc reactor mounted on Tony Stark&#8217;s chest, composed of billions of nanoparticles. When activated, these nanoparticles flow over Stark&#8217;s body, forming a complete, highly durable, and flexible suit in seconds. This design allows for instant deployment and repair, as well as on-the-fly generation of weapons, tools, and enhancements directly from the suit&#8217;s surface. The MK50 can create various weaponry, such as repulsor cannons, energy blades, shields, rocket thrusters for high-speed flight, and even specialized equipment like the foot clamps and wings used to combat Thanos.&nbsp;<\/p><\/div>","protected":false},"excerpt":{"rendered":"<p>Brand: LY<br \/>\nG\u00e9nero: Unisex<br \/>\nRango de edad: &gt; 14 a\u00f1os<br \/>\nModel Number: 76099<br \/>\nClasificaci\u00f3n: Ensamblaje<br \/>\nForma de bloque de pl\u00e1stico: Ladrillos autoblocantes<br \/>\nMaterial: Pl\u00e1stico<br \/>\nTipo de pl\u00e1stico: ABS<br \/>\nBricks Blocks: 1568 +<br \/>\nSin caja original<br \/>\nEl producto no incluye PEGATINA ni Piezas IMPRESAS. Todas las piezas impresas se reemplazar\u00e1n por piezas est\u00e1ndar y no se incluir\u00e1n en los accesorios de terceros.<\/p>","protected":false},"featured_media":60918,"comment_status":"open","ping_status":"closed","template":"","meta":{"_acf_changed":false},"product_cat":[1365,1848,371,581,1408],"product_tag":[11072,8452,1856,1496,13593,434],"class_list":["product","first","instock","shipping-taxable","purchasable","product-type-simple"],"acf":[],"_links":{"self":[{"href":"https:\/\/mouldking.store\/es\/wp-json\/wp\/v2\/product\/60919","targetHints":{"allow":["GET"]}}],"collection":[{"href":"https:\/\/mouldking.store\/es\/wp-json\/wp\/v2\/product"}],"about":[{"href":"https:\/\/mouldking.store\/es\/wp-json\/wp\/v2\/types\/product"}],"replies":[{"embeddable":true,"href":"https:\/\/mouldking.store\/es\/wp-json\/wp\/v2\/comments?post=60919"}],"wp:featuredmedia":[{"embeddable":true,"href":"https:\/\/mouldking.store\/es\/wp-json\/wp\/v2\/media\/60918"}],"wp:attachment":[{"href":"https:\/\/mouldking.store\/es\/wp-json\/wp\/v2\/media?parent=60919"}],"wp:term":[{"taxonomy":"product_cat","embeddable":true,"href":"https:\/\/mouldking.store\/es\/wp-json\/wp\/v2\/product_cat?post=60919"},{"taxonomy":"product_tag","embeddable":true,"href":"https:\/\/mouldking.store\/es\/wp-json\/wp\/v2\/product_tag?post=60919"}],"curies":[{"name":"wp","href":"https:\/\/api.w.org\/{rel}","templated":true}]}}