{"id":60942,"date":"2024-08-29T18:31:06","date_gmt":"2024-08-29T11:31:06","guid":{"rendered":"https:\/\/mouldking.store\/shop\/wange-4516-dicker-max-with-632-pieces\/"},"modified":"2024-08-29T18:31:11","modified_gmt":"2024-08-29T11:31:11","slug":"wange-4516-dicker-max-with-632-pieces","status":"publish","type":"product","link":"https:\/\/mouldking.store\/es\/shop\/wange-4516-dicker-max-with-632-pieces\/","title":{"rendered":"WANGE 4516 Dicker Max with 632 Pieces"},"content":{"rendered":"<div>\u2705WANGE 4516 Dicker Max<\/p>\n<p>\u2705 The <strong>Dicker Max<\/strong> (German for &#8220;Fat Max&#8221;) was a German self-propelled gun and tank destroyer developed during World War II. Officially designated as the <strong>12.8 cm Selbstfahrlafette auf VK 3001(H)<\/strong>, it was a prototype heavy tank destroyer based on the chassis of the VK 3001 (H), an early version of what would become the Panzerkampfwagen VI Tiger. The Dicker Max was designed to destroy fortified positions and enemy tanks at long ranges, thanks to its powerful 12.8 cm PaK 40 L\/61 anti-tank gun.&nbsp;<\/p>\n<p>\ud83d\udeab \u00a1IMPORTANTE!<\/p>\n<p>Product Name: Dicker Max<\/p>\n<p>Categor\u00eda: Militar<\/p>\n<p>This Kit Contains: WANGE 4516<\/p>\n<p>632 pcs Good Quality Bricks<\/p>\n<p>Size: 27.1 \u00d7 10.9 \u00d7 16 cm<\/p>\n<p>Instrucciones manuales<\/p>\n<p>\ud83d\udcccNaturaleza del protagonista<\/p>\n<p>Introducing our proud collection named \u201cDicker Max\u201d you should not miss.<\/p>\n<p>The Dicker Max saw limited action during its deployment, primarily on the Eastern Front. Due to the combination of technical challenges, limited production, and the emergence of more advanced tank destroyers such as the StuG III, Jagdpanzer IV, and later models like the Jagdpanther, the Dicker Max was never mass-produced.&nbsp;<\/p><\/div>","protected":false},"excerpt":{"rendered":"<p>Marca: WANGE<br \/>\nG\u00e9nero: Unisex<br \/>\nRango de edad: &gt; 6 a\u00f1os<br \/>\nModel Number: 4516<br \/>\nClasificaci\u00f3n: Ensamblaje<br \/>\nForma de bloque de pl\u00e1stico: Ladrillos autoblocantes<br \/>\nMaterial: Pl\u00e1stico<br \/>\nTipo de pl\u00e1stico: ABS<br \/>\nBricks Blocks: 632 +<br \/>\nSin caja original<br \/>\nEl producto no incluye PEGATINA ni Piezas IMPRESAS. Todas las piezas impresas se reemplazar\u00e1n por piezas est\u00e1ndar y no se incluir\u00e1n en los accesorios de terceros.<\/p>","protected":false},"featured_media":60941,"comment_status":"open","ping_status":"closed","template":"","meta":{"_acf_changed":false},"product_cat":[1350,1357,372,364],"product_tag":[13595,13596,374,485,389],"class_list":["product","first","instock","shipping-taxable","purchasable","product-type-simple"],"acf":[],"_links":{"self":[{"href":"https:\/\/mouldking.store\/es\/wp-json\/wp\/v2\/product\/60942","targetHints":{"allow":["GET"]}}],"collection":[{"href":"https:\/\/mouldking.store\/es\/wp-json\/wp\/v2\/product"}],"about":[{"href":"https:\/\/mouldking.store\/es\/wp-json\/wp\/v2\/types\/product"}],"replies":[{"embeddable":true,"href":"https:\/\/mouldking.store\/es\/wp-json\/wp\/v2\/comments?post=60942"}],"wp:featuredmedia":[{"embeddable":true,"href":"https:\/\/mouldking.store\/es\/wp-json\/wp\/v2\/media\/60941"}],"wp:attachment":[{"href":"https:\/\/mouldking.store\/es\/wp-json\/wp\/v2\/media?parent=60942"}],"wp:term":[{"taxonomy":"product_cat","embeddable":true,"href":"https:\/\/mouldking.store\/es\/wp-json\/wp\/v2\/product_cat?post=60942"},{"taxonomy":"product_tag","embeddable":true,"href":"https:\/\/mouldking.store\/es\/wp-json\/wp\/v2\/product_tag?post=60942"}],"curies":[{"name":"wp","href":"https:\/\/api.w.org\/{rel}","templated":true}]}}