{"id":60976,"date":"2024-08-29T18:32:44","date_gmt":"2024-08-29T11:32:44","guid":{"rendered":"https:\/\/mouldking.store\/shop\/create-with-passion-212227-mechanical-bionic-grasshopper-with-700-pieces\/"},"modified":"2024-08-29T18:32:46","modified_gmt":"2024-08-29T11:32:46","slug":"create-with-passion-212227-mechanical-bionic-grasshopper-with-700-pieces","status":"publish","type":"product","link":"https:\/\/mouldking.store\/es\/shop\/create-with-passion-212227-mechanical-bionic-grasshopper-with-700-pieces\/","title":{"rendered":"CREATE WITH PASSION 212227 Mechanical Bionic Grasshopper with 700 Pieces"},"content":{"rendered":"<div>\u2705CREATE WITH PASSION 212227 Mechanical Bionic Grasshopper<\/p>\n<p>\u2705 The concept of a <strong>Mechanical Bionic Grasshopper<\/strong> involves creating a robot that mimics the biological form and functions of a grasshopper. This type of biomimetic robot is designed to replicate the grasshopper&#8217;s unique abilities, such as high-powered jumping, efficient locomotion, and versatile movement across various terrains. Bionic grasshoppers can serve in a range of applications, from search and rescue operations to environmental monitoring and even as educational tools for understanding biomechanics and robotics. <\/p>\n<p>\ud83d\udeab \u00a1IMPORTANTE!<\/p>\n<p>Product Name: Mechanical Bionic Grasshopper<\/p>\n<p>Categor\u00eda: Creador<\/p>\n<p>This Kit Contains: CREATE WITH PASSION 212227 <\/p>\n<p>700 pcs Good Quality Bricks<\/p>\n<p>Size: 32 x 39 x 21cm<\/p>\n<p>Instrucciones manuales<\/p>\n<p>\ud83d\udcccNaturaleza del protagonista<\/p>\n<p>Introducing our proud collection named \u201cMechanical Bionic Grasshopper\u201d you should not miss.<\/p>\n<p><strong>Mechanical Bionic Grasshopper<\/strong> represents a fascinating intersection of biology and robotics, showcasing how understanding nature&#8217;s designs can lead to innovative engineering solutions with practical and versatile applications.&nbsp;<\/div>","protected":false},"excerpt":{"rendered":"<p>Brand: CREATE WITH PASSION<br \/>\nG\u00e9nero: Unisex<br \/>\nRango de edad: &gt; 6 a\u00f1os<br \/>\nModel Number: 212227<br \/>\nClasificaci\u00f3n: Ensamblaje<br \/>\nForma de bloque de pl\u00e1stico: Ladrillos autoblocantes<br \/>\nMaterial: Pl\u00e1stico<br \/>\nTipo de pl\u00e1stico: ABS<br \/>\nBricks Blocks: 700 +<br \/>\nSin caja original<br \/>\nEl producto no incluye PEGATINA ni Piezas IMPRESAS. Todas las piezas impresas se reemplazar\u00e1n por piezas est\u00e1ndar y no se incluir\u00e1n en los accesorios de terceros.<\/p>","protected":false},"featured_media":60975,"comment_status":"open","ping_status":"closed","template":"","meta":{"_acf_changed":false},"product_cat":[1365,371],"product_tag":[11428,11072,8452,12884,7345],"class_list":["product","first","instock","shipping-taxable","purchasable","product-type-simple"],"acf":[],"_links":{"self":[{"href":"https:\/\/mouldking.store\/es\/wp-json\/wp\/v2\/product\/60976","targetHints":{"allow":["GET"]}}],"collection":[{"href":"https:\/\/mouldking.store\/es\/wp-json\/wp\/v2\/product"}],"about":[{"href":"https:\/\/mouldking.store\/es\/wp-json\/wp\/v2\/types\/product"}],"replies":[{"embeddable":true,"href":"https:\/\/mouldking.store\/es\/wp-json\/wp\/v2\/comments?post=60976"}],"wp:featuredmedia":[{"embeddable":true,"href":"https:\/\/mouldking.store\/es\/wp-json\/wp\/v2\/media\/60975"}],"wp:attachment":[{"href":"https:\/\/mouldking.store\/es\/wp-json\/wp\/v2\/media?parent=60976"}],"wp:term":[{"taxonomy":"product_cat","embeddable":true,"href":"https:\/\/mouldking.store\/es\/wp-json\/wp\/v2\/product_cat?post=60976"},{"taxonomy":"product_tag","embeddable":true,"href":"https:\/\/mouldking.store\/es\/wp-json\/wp\/v2\/product_tag?post=60976"}],"curies":[{"name":"wp","href":"https:\/\/api.w.org\/{rel}","templated":true}]}}