{"id":60989,"date":"2024-08-29T18:33:24","date_gmt":"2024-08-29T11:33:24","guid":{"rendered":"https:\/\/mouldking.store\/shop\/create-with-passion-212229-thunder-gods-hammer-with-832-pieces\/"},"modified":"2024-08-29T18:33:38","modified_gmt":"2024-08-29T11:33:38","slug":"create-with-passion-212229-thunder-gods-hammer-with-832-pieces","status":"publish","type":"product","link":"https:\/\/mouldking.store\/es\/shop\/create-with-passion-212229-thunder-gods-hammer-with-832-pieces\/","title":{"rendered":"CREATE WITH PASSION 212229 Thunder God&#8217;s Hammer with 832 Pieces"},"content":{"rendered":"<div>\u2705CREATE WITH PASSION 212229 Thunder God&#8217;s Hammer<\/p>\n<p>\u2705The <strong>Thunder God&#8217;s Hammer<\/strong> is a concept that can refer to a variety of things, ranging from mythology to modern culture. Most notably, it is associated with <strong>Mj\u00f6lnir<\/strong>, the legendary hammer wielded by <strong>Thor<\/strong>, the Norse god of thunder, storms, and strength. Mj\u00f6lnir is one of the most iconic weapons in mythology and popular culture, symbolizing power, protection, and the divine authority of the gods.<\/div>\n<div>\ud83d\udeab \u00a1IMPORTANTE!<\/p>\n<p>Product Name: Thunder God&#8217;s Hammer<\/p>\n<p>Categor\u00eda: Creador<\/p>\n<p>This Kit Contains: CREATE WITH PASSION 212229 <\/p>\n<p>832 pcs Good Quality Bricks<\/p>\n<p>Size: 10 x 46 x 33cm<\/p>\n<p>Instrucciones manuales<\/p>\n<p>\ud83d\udcccNaturaleza del protagonista<\/p>\n<p>Introducing our proud collection named \u201cThunder God&#8217;s Hammer\u201d you should not miss.<\/p>\n<p><strong>Thunder God&#8217;s Hammer<\/strong>, particularly in the form of Mj\u00f6lnir, is a rich symbol deeply rooted in mythology, culture, and modern storytelling, representing both divine authority and the timeless battle between order and chaos.&nbsp;<\/div>","protected":false},"excerpt":{"rendered":"<p>Brand: CREATE WITH PASSION<br \/>\nG\u00e9nero: Unisex<br \/>\nRango de edad: &gt; 6 a\u00f1os<br \/>\nModel Number: 212229<br \/>\nClasificaci\u00f3n: Ensamblaje<br \/>\nForma de bloque de pl\u00e1stico: Ladrillos autoblocantes<br \/>\nMaterial: Pl\u00e1stico<br \/>\nTipo de pl\u00e1stico: ABS<br \/>\nBricks Blocks: 832 +<br \/>\nSin caja original<br \/>\nEl producto no incluye PEGATINA ni Piezas IMPRESAS. Todas las piezas impresas se reemplazar\u00e1n por piezas est\u00e1ndar y no se incluir\u00e1n en los accesorios de terceros.<\/p>","protected":false},"featured_media":60988,"comment_status":"open","ping_status":"closed","template":"","meta":{"_acf_changed":false},"product_cat":[1365,11927,371],"product_tag":[11072,8452,9016,12444,12213],"class_list":["product","first","instock","shipping-taxable","purchasable","product-type-simple"],"acf":[],"_links":{"self":[{"href":"https:\/\/mouldking.store\/es\/wp-json\/wp\/v2\/product\/60989","targetHints":{"allow":["GET"]}}],"collection":[{"href":"https:\/\/mouldking.store\/es\/wp-json\/wp\/v2\/product"}],"about":[{"href":"https:\/\/mouldking.store\/es\/wp-json\/wp\/v2\/types\/product"}],"replies":[{"embeddable":true,"href":"https:\/\/mouldking.store\/es\/wp-json\/wp\/v2\/comments?post=60989"}],"wp:featuredmedia":[{"embeddable":true,"href":"https:\/\/mouldking.store\/es\/wp-json\/wp\/v2\/media\/60988"}],"wp:attachment":[{"href":"https:\/\/mouldking.store\/es\/wp-json\/wp\/v2\/media?parent=60989"}],"wp:term":[{"taxonomy":"product_cat","embeddable":true,"href":"https:\/\/mouldking.store\/es\/wp-json\/wp\/v2\/product_cat?post=60989"},{"taxonomy":"product_tag","embeddable":true,"href":"https:\/\/mouldking.store\/es\/wp-json\/wp\/v2\/product_tag?post=60989"}],"curies":[{"name":"wp","href":"https:\/\/api.w.org\/{rel}","templated":true}]}}