{"id":61153,"date":"2024-10-03T17:43:35","date_gmt":"2024-10-03T10:43:35","guid":{"rendered":"https:\/\/mouldking.store\/shop\/moc-factory-89095-childs-play-chucky-with-494-pieces\/"},"modified":"2025-12-16T20:59:01","modified_gmt":"2025-12-16T13:59:01","slug":"moc-factory-89095-childs-play-chucky-with-494-pieces","status":"publish","type":"product","link":"https:\/\/mouldking.store\/es\/shop\/moc-factory-89095-childs-play-chucky-with-494-pieces\/","title":{"rendered":"MOC Factory 89095 Child&#8217;s Play &#8211; Chucky with 494 Pieces"},"content":{"rendered":"<div>\u2705 MOC-89095 Child&#8217;s Play &#8211; Chucky<\/p>\n<p>\u2705<strong>Chucky<\/strong> is the notorious killer doll from the <em>&#8220;Child&#8217;s Play&#8221;<\/em> horror movie franchise. First introduced in the 1988 film <em>&#8220;Child&#8217;s Play,&#8221;<\/em> Chucky quickly became a horror icon due to his terrifying blend of humor, relentless evil, and his ability to create chaos. The character has been featured in numerous sequels, a reboot, and a TV series.&nbsp;<\/p>\n<p>\ud83d\udeab \u00a1IMPORTANTE!<\/p>\n<p>Product Name: Child&#8217;s Play &#8211; Chucky<\/p>\n<p>Categor\u00eda: Pel\u00edcula<\/p>\n<p>This Kit Contains: F-C9922<\/p>\n<p>494&nbsp; pcs Good Quality Bricks<\/p>\n<p>Size: Weight: 0.45 kg<\/p>\n<p>Instrucciones en PDF<\/p>\n<p>\ud83d\udcccNaturaleza del protagonista<\/p>\n<p>Introducing our proud collection named \u201cChild&#8217;s Play &#8211; Chucky\u201d you should not miss.<\/p>\n<p>Chucky has become a staple of horror pop culture, often referenced and parodied in various media. The character&#8217;s mix of dark humor and horror has made him both a frightening and oddly charismatic figure in the genre.&nbsp;<\/p><\/div>","protected":false},"excerpt":{"rendered":"<p>Marca: MOC Factory<br \/>\nG\u00e9nero: Unisex<br \/>\nRango de edad: &gt; 6 a\u00f1os<br \/>\nModel Number: 89095<br \/>\nClasificaci\u00f3n: Ensamblaje<br \/>\nForma de bloque de pl\u00e1stico: Ladrillos autoblocantes<br \/>\nMaterial: Pl\u00e1stico<br \/>\nTipo de pl\u00e1stico: ABS<br \/>\nBricks Blocks: 494 +<br \/>\nSin caja original<br \/>\nEl producto no incluye PEGATINA ni Piezas IMPRESAS. Todas las piezas impresas se reemplazar\u00e1n por piezas est\u00e1ndar y no se incluir\u00e1n en los accesorios de terceros.<\/p>","protected":false},"featured_media":61152,"comment_status":"open","ping_status":"closed","template":"","meta":{"_acf_changed":false},"product_cat":[1365,371,581,1408],"product_tag":[13610,12373,11072,8452,13334,434],"class_list":["product","first","instock","shipping-taxable","purchasable","product-type-simple"],"acf":[],"_links":{"self":[{"href":"https:\/\/mouldking.store\/es\/wp-json\/wp\/v2\/product\/61153","targetHints":{"allow":["GET"]}}],"collection":[{"href":"https:\/\/mouldking.store\/es\/wp-json\/wp\/v2\/product"}],"about":[{"href":"https:\/\/mouldking.store\/es\/wp-json\/wp\/v2\/types\/product"}],"replies":[{"embeddable":true,"href":"https:\/\/mouldking.store\/es\/wp-json\/wp\/v2\/comments?post=61153"}],"wp:featuredmedia":[{"embeddable":true,"href":"https:\/\/mouldking.store\/es\/wp-json\/wp\/v2\/media\/61152"}],"wp:attachment":[{"href":"https:\/\/mouldking.store\/es\/wp-json\/wp\/v2\/media?parent=61153"}],"wp:term":[{"taxonomy":"product_cat","embeddable":true,"href":"https:\/\/mouldking.store\/es\/wp-json\/wp\/v2\/product_cat?post=61153"},{"taxonomy":"product_tag","embeddable":true,"href":"https:\/\/mouldking.store\/es\/wp-json\/wp\/v2\/product_tag?post=61153"}],"curies":[{"name":"wp","href":"https:\/\/api.w.org\/{rel}","templated":true}]}}