{"id":61174,"date":"2024-10-03T17:44:19","date_gmt":"2024-10-03T10:44:19","guid":{"rendered":"https:\/\/mouldking.store\/shop\/moc-factory-89093-moana-heihei-with-266-pieces\/"},"modified":"2025-12-16T20:59:01","modified_gmt":"2025-12-16T13:59:01","slug":"moc-factory-89093-moana-heihei-with-266-pieces","status":"publish","type":"product","link":"https:\/\/mouldking.store\/es\/shop\/moc-factory-89093-moana-heihei-with-266-pieces\/","title":{"rendered":"MOC Factory 89093 Moana Heihei with 266 Pieces"},"content":{"rendered":"<div>\u2705 MOC-89093 Moana Heihei<\/p>\n<p>\u2705<strong>Heihei<\/strong> is a quirky and memorable character from Disney&#8217;s animated movie <em>&#8220;Moana.&#8221;<\/em> He is a small, eccentric rooster that accompanies Moana on her journey across the ocean. Despite being somewhat clueless and causing trouble throughout the adventure, Heihei provides comic relief and has become a fan favorite.<\/p>\n<p>\ud83d\udeab \u00a1IMPORTANTE!<\/p>\n<p>Product Name: Moana Heihei<\/p>\n<p>Categor\u00eda: Pel\u00edcula<\/p>\n<p>This Kit Contains: C10048Y01<\/p>\n<p>266 pcs Good Quality Bricks<\/p>\n<p>Size: 6.8 x 19 x 23 cm<\/p>\n<p>Weight: 0.16 kg<\/p>\n<p>Instrucciones en PDF<\/p>\n<p>\ud83d\udcccNaturaleza del protagonista<\/p>\n<p>Introducing our proud collection named \u201cMoana Heihei\u201d you should not miss.<\/p>\n<p>Heihei is a small, slender rooster with a somewhat scrawny and unkempt appearance. His body is primarily covered in <strong>bright red, orange, and yellow feathers<\/strong>. His feathers are scruffy and uneven, adding to his comical and bewildered look. &nbsp; Heihei&#8217;s head is his most distinctive feature. It is covered in <strong>red feathers<\/strong>, with a single feather standing straight up on top like a tuft. His <strong>comb<\/strong> (the fleshy crest on top of his head) is a darker shade of red, and he has a thin neck that often seems to bend or twist at odd angles.&nbsp;<\/div>","protected":false},"excerpt":{"rendered":"<p>Marca: MOC Factory<br \/>\nG\u00e9nero: Unisex<br \/>\nRango de edad: &gt; 6 a\u00f1os<br \/>\nModel Number: 89093<br \/>\nClasificaci\u00f3n: Ensamblaje<br \/>\nForma de bloque de pl\u00e1stico: Ladrillos autoblocantes<br \/>\nMaterial: Pl\u00e1stico<br \/>\nTipo de pl\u00e1stico: ABS<br \/>\nBricks Blocks: 266 +<br \/>\nSin caja original<br \/>\nEl producto no incluye PEGATINA ni Piezas IMPRESAS. Todas las piezas impresas se reemplazar\u00e1n por piezas est\u00e1ndar y no se incluir\u00e1n en los accesorios de terceros.<\/p>","protected":false},"featured_media":61173,"comment_status":"open","ping_status":"closed","template":"","meta":{"_acf_changed":false},"product_cat":[1365,371,581,1408],"product_tag":[11085,2384,11072,8452,1548,13613,13612,434,13614],"class_list":["product","first","instock","shipping-taxable","purchasable","product-type-simple"],"acf":[],"_links":{"self":[{"href":"https:\/\/mouldking.store\/es\/wp-json\/wp\/v2\/product\/61174","targetHints":{"allow":["GET"]}}],"collection":[{"href":"https:\/\/mouldking.store\/es\/wp-json\/wp\/v2\/product"}],"about":[{"href":"https:\/\/mouldking.store\/es\/wp-json\/wp\/v2\/types\/product"}],"replies":[{"embeddable":true,"href":"https:\/\/mouldking.store\/es\/wp-json\/wp\/v2\/comments?post=61174"}],"wp:featuredmedia":[{"embeddable":true,"href":"https:\/\/mouldking.store\/es\/wp-json\/wp\/v2\/media\/61173"}],"wp:attachment":[{"href":"https:\/\/mouldking.store\/es\/wp-json\/wp\/v2\/media?parent=61174"}],"wp:term":[{"taxonomy":"product_cat","embeddable":true,"href":"https:\/\/mouldking.store\/es\/wp-json\/wp\/v2\/product_cat?post=61174"},{"taxonomy":"product_tag","embeddable":true,"href":"https:\/\/mouldking.store\/es\/wp-json\/wp\/v2\/product_tag?post=61174"}],"curies":[{"name":"wp","href":"https:\/\/api.w.org\/{rel}","templated":true}]}}