{"id":61180,"date":"2024-10-03T17:44:26","date_gmt":"2024-10-03T10:44:26","guid":{"rendered":"https:\/\/mouldking.store\/shop\/moc-factory-89092-avatar-amp-suit-quaritch-with-600-pieces\/"},"modified":"2025-12-16T20:59:01","modified_gmt":"2025-12-16T13:59:01","slug":"moc-factory-89092-avatar-amp-suit-quaritch-with-600-pieces","status":"publish","type":"product","link":"https:\/\/mouldking.store\/es\/shop\/moc-factory-89092-avatar-amp-suit-quaritch-with-600-pieces\/","title":{"rendered":"MOC Factory 89092 Avatar AMP Suit Quaritch with 600 Pieces"},"content":{"rendered":"<div>\u2705 MOC-89092 Avatar AMP Suit Quaritch<\/p>\n<p>\u2705 En <em>Avatar<\/em> (2009) and its sequels, the <strong>AMP Suit<\/strong> (Amplified Mobility Platform) is a powerful exoskeleton used by the human forces of the RDA (Resources Development Administration) on Pandora. Colonel <strong>Miles Quaritch<\/strong>, the main antagonist in the original film, famously pilots an AMP Suit in the climactic battle against Jake Sully and the Na\u2019vi.&nbsp;<\/p>\n<p>\ud83d\udeab \u00a1IMPORTANTE!<\/p>\n<p>Product Name: Avatar AMP Suit Quaritch<\/p>\n<p>Categor\u00eda: Pel\u00edcula<\/p>\n<p>This Kit Contains: C10056<\/p>\n<p>600 pcs Good Quality Bricks<\/p>\n<p>Size:&nbsp; 16.5 x 16.5 x 22.2 cm<\/p>\n<p>Peso: 0,3 kg<\/p>\n<p>Instrucciones en PDF<\/p>\n<p>\ud83d\udcccNaturaleza del protagonista<\/p>\n<p>Introducing our proud collection named \u201cAvatar AMP Suit Quaritch\u201d you should not miss.<\/p>\n<p>The AMP Suit is a large, human-operated exoskeleton designed for combat, heavy lifting, and various field operations on Pandora. It gives the wearer enhanced strength, mobility, and firepower, making it a formidable tool in the RDA\u2019s arsenal.&nbsp;<\/p><\/div>","protected":false},"excerpt":{"rendered":"<p>Marca: MOC Factory<br \/>\nG\u00e9nero: Unisex<br \/>\nRango de edad: &gt; 6 a\u00f1os<br \/>\nModel Number: 89092<br \/>\nClasificaci\u00f3n: Ensamblaje<br \/>\nForma de bloque de pl\u00e1stico: Ladrillos autoblocantes<br \/>\nMaterial: Pl\u00e1stico<br \/>\nTipo de pl\u00e1stico: ABS<br \/>\nBricks Blocks: 600 +<br \/>\nSin caja original<br \/>\nEl producto no incluye PEGATINA ni Piezas IMPRESAS. Todas las piezas impresas se reemplazar\u00e1n por piezas est\u00e1ndar y no se incluir\u00e1n en los accesorios de terceros.<\/p>","protected":false},"featured_media":61179,"comment_status":"open","ping_status":"closed","template":"","meta":{"_acf_changed":false},"product_cat":[1365,371,581,1408],"product_tag":[13615,2913,11072,8452,434,13616,8564],"class_list":["product","first","instock","shipping-taxable","purchasable","product-type-simple"],"acf":[],"_links":{"self":[{"href":"https:\/\/mouldking.store\/es\/wp-json\/wp\/v2\/product\/61180","targetHints":{"allow":["GET"]}}],"collection":[{"href":"https:\/\/mouldking.store\/es\/wp-json\/wp\/v2\/product"}],"about":[{"href":"https:\/\/mouldking.store\/es\/wp-json\/wp\/v2\/types\/product"}],"replies":[{"embeddable":true,"href":"https:\/\/mouldking.store\/es\/wp-json\/wp\/v2\/comments?post=61180"}],"wp:featuredmedia":[{"embeddable":true,"href":"https:\/\/mouldking.store\/es\/wp-json\/wp\/v2\/media\/61179"}],"wp:attachment":[{"href":"https:\/\/mouldking.store\/es\/wp-json\/wp\/v2\/media?parent=61180"}],"wp:term":[{"taxonomy":"product_cat","embeddable":true,"href":"https:\/\/mouldking.store\/es\/wp-json\/wp\/v2\/product_cat?post=61180"},{"taxonomy":"product_tag","embeddable":true,"href":"https:\/\/mouldking.store\/es\/wp-json\/wp\/v2\/product_tag?post=61180"}],"curies":[{"name":"wp","href":"https:\/\/api.w.org\/{rel}","templated":true}]}}