{"id":61194,"date":"2024-10-03T17:44:58","date_gmt":"2024-10-03T10:44:58","guid":{"rendered":"https:\/\/mouldking.store\/shop\/moc-factory-89091-fallout-winterized-t-51b-power-armor-with-1289-pieces\/"},"modified":"2025-12-16T20:59:01","modified_gmt":"2025-12-16T13:59:01","slug":"moc-factory-89091-fallout-winterized-t-51b-power-armor-with-1289-pieces","status":"publish","type":"product","link":"https:\/\/mouldking.store\/es\/shop\/moc-factory-89091-fallout-winterized-t-51b-power-armor-with-1289-pieces\/","title":{"rendered":"MOC Factory 89091 Fallout Winterized T-51b Power Armor with 1289 Pieces"},"content":{"rendered":"<div>\u2705 MOC-89091 Fallout Winterized T-51b Power Armor<\/p>\n<p>\u2705 The <strong>Winterized T-51b Power Armor<\/strong> is a distinctive variant of the T-51b power armor featured in the <em>Fallout<\/em> series. It is primarily associated with <em>Fallout 3<\/em>, where it is found in the game&#8217;s &#8220;Operation: Anchorage&#8221; DLC. This variant of the T-51b power armor is known for its unique appearance and special attributes tailored for cold environments.&nbsp;<\/p>\n<p>\ud83d\udeab \u00a1IMPORTANTE!<\/p>\n<p>Product Name: Fallout Winterized T-51b Power Armor<\/p>\n<p>Categor\u00eda: Pel\u00edcula<\/p>\n<p>This Kit Contains: C10057<\/p>\n<p>1289 pcs Good Quality Bricks<\/p>\n<p>Size: 20 x 16.3 x 30 cm<\/p>\n<p>Weight: 0.86 kg<\/p>\n<p>Instrucciones en PDF<\/p>\n<p>\ud83d\udcccNaturaleza del protagonista<\/p>\n<p>Introducing our proud collection named \u201cFallout Winterized T-51b Power Armor\u201d you should not miss.<\/p>\n<p>The Winterized T-51b Power Armor is a fan-favorite due to its unique appearance and thematic relevance. It stands out from other T-51b variants with its special winterized design and is appreciated for its aesthetic and functional advantages in the game.&nbsp;<\/p><\/div>","protected":false},"excerpt":{"rendered":"<p>Marca: MOC Factory<br \/>\nG\u00e9nero: Unisex<br \/>\nRango de edad: &gt; 6 a\u00f1os<br \/>\nModel Number: 89091<br \/>\nClasificaci\u00f3n: Ensamblaje<br \/>\nForma de bloque de pl\u00e1stico: Ladrillos autoblocantes<br \/>\nMaterial: Pl\u00e1stico<br \/>\nTipo de pl\u00e1stico: ABS<br \/>\nBricks Blocks: 1289 +<br \/>\nSin caja original<br \/>\nEl producto no incluye PEGATINA ni Piezas IMPRESAS. Todas las piezas impresas se reemplazar\u00e1n por piezas est\u00e1ndar y no se incluir\u00e1n en los accesorios de terceros.<\/p>","protected":false},"featured_media":61193,"comment_status":"open","ping_status":"closed","template":"","meta":{"_acf_changed":false},"product_cat":[1365,371,581,1408],"product_tag":[11148,11072,8452,434,7978,590,13618,13617],"class_list":["product","first","instock","shipping-taxable","purchasable","product-type-simple"],"acf":[],"_links":{"self":[{"href":"https:\/\/mouldking.store\/es\/wp-json\/wp\/v2\/product\/61194","targetHints":{"allow":["GET"]}}],"collection":[{"href":"https:\/\/mouldking.store\/es\/wp-json\/wp\/v2\/product"}],"about":[{"href":"https:\/\/mouldking.store\/es\/wp-json\/wp\/v2\/types\/product"}],"replies":[{"embeddable":true,"href":"https:\/\/mouldking.store\/es\/wp-json\/wp\/v2\/comments?post=61194"}],"wp:featuredmedia":[{"embeddable":true,"href":"https:\/\/mouldking.store\/es\/wp-json\/wp\/v2\/media\/61193"}],"wp:attachment":[{"href":"https:\/\/mouldking.store\/es\/wp-json\/wp\/v2\/media?parent=61194"}],"wp:term":[{"taxonomy":"product_cat","embeddable":true,"href":"https:\/\/mouldking.store\/es\/wp-json\/wp\/v2\/product_cat?post=61194"},{"taxonomy":"product_tag","embeddable":true,"href":"https:\/\/mouldking.store\/es\/wp-json\/wp\/v2\/product_tag?post=61194"}],"curies":[{"name":"wp","href":"https:\/\/api.w.org\/{rel}","templated":true}]}}