{"id":61214,"date":"2024-10-03T17:45:26","date_gmt":"2024-10-03T10:45:26","guid":{"rendered":"https:\/\/mouldking.store\/shop\/moc-factory-89089-hazbin-hotel-angel-dust-with-539-pieces\/"},"modified":"2025-12-16T20:59:01","modified_gmt":"2025-12-16T13:59:01","slug":"moc-factory-89089-hazbin-hotel-angel-dust-with-539-pieces","status":"publish","type":"product","link":"https:\/\/mouldking.store\/es\/shop\/moc-factory-89089-hazbin-hotel-angel-dust-with-539-pieces\/","title":{"rendered":"MOC Factory 89089 Hazbin Hotel Angel Dust with 539 Pieces"},"content":{"rendered":"<div>\u2705 MOC-89089 Hazbin Hotel Angel Dust<\/p>\n<p>\u2705<strong>Angel Dust<\/strong> is a prominent character in <em>Hazbin Hotel<\/em>, created by Vivienne Medrano. He is one of the key residents of the hotel and has a distinct personality and design that make him stand out in the series.<\/p>\n<p>\ud83d\udeab \u00a1IMPORTANTE!<\/p>\n<p>Product Name: Hazbin Hotel Angel Dust<\/p>\n<p>Categor\u00eda: Pel\u00edcula<\/p>\n<p>This Kit Contains: C10059Y03<\/p>\n<p>539&nbsp; pcs Good Quality Bricks<\/p>\n<p>Size: 22.9 x 9.6 x 37.3 cm<\/p>\n<p>Peso: 0,37 kg<\/p>\n<p>Instrucciones en PDF<\/p>\n<p>\ud83d\udcccNaturaleza del protagonista<\/p>\n<p>Introducing our proud collection named \u201cHazbin Hotel Angel Dust\u201d you should not miss.<\/p>\n<p>Angel Dust has a <strong>sultry and somewhat mischievous expression<\/strong>. His face is marked by a pair of <strong>large, expressive eyes<\/strong> that are usually red with dark sclerae, emphasizing his demonic nature.&nbsp; His eyes are often depicted as glowing with a bright red color, enhancing his seductive and sinister appearance. Angel Dust\u2019s mouth is typically shown with a wide, inviting smile that can turn into a smirk or sneer, reflecting his flirtatious and self-serving personality.<\/div>","protected":false},"excerpt":{"rendered":"<p>Marca: MOC Factory<br \/>\nG\u00e9nero: Unisex<br \/>\nRango de edad: &gt; 6 a\u00f1os<br \/>\nModel Number: 89089<br \/>\nClasificaci\u00f3n: Ensamblaje<br \/>\nForma de bloque de pl\u00e1stico: Ladrillos autoblocantes<br \/>\nMaterial: Pl\u00e1stico<br \/>\nTipo de pl\u00e1stico: ABS<br \/>\nBricks Blocks: 539 +<br \/>\nSin caja original<br \/>\nEl producto no incluye PEGATINA ni Piezas IMPRESAS. Todas las piezas impresas se reemplazar\u00e1n por piezas est\u00e1ndar y no se incluir\u00e1n en los accesorios de terceros.<\/p>","protected":false},"featured_media":61213,"comment_status":"open","ping_status":"closed","template":"","meta":{"_acf_changed":false},"product_cat":[1365,371,581,1408],"product_tag":[12658,11072,8452,13619,10633,434],"class_list":["product","first","instock","shipping-taxable","purchasable","product-type-simple"],"acf":[],"_links":{"self":[{"href":"https:\/\/mouldking.store\/es\/wp-json\/wp\/v2\/product\/61214","targetHints":{"allow":["GET"]}}],"collection":[{"href":"https:\/\/mouldking.store\/es\/wp-json\/wp\/v2\/product"}],"about":[{"href":"https:\/\/mouldking.store\/es\/wp-json\/wp\/v2\/types\/product"}],"replies":[{"embeddable":true,"href":"https:\/\/mouldking.store\/es\/wp-json\/wp\/v2\/comments?post=61214"}],"wp:featuredmedia":[{"embeddable":true,"href":"https:\/\/mouldking.store\/es\/wp-json\/wp\/v2\/media\/61213"}],"wp:attachment":[{"href":"https:\/\/mouldking.store\/es\/wp-json\/wp\/v2\/media?parent=61214"}],"wp:term":[{"taxonomy":"product_cat","embeddable":true,"href":"https:\/\/mouldking.store\/es\/wp-json\/wp\/v2\/product_cat?post=61214"},{"taxonomy":"product_tag","embeddable":true,"href":"https:\/\/mouldking.store\/es\/wp-json\/wp\/v2\/product_tag?post=61214"}],"curies":[{"name":"wp","href":"https:\/\/api.w.org\/{rel}","templated":true}]}}