{"id":61233,"date":"2024-10-04T17:52:57","date_gmt":"2024-10-04T10:52:57","guid":{"rendered":"https:\/\/mouldking.store\/shop\/dumeca-d1003-christmas-gift-with-538-pieces\/"},"modified":"2024-10-04T17:53:02","modified_gmt":"2024-10-04T10:53:02","slug":"dumeca-d1003-christmas-gift-with-538-pieces","status":"publish","type":"product","link":"https:\/\/mouldking.store\/es\/shop\/dumeca-d1003-christmas-gift-with-538-pieces\/","title":{"rendered":"Dumeca D1003 Christmas Gift with 538 Pieces"},"content":{"rendered":"<div>\u2705Dumeca D1003 Christmas Gift<\/p>\n<p>\ud83d\udeab \u00a1IMPORTANTE!<\/p>\n<p>Product Name: Christmas Gift<\/p>\n<p>Categor\u00eda: Creador<\/p>\n<p>This Kit Contains: Dumeca D1003<\/p>\n<p>538 pcs Good Quality Bricks<\/p>\n<p>Instrucciones manuales<\/p>\n<p>\ud83d\udcccNaturaleza del protagonista<\/p>\n<p>Introducing our proud collection named \u201cChristmas Gift\u201d you should not miss.<\/p>\n<p>&nbsp;A Christmas gift is a thoughtful token exchanged during the holiday season, symbolizing love, appreciation, and the spirit of giving. Wrapped in festive paper, the gift is often adorned with ribbons, bows, or tags with the recipient&#8217;s name, creating an exciting anticipation for the person receiving it.&nbsp;<\/p><\/div>","protected":false},"excerpt":{"rendered":"<p>Brand: Dumeca<br \/>\nG\u00e9nero: Unisex<br \/>\nRango de edad: &gt; 6 a\u00f1os<br \/>\nModel Number: D1003<br \/>\nClasificaci\u00f3n: Ensamblaje<br \/>\nForma de bloque de pl\u00e1stico: Ladrillos autoblocantes<br \/>\nMaterial: Pl\u00e1stico<br \/>\nTipo de pl\u00e1stico: ABS<br \/>\nBricks Blocks: 538 +<br \/>\nSin caja original<br \/>\nEl producto no incluye PEGATINA ni Piezas IMPRESAS. Todas las piezas impresas se reemplazar\u00e1n por piezas est\u00e1ndar y no se incluir\u00e1n en los accesorios de terceros.<\/p>","protected":false},"featured_media":61232,"comment_status":"open","ping_status":"closed","template":"","meta":{"_acf_changed":false},"product_cat":[1365,371],"product_tag":[1066,13621,11072,8452,4948],"class_list":["product","first","instock","shipping-taxable","purchasable","product-type-simple"],"acf":[],"_links":{"self":[{"href":"https:\/\/mouldking.store\/es\/wp-json\/wp\/v2\/product\/61233","targetHints":{"allow":["GET"]}}],"collection":[{"href":"https:\/\/mouldking.store\/es\/wp-json\/wp\/v2\/product"}],"about":[{"href":"https:\/\/mouldking.store\/es\/wp-json\/wp\/v2\/types\/product"}],"replies":[{"embeddable":true,"href":"https:\/\/mouldking.store\/es\/wp-json\/wp\/v2\/comments?post=61233"}],"wp:featuredmedia":[{"embeddable":true,"href":"https:\/\/mouldking.store\/es\/wp-json\/wp\/v2\/media\/61232"}],"wp:attachment":[{"href":"https:\/\/mouldking.store\/es\/wp-json\/wp\/v2\/media?parent=61233"}],"wp:term":[{"taxonomy":"product_cat","embeddable":true,"href":"https:\/\/mouldking.store\/es\/wp-json\/wp\/v2\/product_cat?post=61233"},{"taxonomy":"product_tag","embeddable":true,"href":"https:\/\/mouldking.store\/es\/wp-json\/wp\/v2\/product_tag?post=61233"}],"curies":[{"name":"wp","href":"https:\/\/api.w.org\/{rel}","templated":true}]}}