{"id":61324,"date":"2024-10-09T18:36:44","date_gmt":"2024-10-09T11:36:44","guid":{"rendered":"https:\/\/mouldking.store\/shop\/mould-king-10116-myoora-lamborghini-with-1607-pieces\/"},"modified":"2024-10-09T18:36:51","modified_gmt":"2024-10-09T11:36:51","slug":"mould-king-10116-myoora-lamborghini-with-1607-pieces","status":"publish","type":"product","link":"https:\/\/mouldking.store\/es\/shop\/mould-king-10116-myoora-lamborghini-with-1607-pieces\/","title":{"rendered":"MOULD KING 10116 MYOORA Lamborghini with 1607 Pieces"},"content":{"rendered":"<div>\u2705MouldKing 10116 MYOORA Lamborghini<\/p>\n<p>\u2705 The <strong>MyOora Lamborghini<\/strong> is a model that is part of the MyOora series, which offers customizable and programmable cars that are designed for enthusiasts, collectors, and hobbyists.<\/p>\n<p>\ud83d\udeab \u00a1IMPORTANTE!<\/p>\n<p>Product Name: MYOORA Lamborghini<\/p>\n<p>Categor\u00eda: T\u00e9cnica<\/p>\n<p>This Kit Contains: MouldKing 10116<\/p>\n<p>1607 pcs Good Quality Bricks<\/p>\n<p>Size:&nbsp; 32.6 \u00d7 14.8 \u00d7 9.6 cm<\/p>\n<p>Instrucciones manuales<\/p>\n<p>\ud83d\udcccNaturaleza del protagonista<\/p>\n<p>Introducing our proud collection named \u201cMYOORA Lamborghini\u201d you should not miss.<\/p>\n<p>The <strong>MyOora Lamborghini<\/strong> represents a fusion of automotive design and interactive technology, catering to those who admire the luxury and performance of Lamborghini vehicles. With its customizable features and engaging performance, it appeals to both collectors and hobbyists looking for a unique automotive experience.&nbsp;<\/div>","protected":false},"excerpt":{"rendered":"<p>Marca: MOLD KING<br \/>\nG\u00e9nero: Unisex<br \/>\nRango de edad: &gt; 14 a\u00f1os<br \/>\nModel Number: 10116<br \/>\nClasificaci\u00f3n: Ensamblaje<br \/>\nForma de bloque de pl\u00e1stico: Ladrillos autoblocantes<br \/>\nMaterial: Pl\u00e1stico<br \/>\nTipo de pl\u00e1stico: ABS<br \/>\nBricks Blocks: 1607 +<br \/>\nSin caja original<br \/>\nEl producto no incluye PEGATINA ni Piezas IMPRESAS. Todas las piezas impresas se reemplazar\u00e1n por piezas est\u00e1ndar y no se incluir\u00e1n en los accesorios de terceros.<\/p>","protected":false},"featured_media":61323,"comment_status":"open","ping_status":"closed","template":"","meta":{"_acf_changed":false},"product_cat":[1360,1357,371,372,390,581,6016,415,364,1875],"product_tag":[457,596,366,13629,389,11080],"class_list":["product","first","instock","shipping-taxable","purchasable","product-type-simple"],"acf":[],"_links":{"self":[{"href":"https:\/\/mouldking.store\/es\/wp-json\/wp\/v2\/product\/61324","targetHints":{"allow":["GET"]}}],"collection":[{"href":"https:\/\/mouldking.store\/es\/wp-json\/wp\/v2\/product"}],"about":[{"href":"https:\/\/mouldking.store\/es\/wp-json\/wp\/v2\/types\/product"}],"replies":[{"embeddable":true,"href":"https:\/\/mouldking.store\/es\/wp-json\/wp\/v2\/comments?post=61324"}],"wp:featuredmedia":[{"embeddable":true,"href":"https:\/\/mouldking.store\/es\/wp-json\/wp\/v2\/media\/61323"}],"wp:attachment":[{"href":"https:\/\/mouldking.store\/es\/wp-json\/wp\/v2\/media?parent=61324"}],"wp:term":[{"taxonomy":"product_cat","embeddable":true,"href":"https:\/\/mouldking.store\/es\/wp-json\/wp\/v2\/product_cat?post=61324"},{"taxonomy":"product_tag","embeddable":true,"href":"https:\/\/mouldking.store\/es\/wp-json\/wp\/v2\/product_tag?post=61324"}],"curies":[{"name":"wp","href":"https:\/\/api.w.org\/{rel}","templated":true}]}}