{"id":61405,"date":"2024-10-17T18:15:30","date_gmt":"2024-10-17T11:15:30","guid":{"rendered":"https:\/\/mouldking.store\/shop\/quanguan-100276-t34-76-medium-tank-with-943-pieces\/"},"modified":"2024-10-17T18:15:42","modified_gmt":"2024-10-17T11:15:42","slug":"quanguan-100276-t34-76-medium-tank-with-943-pieces","status":"publish","type":"product","link":"https:\/\/mouldking.store\/es\/shop\/quanguan-100276-t34-76-medium-tank-with-943-pieces\/","title":{"rendered":"QUANGUAN 100276 T34\/76 Medium Tank with 943 Pieces"},"content":{"rendered":"<div>\u2705Quan Guan 100276 T34\/76 Medium Tank<\/p>\n<p>\u2705 The T-34\/76 is one of the most famous and significant tanks of World War II, known for its innovative design, effectiveness on the battlefield, and role in the Soviet Union&#8217;s armored forces.&nbsp;<\/p>\n<p>\ud83d\udeab \u00a1IMPORTANTE!<\/p>\n<p>Product Name: T34\/76 Medium Tank<\/p>\n<p>Categor\u00eda: Militar<\/p>\n<p>This Kit Contains: Quan Guan 100276<\/p>\n<p>943 pcs Good Quality Bricks<\/p>\n<p>Size: 22 \u00d7 11.3 \u00d7 9.4 cm<\/p>\n<p>Instrucciones manuales<\/p>\n<p>\ud83d\udcccNaturaleza del protagonista<\/p>\n<p>Introducing our proud collection named \u201cT34\/76 Medium Tank\u201d you should not miss.<\/p>\n<p>&nbsp;The T-34\/76&#8217;s blend of firepower, mobility, and armor made it one of the most effective and respected tanks of World War II. Its legacy continues to be celebrated, and it remains a popular subject in military history and tank modeling.&nbsp;<\/p><\/div>","protected":false},"excerpt":{"rendered":"<p>Marca: QUANGUAN<br \/>\nG\u00e9nero: Unisex<br \/>\nRango de edad: &gt; 6 a\u00f1os<br \/>\nModel Number: 100276<br \/>\nClasificaci\u00f3n: Ensamblaje<br \/>\nForma de bloque de pl\u00e1stico: Ladrillos autoblocantes<br \/>\nMaterial: Pl\u00e1stico<br \/>\nTipo de pl\u00e1stico: ABS<br \/>\nBricks Blocks: 943 +<br \/>\nSin caja original<br \/>\nEl producto no incluye PEGATINA ni Piezas IMPRESAS. Todas las piezas impresas se reemplazar\u00e1n por piezas est\u00e1ndar y no se incluir\u00e1n en los accesorios de terceros.<\/p>","protected":false},"featured_media":61404,"comment_status":"open","ping_status":"closed","template":"","meta":{"_acf_changed":false},"product_cat":[1350,1357,372,364],"product_tag":[3813,374,13635,485,389],"class_list":["product","first","instock","shipping-taxable","purchasable","product-type-simple"],"acf":[],"_links":{"self":[{"href":"https:\/\/mouldking.store\/es\/wp-json\/wp\/v2\/product\/61405","targetHints":{"allow":["GET"]}}],"collection":[{"href":"https:\/\/mouldking.store\/es\/wp-json\/wp\/v2\/product"}],"about":[{"href":"https:\/\/mouldking.store\/es\/wp-json\/wp\/v2\/types\/product"}],"replies":[{"embeddable":true,"href":"https:\/\/mouldking.store\/es\/wp-json\/wp\/v2\/comments?post=61405"}],"wp:featuredmedia":[{"embeddable":true,"href":"https:\/\/mouldking.store\/es\/wp-json\/wp\/v2\/media\/61404"}],"wp:attachment":[{"href":"https:\/\/mouldking.store\/es\/wp-json\/wp\/v2\/media?parent=61405"}],"wp:term":[{"taxonomy":"product_cat","embeddable":true,"href":"https:\/\/mouldking.store\/es\/wp-json\/wp\/v2\/product_cat?post=61405"},{"taxonomy":"product_tag","embeddable":true,"href":"https:\/\/mouldking.store\/es\/wp-json\/wp\/v2\/product_tag?post=61405"}],"curies":[{"name":"wp","href":"https:\/\/api.w.org\/{rel}","templated":true}]}}