{"id":61420,"date":"2024-10-17T18:16:05","date_gmt":"2024-10-17T11:16:05","guid":{"rendered":"https:\/\/mouldking.store\/shop\/jiestar-jj9126-steampunk-airship-with-3272-pieces\/"},"modified":"2024-10-17T18:16:19","modified_gmt":"2024-10-17T11:16:19","slug":"jiestar-jj9126-steampunk-airship-with-3272-pieces","status":"publish","type":"product","link":"https:\/\/mouldking.store\/es\/shop\/jiestar-jj9126-steampunk-airship-with-3272-pieces\/","title":{"rendered":"JIESTAR JJ9126 Steampunk Airship with 3272 Pieces"},"content":{"rendered":"<div>\u2705JIE STAR JJ9126 Steampunk Airship<\/p>\n<p>\u2705 Steampunk airships are a fascinating and imaginative element of the steampunk genre, which combines Victorian aesthetics and technology with anachronistic elements.&nbsp;<\/p>\n<p>\ud83d\udeab \u00a1IMPORTANTE!<\/p>\n<p>Product Name: Steampunk Airship<\/p>\n<p>Categor\u00eda: T\u00e9cnica<\/p>\n<p>This Kit Contains: JIE STAR JJ9126<\/p>\n<p>3272 pcs Good Quality Bricks<\/p>\n<p>Size:&nbsp; 59 \u00d7 18 \u00d7 32 cm<\/p>\n<p>Instrucciones manuales<\/p>\n<p>\ud83d\udcccNaturaleza del protagonista<\/p>\n<p>Introducing our proud collection named \u201cSteampunk Airship\u201d you should not miss.<\/p>\n<p>&nbsp;Steampunk airships encapsulate the spirit of adventure, creativity, and nostalgia for a bygone era while blending science fiction elements. They invite a sense of wonder and exploration, making them a beloved aspect of steampunk culture.&nbsp;<\/p><\/div>","protected":false},"excerpt":{"rendered":"<p>Marca: JIESTAR<br \/>\nG\u00e9nero: Unisex<br \/>\nRango de edad: &gt; 14 a\u00f1os<br \/>\nModel Number: JJ9126<br \/>\nClasificaci\u00f3n: Ensamblaje<br \/>\nForma de bloque de pl\u00e1stico: Ladrillos autoblocantes<br \/>\nMaterial: Pl\u00e1stico<br \/>\nTipo de pl\u00e1stico: ABS<br \/>\nBricks Blocks: 3272 +<br \/>\nSin caja original<br \/>\nEl producto no incluye PEGATINA ni Piezas IMPRESAS. Todas las piezas impresas se reemplazar\u00e1n por piezas est\u00e1ndar y no se incluir\u00e1n en los accesorios de terceros.<\/p>","protected":false},"featured_media":61419,"comment_status":"open","ping_status":"closed","template":"","meta":{"_acf_changed":false},"product_cat":[1357,364],"product_tag":[12408,12390,389,11080],"class_list":["product","first","instock","shipping-taxable","purchasable","product-type-simple"],"acf":[],"_links":{"self":[{"href":"https:\/\/mouldking.store\/es\/wp-json\/wp\/v2\/product\/61420","targetHints":{"allow":["GET"]}}],"collection":[{"href":"https:\/\/mouldking.store\/es\/wp-json\/wp\/v2\/product"}],"about":[{"href":"https:\/\/mouldking.store\/es\/wp-json\/wp\/v2\/types\/product"}],"replies":[{"embeddable":true,"href":"https:\/\/mouldking.store\/es\/wp-json\/wp\/v2\/comments?post=61420"}],"wp:featuredmedia":[{"embeddable":true,"href":"https:\/\/mouldking.store\/es\/wp-json\/wp\/v2\/media\/61419"}],"wp:attachment":[{"href":"https:\/\/mouldking.store\/es\/wp-json\/wp\/v2\/media?parent=61420"}],"wp:term":[{"taxonomy":"product_cat","embeddable":true,"href":"https:\/\/mouldking.store\/es\/wp-json\/wp\/v2\/product_cat?post=61420"},{"taxonomy":"product_tag","embeddable":true,"href":"https:\/\/mouldking.store\/es\/wp-json\/wp\/v2\/product_tag?post=61420"}],"curies":[{"name":"wp","href":"https:\/\/api.w.org\/{rel}","templated":true}]}}