{"id":61456,"date":"2024-10-18T17:53:33","date_gmt":"2024-10-18T10:53:33","guid":{"rendered":"https:\/\/mouldking.store\/shop\/moc-factory-29126-star-wars-a-wing-with-1077-pieces\/"},"modified":"2025-12-16T20:59:00","modified_gmt":"2025-12-16T13:59:00","slug":"moc-factory-29126-star-wars-a-wing-with-1077-pieces","status":"publish","type":"product","link":"https:\/\/mouldking.store\/es\/shop\/moc-factory-29126-star-wars-a-wing-with-1077-pieces\/","title":{"rendered":"MOC Factory 29126 Star Wars A wing with 1077 Pieces"},"content":{"rendered":"<div>\u2705 MOC-29126 Star Wars A wing<\/p>\n<p>\u2705 The <strong>A-wing<\/strong> is a fast, agile starfighter in the <em>Guerra de las Galaxias<\/em> universe, used primarily by the Rebel Alliance and later by the New Republic. Its sleek design and incredible speed make it one of the most distinctive ships in the Rebel fleet.<\/p>\n<p>\ud83d\udeab \u00a1IMPORTANTE!<\/p>\n<p>Product Name: Star Wars A wing<\/p>\n<p>Categor\u00eda: Guerra de las Galaxias<\/p>\n<p>This Kit Contains: C10070<\/p>\n<p>1077 pcs Good Quality Bricks<\/p>\n<p>Size: 23 x 10 x 7 cm<\/p>\n<p>Peso: 0,58 kg<\/p>\n<p>Instrucciones en PDF<\/p>\n<p>\ud83d\udcccNaturaleza del protagonista<\/p>\n<p>Introducing our proud collection named \u201cStar Wars A wing\u201d you should not miss.<\/p>\n<p>The A-wing\u2019s main role was as an <strong>interceptor<\/strong>. It was designed to take on enemy starfighters, particularly TIE fighters, and neutralize threats quickly before they could damage larger Rebel ships or engage bombers. A-wings often flew as escorts for larger craft like the slower Y-wing bombers and were deployed in defensive roles during large space battles to clear the air of enemy fighters.&nbsp;<\/div>","protected":false},"excerpt":{"rendered":"<p>Marca: MOC Factory<br \/>\nG\u00e9nero: Unisex<br \/>\nRango de edad: &gt; 6 a\u00f1os<br \/>\nModel Number: 29126<br \/>\nClasificaci\u00f3n: Ensamblaje<br \/>\nForma de bloque de pl\u00e1stico: Ladrillos autoblocantes<br \/>\nMaterial: Pl\u00e1stico<br \/>\nTipo de pl\u00e1stico: ABS<br \/>\nBricks Blocks: 1077 +<br \/>\nSin caja original<br \/>\nEl producto no incluye PEGATINA ni Piezas IMPRESAS. Todas las piezas impresas se reemplazar\u00e1n por piezas est\u00e1ndar y no se incluir\u00e1n en los accesorios de terceros.<\/p>","protected":false},"featured_media":61455,"comment_status":"open","ping_status":"closed","template":"","meta":{"_acf_changed":false},"product_cat":[1357,6016,415,364],"product_tag":[9522,13076,13640,2276,436,389],"class_list":["product","first","instock","shipping-taxable","purchasable","product-type-simple"],"acf":[],"_links":{"self":[{"href":"https:\/\/mouldking.store\/es\/wp-json\/wp\/v2\/product\/61456","targetHints":{"allow":["GET"]}}],"collection":[{"href":"https:\/\/mouldking.store\/es\/wp-json\/wp\/v2\/product"}],"about":[{"href":"https:\/\/mouldking.store\/es\/wp-json\/wp\/v2\/types\/product"}],"replies":[{"embeddable":true,"href":"https:\/\/mouldking.store\/es\/wp-json\/wp\/v2\/comments?post=61456"}],"wp:featuredmedia":[{"embeddable":true,"href":"https:\/\/mouldking.store\/es\/wp-json\/wp\/v2\/media\/61455"}],"wp:attachment":[{"href":"https:\/\/mouldking.store\/es\/wp-json\/wp\/v2\/media?parent=61456"}],"wp:term":[{"taxonomy":"product_cat","embeddable":true,"href":"https:\/\/mouldking.store\/es\/wp-json\/wp\/v2\/product_cat?post=61456"},{"taxonomy":"product_tag","embeddable":true,"href":"https:\/\/mouldking.store\/es\/wp-json\/wp\/v2\/product_tag?post=61456"}],"curies":[{"name":"wp","href":"https:\/\/api.w.org\/{rel}","templated":true}]}}