{"id":61517,"date":"2024-10-22T18:22:13","date_gmt":"2024-10-22T11:22:13","guid":{"rendered":"https:\/\/mouldking.store\/shop\/moc-factory-89088-gorilla-tag-3-with-464-pieces\/"},"modified":"2025-12-16T20:59:00","modified_gmt":"2025-12-16T13:59:00","slug":"moc-factory-89088-gorilla-tag-3-with-464-pieces","status":"publish","type":"product","link":"https:\/\/mouldking.store\/es\/shop\/moc-factory-89088-gorilla-tag-3-with-464-pieces\/","title":{"rendered":"MOC Factory 89088 Gorilla Tag 3 with 464 Pieces"},"content":{"rendered":"<div>\u2705 MOC-89088 Gorilla Tag 3<\/p>\n<p>\u2705<em>Gorilla Tag<\/em> is a unique, multiplayer VR game where players embody gorillas and move through the game world by swinging their arms, much like real gorillas. The game\u2019s mechanics are purely based on physical movement\u2014there are no joysticks for movement, which makes it an active and immersive experience. <\/p>\n<p>\ud83d\udeab \u00a1IMPORTANTE!<\/p>\n<p>Product Name: Gorilla Tag 3<\/p>\n<p>Category: Game<\/p>\n<p>This Kit Contains: C10091Y01<\/p>\n<p>464 pcs Good Quality Bricks<\/p>\n<p>Size: 4.8 x 12.3 x 13.4 cm<\/p>\n<p>Weight: 0.28 kg<\/p>\n<p>Instrucciones en PDF<\/p>\n<p>\ud83d\udcccNaturaleza del protagonista<\/p>\n<p>Introducing our proud collection named \u201cGorilla Tag 3\u201d you should not miss.<\/p>\n<p><em>Gorilla Tag<\/em> is simple but addictive, offering a unique physical challenge in VR. It&#8217;s available on Meta Quest, SteamVR, and other platforms.&nbsp;<\/div>","protected":false},"excerpt":{"rendered":"<p>Marca: MOC Factory<br \/>\nG\u00e9nero: Unisex<br \/>\nRango de edad: &gt; 6 a\u00f1os<br \/>\nModel Number: 89088<br \/>\nClasificaci\u00f3n: Ensamblaje<br \/>\nForma de bloque de pl\u00e1stico: Ladrillos autoblocantes<br \/>\nMaterial: Pl\u00e1stico<br \/>\nTipo de pl\u00e1stico: ABS<br \/>\nLadrillos Bloques: 464 +<br \/>\nSin caja original<br \/>\nEl producto no incluye PEGATINA ni Piezas IMPRESAS. Todas las piezas impresas se reemplazar\u00e1n por piezas est\u00e1ndar y no se incluir\u00e1n en los accesorios de terceros.<\/p>","protected":false},"featured_media":61516,"comment_status":"open","ping_status":"closed","template":"","meta":{"_acf_changed":false},"product_cat":[1365,1769,371],"product_tag":[11110,11072,11775,8452,9139,13645,13646],"class_list":["product","first","instock","shipping-taxable","purchasable","product-type-simple"],"acf":[],"_links":{"self":[{"href":"https:\/\/mouldking.store\/es\/wp-json\/wp\/v2\/product\/61517","targetHints":{"allow":["GET"]}}],"collection":[{"href":"https:\/\/mouldking.store\/es\/wp-json\/wp\/v2\/product"}],"about":[{"href":"https:\/\/mouldking.store\/es\/wp-json\/wp\/v2\/types\/product"}],"replies":[{"embeddable":true,"href":"https:\/\/mouldking.store\/es\/wp-json\/wp\/v2\/comments?post=61517"}],"wp:featuredmedia":[{"embeddable":true,"href":"https:\/\/mouldking.store\/es\/wp-json\/wp\/v2\/media\/61516"}],"wp:attachment":[{"href":"https:\/\/mouldking.store\/es\/wp-json\/wp\/v2\/media?parent=61517"}],"wp:term":[{"taxonomy":"product_cat","embeddable":true,"href":"https:\/\/mouldking.store\/es\/wp-json\/wp\/v2\/product_cat?post=61517"},{"taxonomy":"product_tag","embeddable":true,"href":"https:\/\/mouldking.store\/es\/wp-json\/wp\/v2\/product_tag?post=61517"}],"curies":[{"name":"wp","href":"https:\/\/api.w.org\/{rel}","templated":true}]}}