{"id":61525,"date":"2024-10-22T18:22:22","date_gmt":"2024-10-22T11:22:22","guid":{"rendered":"https:\/\/mouldking.store\/shop\/moc-factory-171047-church-st-josephs-memorial-church-with-3118-pieces\/"},"modified":"2025-12-16T20:59:00","modified_gmt":"2025-12-16T13:59:00","slug":"moc-factory-171047-church-st-josephs-memorial-church-with-3118-pieces","status":"publish","type":"product","link":"https:\/\/mouldking.store\/es\/shop\/moc-factory-171047-church-st-josephs-memorial-church-with-3118-pieces\/","title":{"rendered":"MOC Factory 171047 Church St. Joseph&#8217;s Memorial Church with 3118 Pieces"},"content":{"rendered":"<div>\u2705 MOC-171047 Church St. Joseph&#8217;s Memorial Church<\/p>\n<p>\u2705These churches often feature traditional Christian architecture, which may include Romanesque, Gothic, or Baroque styles. Many of these churches have bell towers, stained glass windows depicting scenes from the life of St. Joseph, and elaborate altars dedicated to him. The interiors are often designed to evoke a sense of reverence and are filled with religious symbols and artworks.<\/p>\n<p>\ud83d\udeab \u00a1IMPORTANTE!<\/p>\n<p>Product Name: Church St. Joseph&#8217;s Memorial Church<\/p>\n<p>Categor\u00eda: Edificio Modular<\/p>\n<p>This Kit Contains: C10088<\/p>\n<p>3118&nbsp; pcs Good Quality Bricks<\/p>\n<p>Size: 32 x 32 x 70 cm<\/p>\n<p>Weight: 2.38 kg<\/p>\n<p>Instrucciones en PDF<\/p>\n<p>\ud83d\udcccNaturaleza del protagonista<\/p>\n<p>Introducing our proud collection named \u201cChurch St. Joseph&#8217;s Memorial Church\u201d you should not miss.<\/p>\n<p>&nbsp;St. Joseph, being the foster father of Jesus and the patron saint of workers and families, is typically honored in these churches. The church may also hold memorials or dedications to local saints, martyrs, or prominent figures in its community&#8217;s history.&nbsp;<\/p><\/div>","protected":false},"excerpt":{"rendered":"<p>Marca: MOC Factory<br \/>\nG\u00e9nero: Unisex<br \/>\nRango de edad: &gt; 6 a\u00f1os<br \/>\nModel Number: 171047<br \/>\nClasificaci\u00f3n: Ensamblaje<br \/>\nForma de bloque de pl\u00e1stico: Ladrillos autoblocantes<br \/>\nMaterial: Pl\u00e1stico<br \/>\nTipo de pl\u00e1stico: ABS<br \/>\nBricks Blocks: 3118 +<br \/>\nSin caja original<br \/>\nEl producto no incluye PEGATINA ni Piezas IMPRESAS. Todas las piezas impresas se reemplazar\u00e1n por piezas est\u00e1ndar y no se incluir\u00e1n en los accesorios de terceros.<\/p>","protected":false},"featured_media":61524,"comment_status":"open","ping_status":"closed","template":"","meta":{"_acf_changed":false},"product_cat":[1395,1502,390],"product_tag":[13648,727,4977,4883,13647,11254,392],"class_list":["product","first","instock","shipping-taxable","purchasable","product-type-simple"],"acf":[],"_links":{"self":[{"href":"https:\/\/mouldking.store\/es\/wp-json\/wp\/v2\/product\/61525","targetHints":{"allow":["GET"]}}],"collection":[{"href":"https:\/\/mouldking.store\/es\/wp-json\/wp\/v2\/product"}],"about":[{"href":"https:\/\/mouldking.store\/es\/wp-json\/wp\/v2\/types\/product"}],"replies":[{"embeddable":true,"href":"https:\/\/mouldking.store\/es\/wp-json\/wp\/v2\/comments?post=61525"}],"wp:featuredmedia":[{"embeddable":true,"href":"https:\/\/mouldking.store\/es\/wp-json\/wp\/v2\/media\/61524"}],"wp:attachment":[{"href":"https:\/\/mouldking.store\/es\/wp-json\/wp\/v2\/media?parent=61525"}],"wp:term":[{"taxonomy":"product_cat","embeddable":true,"href":"https:\/\/mouldking.store\/es\/wp-json\/wp\/v2\/product_cat?post=61525"},{"taxonomy":"product_tag","embeddable":true,"href":"https:\/\/mouldking.store\/es\/wp-json\/wp\/v2\/product_tag?post=61525"}],"curies":[{"name":"wp","href":"https:\/\/api.w.org\/{rel}","templated":true}]}}