{"id":61551,"date":"2024-10-22T18:23:13","date_gmt":"2024-10-22T11:23:13","guid":{"rendered":"https:\/\/mouldking.store\/shop\/moc-factory-89086-mobile-suit-girl-with-543-pieces\/"},"modified":"2025-12-16T20:58:59","modified_gmt":"2025-12-16T13:58:59","slug":"moc-factory-89086-mobile-suit-girl-with-543-pieces","status":"publish","type":"product","link":"https:\/\/mouldking.store\/es\/shop\/moc-factory-89086-mobile-suit-girl-with-543-pieces\/","title":{"rendered":"MOC Factory 89086 Mobile Suit Girl with 543 Pieces"},"content":{"rendered":"<div>\u2705 MOC-89086 Mobile Suit Girl<\/p>\n<p>\u2705 A <strong>Mobile Suit Girl<\/strong> refers to a fusion of a human (usually a female character) and mechanical elements inspired by mobile suits from <em>Mobile Suit Gundam<\/em> and other mecha anime series. This concept blends the design of a mobile suit with a human form, often portrayed as a girl wearing armor or gear resembling iconic mobile suits.<\/p>\n<p>\ud83d\udeab \u00a1IMPORTANTE!<\/p>\n<p>Product Name: Mobile Suit Girl<\/p>\n<p>Categor\u00eda: Creador<\/p>\n<p>This Kit Contains: C10093<\/p>\n<p>543 pcs Good Quality Bricks<\/p>\n<p>Size: 19.4 x 10.2 x 25.2 cm<\/p>\n<p>Peso: 0,22 kg<\/p>\n<p>Instrucciones en PDF<\/p>\n<p>\ud83d\udcccNaturaleza del protagonista<\/p>\n<p>Introducing our proud collection named \u201cMobile Suit Girl\u201d you should not miss.<\/p>\n<p>Mobile Suit Girls have appeared in various <em>Gundam<\/em> spin-offs, merchandise, and fan creations. This concept has been popular in the model kit world as well, where fans can build their own Mobile Suit Girl kits based on mobile suit designs.&nbsp;<\/div>","protected":false},"excerpt":{"rendered":"<p>Marca: MOC Factory<br \/>\nG\u00e9nero: Unisex<br \/>\nRango de edad: &gt; 6 a\u00f1os<br \/>\nModel Number: 89086<br \/>\nClasificaci\u00f3n: Ensamblaje<br \/>\nForma de bloque de pl\u00e1stico: Ladrillos autoblocantes<br \/>\nMaterial: Pl\u00e1stico<br \/>\nTipo de pl\u00e1stico: ABS<br \/>\nBricks Blocks: 543 +<br \/>\nSin caja original<br \/>\nEl producto no incluye PEGATINA ni Piezas IMPRESAS. Todas las piezas impresas se reemplazar\u00e1n por piezas est\u00e1ndar y no se incluir\u00e1n en los accesorios de terceros.<\/p>","protected":false},"featured_media":61550,"comment_status":"open","ping_status":"closed","template":"","meta":{"_acf_changed":false},"product_cat":[1365,1769,1475,371,581,1408],"product_tag":[11072,8452,9139,13649,11802,434,8564],"class_list":["product","first","instock","shipping-taxable","purchasable","product-type-simple"],"acf":[],"_links":{"self":[{"href":"https:\/\/mouldking.store\/es\/wp-json\/wp\/v2\/product\/61551","targetHints":{"allow":["GET"]}}],"collection":[{"href":"https:\/\/mouldking.store\/es\/wp-json\/wp\/v2\/product"}],"about":[{"href":"https:\/\/mouldking.store\/es\/wp-json\/wp\/v2\/types\/product"}],"replies":[{"embeddable":true,"href":"https:\/\/mouldking.store\/es\/wp-json\/wp\/v2\/comments?post=61551"}],"wp:featuredmedia":[{"embeddable":true,"href":"https:\/\/mouldking.store\/es\/wp-json\/wp\/v2\/media\/61550"}],"wp:attachment":[{"href":"https:\/\/mouldking.store\/es\/wp-json\/wp\/v2\/media?parent=61551"}],"wp:term":[{"taxonomy":"product_cat","embeddable":true,"href":"https:\/\/mouldking.store\/es\/wp-json\/wp\/v2\/product_cat?post=61551"},{"taxonomy":"product_tag","embeddable":true,"href":"https:\/\/mouldking.store\/es\/wp-json\/wp\/v2\/product_tag?post=61551"}],"curies":[{"name":"wp","href":"https:\/\/api.w.org\/{rel}","templated":true}]}}