{"id":61595,"date":"2024-10-22T18:25:24","date_gmt":"2024-10-22T11:25:24","guid":{"rendered":"https:\/\/mouldking.store\/shop\/moc-factory-158902-the-hollow-knight-silksong-hornet-with-333-pieces\/"},"modified":"2025-12-16T20:58:59","modified_gmt":"2025-12-16T13:58:59","slug":"moc-factory-158902-the-hollow-knight-silksong-hornet-with-333-pieces","status":"publish","type":"product","link":"https:\/\/mouldking.store\/es\/shop\/moc-factory-158902-the-hollow-knight-silksong-hornet-with-333-pieces\/","title":{"rendered":"MOC Factory 158902 The Hollow Knight Silksong &#8211; Hornet with 333 Pieces"},"content":{"rendered":"<div>\u2705 MOC-158902 The Hollow Knight Silksong &#8211; Hornet<\/p>\n<p>\u2705<strong>Hollow Knight: Silksong<\/strong> is the highly anticipated sequel to <em>Hollow Knight<\/em>, developed by Team Cherry. In this game, players take on the role of <strong>Hornet<\/strong>, a key character from the original game who is both a protagonist and an antagonist.<\/p>\n<p>\ud83d\udeab \u00a1IMPORTANTE!<\/p>\n<p>Product Name: The Hollow Knight Silksong &#8211; Hornet<\/p>\n<p>Category: Game<\/p>\n<p>This Kit Contains: C9973<\/p>\n<p>333 pcs Good Quality Bricks<\/p>\n<p>Size: 14.5 x 18.6 x 29.4 cm<\/p>\n<p>Peso: 0,21 kg<\/p>\n<p>Instrucciones en PDF<\/p>\n<p>\ud83d\udcccNaturaleza del protagonista<\/p>\n<p>Introducing our proud collection named \u201cThe Hollow Knight Silksong &#8211; Hornet\u201d you should not miss.<\/p>\n<p>Hornet is a skilled warrior and the princess of Hallownest. In the original <em>Hollow Knight<\/em>, she is portrayed as a mysterious and formidable foe who tests the player&#8217;s abilities. Her character is deeply tied to the lore of the game, including themes of duty, protection, and the struggle against the forces of decay.&nbsp;<\/div>","protected":false},"excerpt":{"rendered":"<p>Marca: MOC Factory<br \/>\nG\u00e9nero: Unisex<br \/>\nRango de edad: &gt; 6 a\u00f1os<br \/>\nModel Number: 158902<br \/>\nClasificaci\u00f3n: Ensamblaje<br \/>\nForma de bloque de pl\u00e1stico: Ladrillos autoblocantes<br \/>\nMaterial: Pl\u00e1stico<br \/>\nTipo de pl\u00e1stico: ABS<br \/>\nBricks Blocks: 333 +<br \/>\nSin caja original<br \/>\nEl producto no incluye PEGATINA ni Piezas IMPRESAS. Todas las piezas impresas se reemplazar\u00e1n por piezas est\u00e1ndar y no se incluir\u00e1n en los accesorios de terceros.<\/p>","protected":false},"featured_media":61594,"comment_status":"open","ping_status":"closed","template":"","meta":{"_acf_changed":false},"product_cat":[1365,1769,371],"product_tag":[11072,8452,9139,13345,12385,13652],"class_list":["product","first","instock","shipping-taxable","purchasable","product-type-simple"],"acf":[],"_links":{"self":[{"href":"https:\/\/mouldking.store\/es\/wp-json\/wp\/v2\/product\/61595","targetHints":{"allow":["GET"]}}],"collection":[{"href":"https:\/\/mouldking.store\/es\/wp-json\/wp\/v2\/product"}],"about":[{"href":"https:\/\/mouldking.store\/es\/wp-json\/wp\/v2\/types\/product"}],"replies":[{"embeddable":true,"href":"https:\/\/mouldking.store\/es\/wp-json\/wp\/v2\/comments?post=61595"}],"wp:featuredmedia":[{"embeddable":true,"href":"https:\/\/mouldking.store\/es\/wp-json\/wp\/v2\/media\/61594"}],"wp:attachment":[{"href":"https:\/\/mouldking.store\/es\/wp-json\/wp\/v2\/media?parent=61595"}],"wp:term":[{"taxonomy":"product_cat","embeddable":true,"href":"https:\/\/mouldking.store\/es\/wp-json\/wp\/v2\/product_cat?post=61595"},{"taxonomy":"product_tag","embeddable":true,"href":"https:\/\/mouldking.store\/es\/wp-json\/wp\/v2\/product_tag?post=61595"}],"curies":[{"name":"wp","href":"https:\/\/api.w.org\/{rel}","templated":true}]}}