{"id":61649,"date":"2024-10-24T18:09:51","date_gmt":"2024-10-24T11:09:51","guid":{"rendered":"https:\/\/mouldking.store\/shop\/moc-factory-172184-indiana-jones-lost-temple-with-1424-pieces\/"},"modified":"2025-12-16T20:58:59","modified_gmt":"2025-12-16T13:58:59","slug":"moc-factory-172184-indiana-jones-lost-temple-with-1424-pieces","status":"publish","type":"product","link":"https:\/\/mouldking.store\/es\/shop\/moc-factory-172184-indiana-jones-lost-temple-with-1424-pieces\/","title":{"rendered":"MOC Factory 172184 Indiana Jones Lost Temple with 1424 Pieces"},"content":{"rendered":"<div>\u2705 MOC-172184 Indiana Jones Lost Temple<\/p>\n<p>\u2705 The <strong>Indiana Jones Lost Temple<\/strong> conjures images of ancient, mysterious ruins, full of adventure, danger, and hidden treasures, much like the settings from the <em>Indiana Jones<\/em> film series.<\/p>\n<p>\ud83d\udeab \u00a1IMPORTANTE!<\/p>\n<p>Product Name: Indiana Jones Lost Temple<\/p>\n<p>Categor\u00eda: Edificio Modular<\/p>\n<p>This Kit Contains: C10060<\/p>\n<p>1424 pcs Good Quality Bricks<\/p>\n<p>Size: 26 x 26 x 36cm<\/p>\n<p>Instrucciones en PDF<\/p>\n<p>\ud83d\udcccNaturaleza del protagonista<\/p>\n<p>Introducing our proud collection named \u201cIndiana Jones Lost Temple\u201d you should not miss.<\/p>\n<p>The temple is located deep within a dense, tropical <strong>jungle<\/strong>, hidden from view by thick vines, towering trees, and moss-covered stone structures. The entrance is partially crumbled but still imposing, framed by large stone columns or carved statues of ancient gods or animals, often with a menacing, worn-down look. The entrance is dark and foreboding, with shadows casting eerie shapes along the walls.&nbsp;<\/div>","protected":false},"excerpt":{"rendered":"<p>Marca: MOC Factory<br \/>\nG\u00e9nero: Unisex<br \/>\nRango de edad: &gt; 6 a\u00f1os<br \/>\nModel Number: 172184<br \/>\nClasificaci\u00f3n: Ensamblaje<br \/>\nForma de bloque de pl\u00e1stico: Ladrillos autoblocantes<br \/>\nMaterial: Pl\u00e1stico<br \/>\nTipo de pl\u00e1stico: ABS<br \/>\nBricks Blocks: 1424 +<br \/>\nSin caja original<br \/>\nEl producto no incluye PEGATINA ni Piezas IMPRESAS. Todas las piezas impresas se reemplazar\u00e1n por piezas est\u00e1ndar y no se incluir\u00e1n en los accesorios de terceros.<\/p>","protected":false},"featured_media":61648,"comment_status":"open","ping_status":"closed","template":"","meta":{"_acf_changed":false},"product_cat":[1395,1502,390],"product_tag":[4883,13545,3492,392,11001],"class_list":["product","first","instock","shipping-taxable","purchasable","product-type-simple"],"acf":[],"_links":{"self":[{"href":"https:\/\/mouldking.store\/es\/wp-json\/wp\/v2\/product\/61649","targetHints":{"allow":["GET"]}}],"collection":[{"href":"https:\/\/mouldking.store\/es\/wp-json\/wp\/v2\/product"}],"about":[{"href":"https:\/\/mouldking.store\/es\/wp-json\/wp\/v2\/types\/product"}],"replies":[{"embeddable":true,"href":"https:\/\/mouldking.store\/es\/wp-json\/wp\/v2\/comments?post=61649"}],"wp:featuredmedia":[{"embeddable":true,"href":"https:\/\/mouldking.store\/es\/wp-json\/wp\/v2\/media\/61648"}],"wp:attachment":[{"href":"https:\/\/mouldking.store\/es\/wp-json\/wp\/v2\/media?parent=61649"}],"wp:term":[{"taxonomy":"product_cat","embeddable":true,"href":"https:\/\/mouldking.store\/es\/wp-json\/wp\/v2\/product_cat?post=61649"},{"taxonomy":"product_tag","embeddable":true,"href":"https:\/\/mouldking.store\/es\/wp-json\/wp\/v2\/product_tag?post=61649"}],"curies":[{"name":"wp","href":"https:\/\/api.w.org\/{rel}","templated":true}]}}