{"id":61657,"date":"2024-10-24T18:10:05","date_gmt":"2024-10-24T11:10:05","guid":{"rendered":"https:\/\/mouldking.store\/shop\/moc-factory-136023-star-wars-u-wing-with-899-pieces\/"},"modified":"2025-12-16T20:58:59","modified_gmt":"2025-12-16T13:58:59","slug":"moc-factory-136023-star-wars-u-wing-with-899-pieces","status":"publish","type":"product","link":"https:\/\/mouldking.store\/es\/shop\/moc-factory-136023-star-wars-u-wing-with-899-pieces\/","title":{"rendered":"MOC Factory 136023 Star Wars U wing with 899 Pieces"},"content":{"rendered":"<div>\u2705 MOC-136023 Star Wars U wing<\/p>\n<p>\u2705 The <strong>U-Wing<\/strong> (UT-60D) is a versatile starfighter and troop transport ship in the <em>Guerra de las Galaxias<\/em> universe, first seen in <em>Rogue One: A Star Wars Story<\/em>.<\/p>\n<p>\ud83d\udeab \u00a1IMPORTANTE!<\/p>\n<p>Product Name: Star Wars U wing<\/p>\n<p>Categor\u00eda: Guerra de las Galaxias<\/p>\n<p>This Kit Contains: C10067<\/p>\n<p>899 pcs Good Quality Bricks<\/p>\n<p>Size: 18 x 36 x 12cm<\/p>\n<p>Instrucciones en PDF<\/p>\n<p>\ud83d\udcccNaturaleza del protagonista<\/p>\n<p>Introducing our proud collection named \u201cStar Wars U wing\u201d you should not miss.<\/p>\n<p>The U-Wing has a <strong>sleek and practical design<\/strong>, featuring two forward-facing wings that resemble the shape of the letter &#8220;U&#8221; when extended. These wings are mounted on each side of the cockpit and can pivot backward to offer more maneuverability during battle, especially when entering or exiting combat zones. Its color scheme is primarily <strong>white and blue<\/strong>, giving it the clean, crisp look typical of Rebel Alliance ships.&nbsp;<\/div>","protected":false},"excerpt":{"rendered":"<p>Marca: MOC Factory<br \/>\nG\u00e9nero: Unisex<br \/>\nRango de edad: &gt; 6 a\u00f1os<br \/>\nModel Number: 136023<br \/>\nClasificaci\u00f3n: Ensamblaje<br \/>\nForma de bloque de pl\u00e1stico: Ladrillos autoblocantes<br \/>\nMaterial: Pl\u00e1stico<br \/>\nTipo de pl\u00e1stico: ABS<br \/>\nBricks Blocks: 899 +<br \/>\nSin caja original<br \/>\nEl producto no incluye PEGATINA ni Piezas IMPRESAS. Todas las piezas impresas se reemplazar\u00e1n por piezas est\u00e1ndar y no se incluir\u00e1n en los accesorios de terceros.<\/p>","protected":false},"featured_media":61656,"comment_status":"open","ping_status":"closed","template":"","meta":{"_acf_changed":false},"product_cat":[1357,6016,415,364],"product_tag":[2276,436,389,12873],"class_list":["product","first","instock","shipping-taxable","purchasable","product-type-simple"],"acf":[],"_links":{"self":[{"href":"https:\/\/mouldking.store\/es\/wp-json\/wp\/v2\/product\/61657","targetHints":{"allow":["GET"]}}],"collection":[{"href":"https:\/\/mouldking.store\/es\/wp-json\/wp\/v2\/product"}],"about":[{"href":"https:\/\/mouldking.store\/es\/wp-json\/wp\/v2\/types\/product"}],"replies":[{"embeddable":true,"href":"https:\/\/mouldking.store\/es\/wp-json\/wp\/v2\/comments?post=61657"}],"wp:featuredmedia":[{"embeddable":true,"href":"https:\/\/mouldking.store\/es\/wp-json\/wp\/v2\/media\/61656"}],"wp:attachment":[{"href":"https:\/\/mouldking.store\/es\/wp-json\/wp\/v2\/media?parent=61657"}],"wp:term":[{"taxonomy":"product_cat","embeddable":true,"href":"https:\/\/mouldking.store\/es\/wp-json\/wp\/v2\/product_cat?post=61657"},{"taxonomy":"product_tag","embeddable":true,"href":"https:\/\/mouldking.store\/es\/wp-json\/wp\/v2\/product_tag?post=61657"}],"curies":[{"name":"wp","href":"https:\/\/api.w.org\/{rel}","templated":true}]}}