{"id":61665,"date":"2024-10-24T18:10:29","date_gmt":"2024-10-24T11:10:29","guid":{"rendered":"https:\/\/mouldking.store\/shop\/moc-factory-89079-jujutsu-kaisen-rika-orimoto-rika-jjk-with-776-pieces\/"},"modified":"2025-12-16T20:58:58","modified_gmt":"2025-12-16T13:58:58","slug":"moc-factory-89079-jujutsu-kaisen-rika-orimoto-rika-jjk-with-776-pieces","status":"publish","type":"product","link":"https:\/\/mouldking.store\/es\/shop\/moc-factory-89079-jujutsu-kaisen-rika-orimoto-rika-jjk-with-776-pieces\/","title":{"rendered":"MOC Factory 89079 Jujutsu Kaisen Rika Orimoto Rika Jjk with 776 Pieces"},"content":{"rendered":"<div>\u2705 MOC-89079 Jujutsu Kaisen Rika Orimoto Rika Jjk<\/p>\n<p>\u2705<strong>Rika Orimoto<\/strong> is a central character in <em>Jujutsu Kaisen 0<\/em>, the prequel to the main <em>Jujutsu Kaisen<\/em> series. She is known as the &#8220;Queen of Curses&#8221; due to her tragic backstory and transformation into a powerful, cursed spirit.<\/p>\n<p>\ud83d\udeab \u00a1IMPORTANTE!<\/p>\n<p>Product Name: Jujutsu Kaisen Rika Orimoto Rika Jjk<\/p>\n<p>Categor\u00eda: Pel\u00edcula<\/p>\n<p>This Kit Contains: C10081<\/p>\n<p>776 pcs Good Quality Bricks<\/p>\n<p>Size: 24.1 x 16.1&nbsp; x 25.1cm<\/p>\n<p>Instrucciones en PDF<\/p>\n<p>\ud83d\udcccNaturaleza del protagonista<\/p>\n<p>Introducing our proud collection named \u201cJujutsu Kaisen Rika Orimoto Rika Jjk\u201d you should not miss.<\/p>\n<p>Rika was a sweet, innocent young girl with a deep bond with her childhood friend, <strong>Yuta Okkotsu<\/strong>. She had a caring and cheerful personality, often seen with a bright smile. Physically, Rika was a small girl with <strong>long, straight brown hair<\/strong> tied in a ponytail, and gentle, expressive eyes that reflected her kind nature. She wore a simple dress, often reflecting the innocence and purity of her young age. Rika had a deep affection for Yuta, and her love for him became a central part of her character&#8217;s arc.&nbsp;<\/div>","protected":false},"excerpt":{"rendered":"<p>Marca: MOC Factory<br \/>\nG\u00e9nero: Unisex<br \/>\nRango de edad: &gt; 6 a\u00f1os<br \/>\nModel Number: 89079<br \/>\nClasificaci\u00f3n: Ensamblaje<br \/>\nForma de bloque de pl\u00e1stico: Ladrillos autoblocantes<br \/>\nMaterial: Pl\u00e1stico<br \/>\nTipo de pl\u00e1stico: ABS<br \/>\nBricks Blocks: 776 +<br \/>\nSin caja original<br \/>\nEl producto no incluye PEGATINA ni Piezas IMPRESAS. Todas las piezas impresas se reemplazar\u00e1n por piezas est\u00e1ndar y no se incluir\u00e1n en los accesorios de terceros.<\/p>","protected":false},"featured_media":61664,"comment_status":"open","ping_status":"closed","template":"","meta":{"_acf_changed":false},"product_cat":[1365,371,581,1408],"product_tag":[11072,8452,13657,434,13659,13658],"class_list":["product","first","instock","shipping-taxable","purchasable","product-type-simple"],"acf":[],"_links":{"self":[{"href":"https:\/\/mouldking.store\/es\/wp-json\/wp\/v2\/product\/61665","targetHints":{"allow":["GET"]}}],"collection":[{"href":"https:\/\/mouldking.store\/es\/wp-json\/wp\/v2\/product"}],"about":[{"href":"https:\/\/mouldking.store\/es\/wp-json\/wp\/v2\/types\/product"}],"replies":[{"embeddable":true,"href":"https:\/\/mouldking.store\/es\/wp-json\/wp\/v2\/comments?post=61665"}],"wp:featuredmedia":[{"embeddable":true,"href":"https:\/\/mouldking.store\/es\/wp-json\/wp\/v2\/media\/61664"}],"wp:attachment":[{"href":"https:\/\/mouldking.store\/es\/wp-json\/wp\/v2\/media?parent=61665"}],"wp:term":[{"taxonomy":"product_cat","embeddable":true,"href":"https:\/\/mouldking.store\/es\/wp-json\/wp\/v2\/product_cat?post=61665"},{"taxonomy":"product_tag","embeddable":true,"href":"https:\/\/mouldking.store\/es\/wp-json\/wp\/v2\/product_tag?post=61665"}],"curies":[{"name":"wp","href":"https:\/\/api.w.org\/{rel}","templated":true}]}}