{"id":61675,"date":"2024-10-24T18:10:58","date_gmt":"2024-10-24T11:10:58","guid":{"rendered":"https:\/\/mouldking.store\/shop\/moc-factory-89078-zoonomaly-smile-with-1454-pieces\/"},"modified":"2025-12-16T20:58:58","modified_gmt":"2025-12-16T13:58:58","slug":"moc-factory-89078-zoonomaly-smile-with-1454-pieces","status":"publish","type":"product","link":"https:\/\/mouldking.store\/es\/shop\/moc-factory-89078-zoonomaly-smile-with-1454-pieces\/","title":{"rendered":"MOC Factory 89078 Zoonomaly Smile con 1454 piezas"},"content":{"rendered":"<div>\u2705 MOC-89078 Zoonomaly Smile<\/p>\n<p>\u2705 En <em>Zoonomaly<\/em>, the <strong>Smile Cats<\/strong> are eerie, fast-moving creatures that serve as one of the game&#8217;s primary threats.&nbsp;<\/p>\n<p>\ud83d\udeab \u00a1IMPORTANTE!<\/p>\n<p>Product Name: Zoonomaly Smile<\/p>\n<p>Categor\u00eda: Pel\u00edcula<\/p>\n<p>This Kit Contains: C10090Y05<\/p>\n<p>1454 pcs Good Quality Bricks<\/p>\n<p>Instrucciones en PDF<\/p>\n<p>\ud83d\udcccNaturaleza del protagonista<\/p>\n<p>Introducing our proud collection named \u201cZoonomaly Smile\u201d you should not miss.<\/p>\n<p>They have wide, unsettling smiles and attack quickly, often catching players off-guard. There are different sizes of Smile Cats, with the larger &#8220;Monster Smile Cat&#8221; being particularly dangerous and acting as a final boss. The smaller Smile Cats can also be lethal, chasing players down relentlessly. These creatures are summoned by an unknown force, adding a layer of mystery to their role in the game&nbsp;<\/p><\/div>","protected":false},"excerpt":{"rendered":"<p>Marca: MOC Factory<br \/>\nG\u00e9nero: Unisex<br \/>\nRango de edad: &gt; 6 a\u00f1os<br \/>\nModel Number: 89078<br \/>\nClasificaci\u00f3n: Ensamblaje<br \/>\nForma de bloque de pl\u00e1stico: Ladrillos autoblocantes<br \/>\nMaterial: Pl\u00e1stico<br \/>\nTipo de pl\u00e1stico: ABS<br \/>\nBricks Blocks: 1454 +<br \/>\nSin caja original<br \/>\nEl producto no incluye PEGATINA ni Piezas IMPRESAS. Todas las piezas impresas se reemplazar\u00e1n por piezas est\u00e1ndar y no se incluir\u00e1n en los accesorios de terceros.<\/p>","protected":false},"featured_media":61674,"comment_status":"open","ping_status":"closed","template":"","meta":{"_acf_changed":false},"product_cat":[1365,371,581,1408],"product_tag":[11072,11775,8452,434,13661,13660],"class_list":["product","first","instock","shipping-taxable","purchasable","product-type-simple"],"acf":[],"_links":{"self":[{"href":"https:\/\/mouldking.store\/es\/wp-json\/wp\/v2\/product\/61675","targetHints":{"allow":["GET"]}}],"collection":[{"href":"https:\/\/mouldking.store\/es\/wp-json\/wp\/v2\/product"}],"about":[{"href":"https:\/\/mouldking.store\/es\/wp-json\/wp\/v2\/types\/product"}],"replies":[{"embeddable":true,"href":"https:\/\/mouldking.store\/es\/wp-json\/wp\/v2\/comments?post=61675"}],"wp:featuredmedia":[{"embeddable":true,"href":"https:\/\/mouldking.store\/es\/wp-json\/wp\/v2\/media\/61674"}],"wp:attachment":[{"href":"https:\/\/mouldking.store\/es\/wp-json\/wp\/v2\/media?parent=61675"}],"wp:term":[{"taxonomy":"product_cat","embeddable":true,"href":"https:\/\/mouldking.store\/es\/wp-json\/wp\/v2\/product_cat?post=61675"},{"taxonomy":"product_tag","embeddable":true,"href":"https:\/\/mouldking.store\/es\/wp-json\/wp\/v2\/product_tag?post=61675"}],"curies":[{"name":"wp","href":"https:\/\/api.w.org\/{rel}","templated":true}]}}