{"id":61683,"date":"2024-10-24T18:11:15","date_gmt":"2024-10-24T11:11:15","guid":{"rendered":"https:\/\/mouldking.store\/shop\/moc-factory-89077-wildmutt-humungousaur-with-614-pieces\/"},"modified":"2025-12-16T20:58:58","modified_gmt":"2025-12-16T13:58:58","slug":"moc-factory-89077-wildmutt-humungousaur-with-614-pieces","status":"publish","type":"product","link":"https:\/\/mouldking.store\/es\/shop\/moc-factory-89077-wildmutt-humungousaur-with-614-pieces\/","title":{"rendered":"MOC Factory 89077 Wildmutt Humungousaur with 614 Pieces"},"content":{"rendered":"<div>\u2705 MOC-89077 Wildmutt Humungousaur<\/p>\n<p>\u2705<strong>Wildmutt<\/strong> y <strong>Humungousaur<\/strong> are two powerful alien transformations from the <em>Ben 10<\/em> series. <\/p>\n<p>\ud83d\udeab \u00a1IMPORTANTE!<\/p>\n<p>Product Name: Wildmutt Humungousaur<\/p>\n<p>Categor\u00eda: Pel\u00edcula<\/p>\n<p>This Kit Contains: C10143<\/p>\n<p>614 pcs Good Quality Bricks<\/p>\n<p>Instrucciones en PDF<\/p>\n<p>\ud83d\udcccNaturaleza del protagonista<\/p>\n<p>Introducing our proud collection named \u201cWildmutt Humungousaur\u201d you should not miss.<\/p>\n<p><strong>Wildmutt<\/strong>: A beastly, animal-like alien from the planet Vulpin, Wildmutt has no eyes but compensates with heightened senses of smell and hearing. He is fast, agile, and primarily uses his claws and teeth in combat. <br \/><strong>Humungousaur<\/strong>: A massive dinosaur-like alien from Terradino, Humungousaur boasts incredible strength and durability. He can grow even larger, becoming an unstoppable force of destruction, ideal for brute-force situations.&nbsp;<\/div>","protected":false},"excerpt":{"rendered":"<p>Marca: MOC Factory<br \/>\nG\u00e9nero: Unisex<br \/>\nRango de edad: &gt; 6 a\u00f1os<br \/>\nModel Number: 89077<br \/>\nClasificaci\u00f3n: Ensamblaje<br \/>\nForma de bloque de pl\u00e1stico: Ladrillos autoblocantes<br \/>\nMaterial: Pl\u00e1stico<br \/>\nTipo de pl\u00e1stico: ABS<br \/>\nBricks Blocks: 614 +<br \/>\nSin caja original<br \/>\nEl producto no incluye PEGATINA ni Piezas IMPRESAS. Todas las piezas impresas se reemplazar\u00e1n por piezas est\u00e1ndar y no se incluir\u00e1n en los accesorios de terceros.<\/p>","protected":false},"featured_media":61682,"comment_status":"open","ping_status":"closed","template":"","meta":{"_acf_changed":false},"product_cat":[1365,1769,371],"product_tag":[11072,8452,9139,13663,13662],"class_list":["product","first","instock","shipping-taxable","purchasable","product-type-simple"],"acf":[],"_links":{"self":[{"href":"https:\/\/mouldking.store\/es\/wp-json\/wp\/v2\/product\/61683","targetHints":{"allow":["GET"]}}],"collection":[{"href":"https:\/\/mouldking.store\/es\/wp-json\/wp\/v2\/product"}],"about":[{"href":"https:\/\/mouldking.store\/es\/wp-json\/wp\/v2\/types\/product"}],"replies":[{"embeddable":true,"href":"https:\/\/mouldking.store\/es\/wp-json\/wp\/v2\/comments?post=61683"}],"wp:featuredmedia":[{"embeddable":true,"href":"https:\/\/mouldking.store\/es\/wp-json\/wp\/v2\/media\/61682"}],"wp:attachment":[{"href":"https:\/\/mouldking.store\/es\/wp-json\/wp\/v2\/media?parent=61683"}],"wp:term":[{"taxonomy":"product_cat","embeddable":true,"href":"https:\/\/mouldking.store\/es\/wp-json\/wp\/v2\/product_cat?post=61683"},{"taxonomy":"product_tag","embeddable":true,"href":"https:\/\/mouldking.store\/es\/wp-json\/wp\/v2\/product_tag?post=61683"}],"curies":[{"name":"wp","href":"https:\/\/api.w.org\/{rel}","templated":true}]}}