{"id":61712,"date":"2024-11-01T17:11:25","date_gmt":"2024-11-01T10:11:25","guid":{"rendered":"https:\/\/mouldking.store\/shop\/moc-factory-176829-helldivers-2-super-destroyer-with-1040-pieces\/"},"modified":"2025-12-16T20:58:58","modified_gmt":"2025-12-16T13:58:58","slug":"moc-factory-176829-helldivers-2-super-destroyer-with-1040-pieces","status":"publish","type":"product","link":"https:\/\/mouldking.store\/es\/shop\/moc-factory-176829-helldivers-2-super-destroyer-with-1040-pieces\/","title":{"rendered":"MOC Factory 176829 Helldivers 2 Super Destructor con 1040 piezas"},"content":{"rendered":"<div>\u2705 MOC-176829 Helldivers 2 Superdestructor<\/p>\n<p>\u2705 En <em>Helldivers 2<\/em>El Superdestructor sirve tanto como base m\u00f3vil como nave de apoyo de combate para los jugadores. Estas enormes naves, operadas por la Federaci\u00f3n de Supertierras, transportan Helldivers congelados en almacenamiento criog\u00e9nico, que se descongelan y reciben control total al ser desplegados. El Superdestructor es crucial en las misiones de apoyo, ofreciendo apoyo de fuego orbital, c\u00e1psulas de despliegue y suministros t\u00e1cticos como &quot;Estratagemas&quot;, potentes lanzamientos de equipo utilizados en combate.<\/p>\n<p>\ud83d\udeab \u00a1IMPORTANTE!<\/p>\n<p>Nombre del producto: Helldivers 2 Super Destroyer<\/p>\n<p>Categor\u00eda: Espacio<\/p>\n<p>Este kit contiene: C10155<\/p>\n<p>1040 piezas de ladrillos de buena calidad<\/p>\n<p>Tama\u00f1o: 48 x 16 x 12 cm<\/p>\n<p>Instrucciones en PDF<\/p>\n<p>\ud83d\udcccNaturaleza del protagonista<\/p>\n<p>Presentamos nuestra orgullosa colecci\u00f3n llamada \u201cHelldivers 2 Super Destroyer\u201d que no debes perderte.<\/p>\n<p>El Super Destructor incluye una gama de m\u00f3dulos personalizables y actualizaciones recientes, como <strong>Aumento de la moral<\/strong>, que reduce el tiempo de reutilizaci\u00f3n de todas las Estratagemas, lo que permite un redespliegue m\u00e1s r\u00e1pido de objetos de apoyo poderosos. Otras mejoras, como <strong>Proceso de lanzamiento optimizado<\/strong> y <strong>Explosivos de alta densidad<\/strong>, optimiza la efectividad de las armas y acorta los tiempos de despliegue, lo que aumenta las probabilidades de \u00e9xito de la misi\u00f3n para los jugadores.&nbsp;<\/div>","protected":false},"excerpt":{"rendered":"<p>Marca: MOC Factory<br \/>\nG\u00e9nero: Unisex<br \/>\nRango de edad: &gt; 6 a\u00f1os<br \/>\nN\u00famero de modelo: 176829<br \/>\nClasificaci\u00f3n: Ensamblaje<br \/>\nForma de bloque de pl\u00e1stico: Ladrillos autoblocantes<br \/>\nMaterial: Pl\u00e1stico<br \/>\nTipo de pl\u00e1stico: ABS<br \/>\nBloques de ladrillos: 1040 +<br \/>\nSin caja original<br \/>\nEl producto no incluye PEGATINA ni Piezas IMPRESAS. Todas las piezas impresas se reemplazar\u00e1n por piezas est\u00e1ndar y no se incluir\u00e1n en los accesorios de terceros.<\/p>","protected":false},"featured_media":61711,"comment_status":"open","ping_status":"closed","template":"","meta":{"_acf_changed":false},"product_cat":[1357,581,6016,364,1408],"product_tag":[682,13664,434,13484,2276,389],"class_list":["product","first","instock","shipping-taxable","purchasable","product-type-simple"],"acf":[],"_links":{"self":[{"href":"https:\/\/mouldking.store\/es\/wp-json\/wp\/v2\/product\/61712","targetHints":{"allow":["GET"]}}],"collection":[{"href":"https:\/\/mouldking.store\/es\/wp-json\/wp\/v2\/product"}],"about":[{"href":"https:\/\/mouldking.store\/es\/wp-json\/wp\/v2\/types\/product"}],"replies":[{"embeddable":true,"href":"https:\/\/mouldking.store\/es\/wp-json\/wp\/v2\/comments?post=61712"}],"wp:featuredmedia":[{"embeddable":true,"href":"https:\/\/mouldking.store\/es\/wp-json\/wp\/v2\/media\/61711"}],"wp:attachment":[{"href":"https:\/\/mouldking.store\/es\/wp-json\/wp\/v2\/media?parent=61712"}],"wp:term":[{"taxonomy":"product_cat","embeddable":true,"href":"https:\/\/mouldking.store\/es\/wp-json\/wp\/v2\/product_cat?post=61712"},{"taxonomy":"product_tag","embeddable":true,"href":"https:\/\/mouldking.store\/es\/wp-json\/wp\/v2\/product_tag?post=61712"}],"curies":[{"name":"wp","href":"https:\/\/api.w.org\/{rel}","templated":true}]}}