{"id":61734,"date":"2024-11-01T17:12:20","date_gmt":"2024-11-01T10:12:20","guid":{"rendered":"https:\/\/mouldking.store\/shop\/moc-factory-89076-the-lord-of-the-rings-treebeard-with-307-pieces\/"},"modified":"2025-12-16T20:58:58","modified_gmt":"2025-12-16T13:58:58","slug":"moc-factory-89076-the-lord-of-the-rings-treebeard-with-307-pieces","status":"publish","type":"product","link":"https:\/\/mouldking.store\/es\/shop\/moc-factory-89076-the-lord-of-the-rings-treebeard-with-307-pieces\/","title":{"rendered":"MOC Factory 89076 The Lord of the Rings Treebeard with 307 Pieces"},"content":{"rendered":"<div>\u2705 MOC-89076 The Lord of the Rings Treebeard<\/p>\n<p>\u2705 Treebeard, or Fangorn, is an ancient Ent, a tree-like being in <em>El Se\u00f1or de los Anillos<\/em> by J.R.R. Tolkien. Known as the oldest living creature in Middle-earth, Treebeard embodies the wisdom and strength of nature. He resides in Fangorn Forest, an ancient and somewhat eerie woodland near the realm of Rohan, and he plays a vital role in the War of the Ring. Treebeard is tall, with a bark-like exterior, and his face resembles a gnarled, ancient tree. He speaks in a slow, deliberate manner, reflective of the Ents&#8217; thoughtful approach to life, and he has a deep, booming voice.&nbsp;<\/p>\n<p>\ud83d\udeab \u00a1IMPORTANTE!<\/p>\n<p>Product Name: The Lord of the Rings Treebeard<\/p>\n<p>Categor\u00eda: Pel\u00edcula<\/p>\n<p>This Kit Contains: C10163<\/p>\n<p>307 pcs Good Quality Bricks<\/p>\n<p>Size: 18.2 x 7.8 x 23cm<\/p>\n<p>Instrucciones en PDF<\/p>\n<p>\ud83d\udcccNaturaleza del protagonista<\/p>\n<p>Introducing our proud collection named \u201cThe Lord of the Rings Treebeard\u201d you should not miss.<\/p>\n<p>Treebeard\u2019s character highlights Tolkien&#8217;s reverence for nature and his concerns about industrialization, which is illustrated in Treebeard\u2019s deep dislike for Saruman and the orcs who damage Fangorn Forest. Alongside the other Ents, Treebeard ultimately leads a powerful attack on Isengard, Saruman&#8217;s stronghold, in an epic scene known as the &#8220;Last March of the Ents.&#8221; This pivotal moment underscores the power of nature defending itself against exploitation and destruction.&nbsp;<\/p><\/div>","protected":false},"excerpt":{"rendered":"<p>Marca: MOC Factory<br \/>\nG\u00e9nero: Unisex<br \/>\nRango de edad: &gt; 6 a\u00f1os<br \/>\nModel Number: 89076<br \/>\nClasificaci\u00f3n: Ensamblaje<br \/>\nForma de bloque de pl\u00e1stico: Ladrillos autoblocantes<br \/>\nMaterial: Pl\u00e1stico<br \/>\nTipo de pl\u00e1stico: ABS<br \/>\nBricks Blocks: 307 +<br \/>\nSin caja original<br \/>\nEl producto no incluye PEGATINA ni Piezas IMPRESAS. Todas las piezas impresas se reemplazar\u00e1n por piezas est\u00e1ndar y no se incluir\u00e1n en los accesorios de terceros.<\/p>","protected":false},"featured_media":61733,"comment_status":"open","ping_status":"closed","template":"","meta":{"_acf_changed":false},"product_cat":[1365,371,581,1408],"product_tag":[11072,8452,13326,434,13194,6169,13669],"class_list":["product","first","instock","shipping-taxable","purchasable","product-type-simple"],"acf":[],"_links":{"self":[{"href":"https:\/\/mouldking.store\/es\/wp-json\/wp\/v2\/product\/61734","targetHints":{"allow":["GET"]}}],"collection":[{"href":"https:\/\/mouldking.store\/es\/wp-json\/wp\/v2\/product"}],"about":[{"href":"https:\/\/mouldking.store\/es\/wp-json\/wp\/v2\/types\/product"}],"replies":[{"embeddable":true,"href":"https:\/\/mouldking.store\/es\/wp-json\/wp\/v2\/comments?post=61734"}],"wp:featuredmedia":[{"embeddable":true,"href":"https:\/\/mouldking.store\/es\/wp-json\/wp\/v2\/media\/61733"}],"wp:attachment":[{"href":"https:\/\/mouldking.store\/es\/wp-json\/wp\/v2\/media?parent=61734"}],"wp:term":[{"taxonomy":"product_cat","embeddable":true,"href":"https:\/\/mouldking.store\/es\/wp-json\/wp\/v2\/product_cat?post=61734"},{"taxonomy":"product_tag","embeddable":true,"href":"https:\/\/mouldking.store\/es\/wp-json\/wp\/v2\/product_tag?post=61734"}],"curies":[{"name":"wp","href":"https:\/\/api.w.org\/{rel}","templated":true}]}}