{"id":61785,"date":"2024-11-01T17:14:52","date_gmt":"2024-11-01T10:14:52","guid":{"rendered":"https:\/\/mouldking.store\/shop\/moc-factory-89070-a-christmas-story-with-532-pieces\/"},"modified":"2025-12-16T20:58:58","modified_gmt":"2025-12-16T13:58:58","slug":"moc-factory-89070-a-christmas-story-with-532-pieces","status":"publish","type":"product","link":"https:\/\/mouldking.store\/es\/shop\/moc-factory-89070-a-christmas-story-with-532-pieces\/","title":{"rendered":"MOC Factory 89070 A Christmas Story with 532 Pieces"},"content":{"rendered":"<div>\u2705 MOC-89070 A Christmas Story<\/p>\n<p>\u2705<strong>A Christmas Story<\/strong> is a beloved holiday film based on Jean Shepherd\u2019s semi-autobiographical stories about growing up in the 1940s. The movie follows young Ralphie Parker, who dreams of receiving a Red Ryder BB gun for Christmas. Set in a small town in Indiana, the film captures the essence of childhood during the festive season, filled with humor and nostalgia.&nbsp;<\/p>\n<p>\ud83d\udeab \u00a1IMPORTANTE!<\/p>\n<p>Product Name: A Christmas Story<\/p>\n<p>Categor\u00eda: Pel\u00edcula<\/p>\n<p>This Kit Contains: F-C9926<\/p>\n<p>532 pcs Good Quality Bricks<\/p>\n<p>Instrucciones en PDF<\/p>\n<p>\ud83d\udcccNaturaleza del protagonista<\/p>\n<p>Introducing our proud collection named \u201cA Christmas Story\u201d you should not miss.<\/p>\n<p>As Christmas approaches, Ralphie faces various challenges in his quest for the perfect gift, including skeptical adults who warn him that &#8220;you&#8217;ll shoot your eye out!&#8221; The story features memorable characters, including Ralphie&#8217;s quirky family, his loving but often overwhelmed mother, his grumpy father, and his mischievous younger brother, Randy.&nbsp;<\/p><\/div>","protected":false},"excerpt":{"rendered":"<p>Marca: MOC Factory<br \/>\nG\u00e9nero: Unisex<br \/>\nRango de edad: &gt; 6 a\u00f1os<br \/>\nModel Number: 89070<br \/>\nClasificaci\u00f3n: Ensamblaje<br \/>\nForma de bloque de pl\u00e1stico: Ladrillos autoblocantes<br \/>\nMaterial: Pl\u00e1stico<br \/>\nTipo de pl\u00e1stico: ABS<br \/>\nBricks Blocks: 532 +<br \/>\nSin caja original<br \/>\nEl producto no incluye PEGATINA ni Piezas IMPRESAS. Todas las piezas impresas se reemplazar\u00e1n por piezas est\u00e1ndar y no se incluir\u00e1n en los accesorios de terceros.<\/p>","protected":false},"featured_media":61784,"comment_status":"open","ping_status":"closed","template":"","meta":{"_acf_changed":false},"product_cat":[1357,581,364,1408],"product_tag":[4572,1066,434,389],"class_list":["product","first","instock","shipping-taxable","purchasable","product-type-simple"],"acf":[],"_links":{"self":[{"href":"https:\/\/mouldking.store\/es\/wp-json\/wp\/v2\/product\/61785","targetHints":{"allow":["GET"]}}],"collection":[{"href":"https:\/\/mouldking.store\/es\/wp-json\/wp\/v2\/product"}],"about":[{"href":"https:\/\/mouldking.store\/es\/wp-json\/wp\/v2\/types\/product"}],"replies":[{"embeddable":true,"href":"https:\/\/mouldking.store\/es\/wp-json\/wp\/v2\/comments?post=61785"}],"wp:featuredmedia":[{"embeddable":true,"href":"https:\/\/mouldking.store\/es\/wp-json\/wp\/v2\/media\/61784"}],"wp:attachment":[{"href":"https:\/\/mouldking.store\/es\/wp-json\/wp\/v2\/media?parent=61785"}],"wp:term":[{"taxonomy":"product_cat","embeddable":true,"href":"https:\/\/mouldking.store\/es\/wp-json\/wp\/v2\/product_cat?post=61785"},{"taxonomy":"product_tag","embeddable":true,"href":"https:\/\/mouldking.store\/es\/wp-json\/wp\/v2\/product_tag?post=61785"}],"curies":[{"name":"wp","href":"https:\/\/api.w.org\/{rel}","templated":true}]}}