{"id":61806,"date":"2024-11-01T17:15:57","date_gmt":"2024-11-01T10:15:57","guid":{"rendered":"https:\/\/mouldking.store\/shop\/moc-factory-89067-mad-max-doof-wagon-with-1934-pieces\/"},"modified":"2025-12-16T20:58:57","modified_gmt":"2025-12-16T13:58:57","slug":"moc-factory-89067-mad-max-doof-wagon-with-1934-pieces","status":"publish","type":"product","link":"https:\/\/mouldking.store\/es\/shop\/moc-factory-89067-mad-max-doof-wagon-with-1934-pieces\/","title":{"rendered":"MOC Factory 89067 Mad Max Doof Wagon with 1934 Pieces"},"content":{"rendered":"<div>\u2705 MOC-89067 Mad Max Doof Wagon<\/p>\n<p>\u2705 The Doof Wagon is an iconic vehicle from the post-apocalyptic film <strong>Mad Max: Fury Road<\/strong>, directed by George Miller. This extraordinary truck serves as a mobile stage for a heavy metal band that plays music to inspire and rally the War Boys, a group of fanatical followers of the film\u2019s antagonist, Immortan Joe.&nbsp;<\/p>\n<p>\ud83d\udeab \u00a1IMPORTANTE!<\/p>\n<p>Product Name: Mad Max Doof Wagon<\/p>\n<p>Categor\u00eda: Pel\u00edcula<\/p>\n<p>This Kit Contains: C10076<\/p>\n<p>1934 pcs Good Quality Bricks<\/p>\n<p>Instrucciones en PDF<\/p>\n<p>\ud83d\udcccNaturaleza del protagonista<\/p>\n<p>Introducing our proud collection named \u201cMad Max Doof Wagon\u201d you should not miss.<\/p>\n<p>Designed to look both intimidating and flamboyant, the Doof Wagon is characterized by its massive sound system, featuring towering speakers, amplifiers, and a prominent guitarist who plays from a platform while suspended above the vehicle. The wagon is often adorned with spikes, chains, and other chaotic decorations that reflect the film&#8217;s gritty aesthetic, embodying the wildness of the wasteland in which the characters live.&nbsp;<\/p><\/div>","protected":false},"excerpt":{"rendered":"<p>Marca: MOC Factory<br \/>\nG\u00e9nero: Unisex<br \/>\nRango de edad: &gt; 6 a\u00f1os<br \/>\nModel Number: 89067<br \/>\nClasificaci\u00f3n: Ensamblaje<br \/>\nForma de bloque de pl\u00e1stico: Ladrillos autoblocantes<br \/>\nMaterial: Pl\u00e1stico<br \/>\nTipo de pl\u00e1stico: ABS<br \/>\nBricks Blocks: 1934 +<br \/>\nSin caja original<br \/>\nEl producto no incluye PEGATINA ni Piezas IMPRESAS. Todas las piezas impresas se reemplazar\u00e1n por piezas est\u00e1ndar y no se incluir\u00e1n en los accesorios de terceros.<\/p>","protected":false},"featured_media":61805,"comment_status":"open","ping_status":"closed","template":"","meta":{"_acf_changed":false},"product_cat":[1357,581,364,1408],"product_tag":[13674,6717,434,389,2310],"class_list":["product","first","instock","shipping-taxable","purchasable","product-type-simple"],"acf":[],"_links":{"self":[{"href":"https:\/\/mouldking.store\/es\/wp-json\/wp\/v2\/product\/61806","targetHints":{"allow":["GET"]}}],"collection":[{"href":"https:\/\/mouldking.store\/es\/wp-json\/wp\/v2\/product"}],"about":[{"href":"https:\/\/mouldking.store\/es\/wp-json\/wp\/v2\/types\/product"}],"replies":[{"embeddable":true,"href":"https:\/\/mouldking.store\/es\/wp-json\/wp\/v2\/comments?post=61806"}],"wp:featuredmedia":[{"embeddable":true,"href":"https:\/\/mouldking.store\/es\/wp-json\/wp\/v2\/media\/61805"}],"wp:attachment":[{"href":"https:\/\/mouldking.store\/es\/wp-json\/wp\/v2\/media?parent=61806"}],"wp:term":[{"taxonomy":"product_cat","embeddable":true,"href":"https:\/\/mouldking.store\/es\/wp-json\/wp\/v2\/product_cat?post=61806"},{"taxonomy":"product_tag","embeddable":true,"href":"https:\/\/mouldking.store\/es\/wp-json\/wp\/v2\/product_tag?post=61806"}],"curies":[{"name":"wp","href":"https:\/\/api.w.org\/{rel}","templated":true}]}}