{"id":61831,"date":"2024-11-01T17:17:09","date_gmt":"2024-11-01T10:17:09","guid":{"rendered":"https:\/\/mouldking.store\/shop\/moc-factory-89066-the-lord-of-the-rings-balrog-with-321-pieces\/"},"modified":"2025-12-16T20:58:57","modified_gmt":"2025-12-16T13:58:57","slug":"moc-factory-89066-the-lord-of-the-rings-balrog-with-321-pieces","status":"publish","type":"product","link":"https:\/\/mouldking.store\/es\/shop\/moc-factory-89066-the-lord-of-the-rings-balrog-with-321-pieces\/","title":{"rendered":"MOC Factory 89066 The Lord of the Rings Balrog with 321 Pieces"},"content":{"rendered":"<div>\u2705 MOC-89066 The Lord of the Rings Balrog<\/p>\n<p>\u2705 The Balrog is a formidable and iconic creature from J.R.R. Tolkien&#8217;s <strong>El Se\u00f1or de los Anillos<\/strong> y <strong>The Silmarillion<\/strong>. Known for its terrifying presence, the Balrog is a demon of shadow and flame, originally a Maia, a lesser divine spirit, who was corrupted by Morgoth, the dark lord. The most famous Balrog in Tolkien&#8217;s works is the one encountered by the Fellowship of the Ring in the Mines of Moria, often referred to as Durin&#8217;s Bane.&nbsp;<\/p>\n<p>\ud83d\udeab \u00a1IMPORTANTE!<\/p>\n<p>Product Name: The Lord of the Rings Balrog<\/p>\n<p>Categor\u00eda: Pel\u00edcula<\/p>\n<p>This Kit Contains: C10163Y01<\/p>\n<p>321 pcs Good Quality Bricks<\/p>\n<p>Size: 31.2 x 20.6 x 21.6cm<\/p>\n<p>Instrucciones en PDF<\/p>\n<p>\ud83d\udcccNaturaleza del protagonista<\/p>\n<p>Introducing our proud collection named \u201cThe Lord of the Rings Balrog\u201d you should not miss.<\/p>\n<p>Described as a towering figure shrouded in darkness, the Balrog wields a fiery whip and has a mane of fire, embodying both terror and majesty. Its fearsome appearance, coupled with its ability to manipulate fire and shadow, makes it one of the most memorable antagonists in the series. The Balrog&#8217;s presence in Moria represents the lingering darkness of Morgoth&#8217;s legacy and the perils that the Fellowship must face on their quest.&nbsp;<\/p><\/div>","protected":false},"excerpt":{"rendered":"<p>Marca: MOC Factory<br \/>\nG\u00e9nero: Unisex<br \/>\nRango de edad: &gt; 6 a\u00f1os<br \/>\nModel Number: 89066<br \/>\nClasificaci\u00f3n: Ensamblaje<br \/>\nForma de bloque de pl\u00e1stico: Ladrillos autoblocantes<br \/>\nMaterial: Pl\u00e1stico<br \/>\nTipo de pl\u00e1stico: ABS<br \/>\nBricks Blocks: 321 +<br \/>\nSin caja original<br \/>\nEl producto no incluye PEGATINA ni Piezas IMPRESAS. Todas las piezas impresas se reemplazar\u00e1n por piezas est\u00e1ndar y no se incluir\u00e1n en los accesorios de terceros.<\/p>","protected":false},"featured_media":61830,"comment_status":"open","ping_status":"closed","template":"","meta":{"_acf_changed":false},"product_cat":[1365,371,581,1408],"product_tag":[13681,11072,8452,13326,434,13194,6169],"class_list":["product","first","instock","shipping-taxable","purchasable","product-type-simple"],"acf":[],"_links":{"self":[{"href":"https:\/\/mouldking.store\/es\/wp-json\/wp\/v2\/product\/61831","targetHints":{"allow":["GET"]}}],"collection":[{"href":"https:\/\/mouldking.store\/es\/wp-json\/wp\/v2\/product"}],"about":[{"href":"https:\/\/mouldking.store\/es\/wp-json\/wp\/v2\/types\/product"}],"replies":[{"embeddable":true,"href":"https:\/\/mouldking.store\/es\/wp-json\/wp\/v2\/comments?post=61831"}],"wp:featuredmedia":[{"embeddable":true,"href":"https:\/\/mouldking.store\/es\/wp-json\/wp\/v2\/media\/61830"}],"wp:attachment":[{"href":"https:\/\/mouldking.store\/es\/wp-json\/wp\/v2\/media?parent=61831"}],"wp:term":[{"taxonomy":"product_cat","embeddable":true,"href":"https:\/\/mouldking.store\/es\/wp-json\/wp\/v2\/product_cat?post=61831"},{"taxonomy":"product_tag","embeddable":true,"href":"https:\/\/mouldking.store\/es\/wp-json\/wp\/v2\/product_tag?post=61831"}],"curies":[{"name":"wp","href":"https:\/\/api.w.org\/{rel}","templated":true}]}}