{"id":61998,"date":"2024-11-01T17:45:24","date_gmt":"2024-11-01T10:45:24","guid":{"rendered":"https:\/\/mouldking.store\/shop\/moc-factory-177592-school-bus-with-635-pieces\/"},"modified":"2025-12-16T20:58:55","modified_gmt":"2025-12-16T13:58:55","slug":"moc-factory-177592-school-bus-with-635-pieces","status":"publish","type":"product","link":"https:\/\/mouldking.store\/es\/shop\/moc-factory-177592-school-bus-with-635-pieces\/","title":{"rendered":"MOC Factory 177592 School Bus with 635 Pieces"},"content":{"rendered":"<div>&nbsp; \u2705 MOC-177592 School Bus<\/p>\n<p>\u2705 A <strong>school bus<\/strong> is a large, specialized vehicle designed primarily for transporting students to and from school and school-related activities. Instantly recognizable by its bright yellow color, which is standardized in many places to enhance visibility and safety, the school bus plays a vital role in the educational system.&nbsp;<\/p>\n<p>\ud83d\udeab \u00a1IMPORTANTE!<\/p>\n<p>Product Name:&nbsp; School Bus&nbsp;<\/p>\n<p>Category:&nbsp; Technic<\/p>\n<p>This Kit Contains:&nbsp; C10191&nbsp;<\/p>\n<p>635 pcs Good Quality Bricks<\/p>\n<p>Size:&nbsp; 18 x 9 x 6 cm&nbsp;<\/p>\n<p>Weight: 0.55 kg&nbsp;<\/p>\n<p>Instrucciones en PDF<\/p>\n<p>\ud83d\udcccNaturaleza del protagonista<\/p>\n<p>Introducing our proud collection named \u201c School Bus \u201d you should not miss.<\/p>\n<p>&nbsp; In addition to its practical purposes, the school bus holds a cultural significance in many regions. It represents childhood, education, and the journey of learning. Its image often evokes nostalgia and is frequently featured in films, books, and art as a symbol of school days and youthful experiences.&nbsp;<\/p><\/div>","protected":false},"excerpt":{"rendered":"<p>Marca: MOC Factory<br \/>\nG\u00e9nero: Unisex<br \/>\nRango de edad: &gt; 6 a\u00f1os<br \/>\nModel Number: 177592<br \/>\nClasificaci\u00f3n: Ensamblaje<br \/>\nForma de bloque de pl\u00e1stico: Ladrillos autoblocantes<br \/>\nMaterial: Pl\u00e1stico<br \/>\nTipo de pl\u00e1stico: ABS<br \/>\nBricks Blocks: 635 +<br \/>\nSin caja original<br \/>\nEl producto no incluye PEGATINA ni Piezas IMPRESAS. Todas las piezas impresas se reemplazar\u00e1n por piezas est\u00e1ndar y no se incluir\u00e1n en los accesorios de terceros.<\/p>","protected":false},"featured_media":61997,"comment_status":"open","ping_status":"closed","template":"","meta":{"_acf_changed":false},"product_cat":[1357,364],"product_tag":[4572,11732,5427,389,11080],"class_list":["product","first","instock","shipping-taxable","purchasable","product-type-simple"],"acf":[],"_links":{"self":[{"href":"https:\/\/mouldking.store\/es\/wp-json\/wp\/v2\/product\/61998","targetHints":{"allow":["GET"]}}],"collection":[{"href":"https:\/\/mouldking.store\/es\/wp-json\/wp\/v2\/product"}],"about":[{"href":"https:\/\/mouldking.store\/es\/wp-json\/wp\/v2\/types\/product"}],"replies":[{"embeddable":true,"href":"https:\/\/mouldking.store\/es\/wp-json\/wp\/v2\/comments?post=61998"}],"wp:featuredmedia":[{"embeddable":true,"href":"https:\/\/mouldking.store\/es\/wp-json\/wp\/v2\/media\/61997"}],"wp:attachment":[{"href":"https:\/\/mouldking.store\/es\/wp-json\/wp\/v2\/media?parent=61998"}],"wp:term":[{"taxonomy":"product_cat","embeddable":true,"href":"https:\/\/mouldking.store\/es\/wp-json\/wp\/v2\/product_cat?post=61998"},{"taxonomy":"product_tag","embeddable":true,"href":"https:\/\/mouldking.store\/es\/wp-json\/wp\/v2\/product_tag?post=61998"}],"curies":[{"name":"wp","href":"https:\/\/api.w.org\/{rel}","templated":true}]}}