{"id":62067,"date":"2024-11-01T17:47:13","date_gmt":"2024-11-01T10:47:13","guid":{"rendered":"https:\/\/mouldking.store\/shop\/moc-factory-89050-corpse-bride-with-616-pieces\/"},"modified":"2025-12-16T20:58:54","modified_gmt":"2025-12-16T13:58:54","slug":"moc-factory-89050-corpse-bride-with-616-pieces","status":"publish","type":"product","link":"https:\/\/mouldking.store\/es\/shop\/moc-factory-89050-corpse-bride-with-616-pieces\/","title":{"rendered":"MOC Factory 89050 La novia cad\u00e1ver con 616 piezas"},"content":{"rendered":"<div>&nbsp;<\/div>\n<div>&nbsp;\u2705 MOC-89050 Corpse Bride<\/p>\n<p>\u2705 <strong>Corpse Bride<\/strong> is a stop-motion animated film directed by Tim Burton, released in 2005. The film is notable for its unique blend of gothic romance, dark humor, and striking visual style, showcasing Burton&#8217;s signature aesthetic. Based on a Russian folktale, <em>Corpse Bride<\/em> tells a poignant story of love, loss, and the complexities of life and death.&nbsp;<\/p>\n<p>\ud83d\udeab \u00a1IMPORTANTE!<\/p>\n<p>Product Name:&nbsp; Corpse Bride&nbsp;<\/p>\n<p>Categor\u00eda: Pel\u00edcula<\/p>\n<p>This Kit Contains:&nbsp; F-C9933&nbsp;<\/p>\n<p>616 pcs Good Quality Bricks<\/p>\n<p>Weight: 0.57 kg&nbsp;<\/p>\n<p>Instrucciones en PDF<\/p>\n<p>\ud83d\udcccNaturaleza del protagonista<\/p>\n<p>Introducing our proud collection named \u201c Corpse Bride \u201d you should not miss.<br \/>&nbsp;<\/div>\n<div>Set in a whimsical and stylized Victorian world, the story follows Victor Van Dort, a young man who is preparing to marry Victoria Everglot, a beautiful but impoverished heiress. As Victor nervously practices his wedding vows in a secluded forest, he accidentally proposes to a deceased bride named Emily, who had been waiting for someone to release her from her earthly bonds.<\/div>\n<div>Emily rises from the grave, believing she is now married to Victor, and takes him to the Land of the Dead, a vibrant yet haunting underworld populated by eccentric characters. As Victor navigates this new realm, he must balance his feelings for both Emily and Victoria, ultimately leading to a deeper exploration of love, sacrifice, and acceptance.&nbsp;<\/div>","protected":false},"excerpt":{"rendered":"<p>Marca: MOC Factory<br \/>\nG\u00e9nero: Unisex<br \/>\nRango de edad: &gt; 6 a\u00f1os<br \/>\nModel Number: 89050<br \/>\nClasificaci\u00f3n: Ensamblaje<br \/>\nForma de bloque de pl\u00e1stico: Ladrillos autoblocantes<br \/>\nMaterial: Pl\u00e1stico<br \/>\nTipo de pl\u00e1stico: ABS<br \/>\nBricks Blocks: 616 +<br \/>\nSin caja original<br \/>\nEl producto no incluye PEGATINA ni Piezas IMPRESAS. Todas las piezas impresas se reemplazar\u00e1n por piezas est\u00e1ndar y no se incluir\u00e1n en los accesorios de terceros.<\/p>","protected":false},"featured_media":62066,"comment_status":"open","ping_status":"closed","template":"","meta":{"_acf_changed":false},"product_cat":[1365,371,581,1408],"product_tag":[11114,13727,11072,8452,434],"class_list":["product","first","instock","shipping-taxable","purchasable","product-type-simple"],"acf":[],"_links":{"self":[{"href":"https:\/\/mouldking.store\/es\/wp-json\/wp\/v2\/product\/62067","targetHints":{"allow":["GET"]}}],"collection":[{"href":"https:\/\/mouldking.store\/es\/wp-json\/wp\/v2\/product"}],"about":[{"href":"https:\/\/mouldking.store\/es\/wp-json\/wp\/v2\/types\/product"}],"replies":[{"embeddable":true,"href":"https:\/\/mouldking.store\/es\/wp-json\/wp\/v2\/comments?post=62067"}],"wp:featuredmedia":[{"embeddable":true,"href":"https:\/\/mouldking.store\/es\/wp-json\/wp\/v2\/media\/62066"}],"wp:attachment":[{"href":"https:\/\/mouldking.store\/es\/wp-json\/wp\/v2\/media?parent=62067"}],"wp:term":[{"taxonomy":"product_cat","embeddable":true,"href":"https:\/\/mouldking.store\/es\/wp-json\/wp\/v2\/product_cat?post=62067"},{"taxonomy":"product_tag","embeddable":true,"href":"https:\/\/mouldking.store\/es\/wp-json\/wp\/v2\/product_tag?post=62067"}],"curies":[{"name":"wp","href":"https:\/\/api.w.org\/{rel}","templated":true}]}}