{"id":62129,"date":"2024-11-11T16:36:50","date_gmt":"2024-11-11T09:36:50","guid":{"rendered":"https:\/\/mouldking.store\/shop\/moc-factory-89046-battletech-urbanmech-with-888-pieces\/"},"modified":"2025-12-16T20:58:54","modified_gmt":"2025-12-16T13:58:54","slug":"moc-factory-89046-battletech-urbanmech-with-888-pieces","status":"publish","type":"product","link":"https:\/\/mouldking.store\/es\/shop\/moc-factory-89046-battletech-urbanmech-with-888-pieces\/","title":{"rendered":"MOC Factory 89046 BattleTech UrbanMech con 888 piezas"},"content":{"rendered":"<div>&nbsp; \u2705 MOC-89046 BattleTech UrbanMech<\/p>\n<p>\u2705 The <strong>UrbanMech<\/strong> is a type of BattleMech (or <em>mec\u00e1nico<\/em>) from the <em>BattleTech<\/em> universe, a popular tabletop wargame and science fiction franchise set in the future, where powerful, humanoid robots are used in warfare.<\/p>\n<p>\ud83d\udeab \u00a1IMPORTANTE!<\/p>\n<p>Product Name:&nbsp; BattleTech UrbanMech<\/p>\n<p>Category: Game<\/p>\n<p>This Kit Contains:&nbsp; C10092<\/p>\n<p>888 pcs Good Quality Bricks<\/p>\n<p>Size:&nbsp; 18.2 x 15 x 26 cm<\/p>\n<p>Weight: 0.69 kg<\/p>\n<p>Instrucciones en PDF<\/p>\n<p>\ud83d\udcccNaturaleza del protagonista<\/p>\n<p>Introducing our proud collection named \u201c BattleTech UrbanMech \u201d you should not miss.<\/p>\n<p>&nbsp; While the UrbanMech was initially not as glamorous or powerful as other <em>Mechs<\/em>, it has gained a kind of cult status among <em>BattleTech<\/em> fans for its durability and its role as the underdog. Despite being slower and more specialized, the UrbanMech is often seen as a reliable, tough fighter in urban warfare scenarios.&nbsp;<\/div>","protected":false},"excerpt":{"rendered":"<p>Marca: MOC Factory<br \/>\nG\u00e9nero: Unisex<br \/>\nRango de edad: &gt; 6 a\u00f1os<br \/>\nModel Number: 89046<br \/>\nClasificaci\u00f3n: Ensamblaje<br \/>\nForma de bloque de pl\u00e1stico: Ladrillos autoblocantes<br \/>\nMaterial: Pl\u00e1stico<br \/>\nTipo de pl\u00e1stico: ABS<br \/>\nBricks Blocks: 888 +<br \/>\nSin caja original<br \/>\nEl producto no incluye PEGATINA ni Piezas IMPRESAS. Todas las piezas impresas se reemplazar\u00e1n por piezas est\u00e1ndar y no se incluir\u00e1n en los accesorios de terceros.<\/p>","protected":false},"featured_media":62128,"comment_status":"open","ping_status":"closed","template":"","meta":{"_acf_changed":false},"product_cat":[1365,371],"product_tag":[12488,11072,8452,11301,590,13321],"class_list":["product","first","instock","shipping-taxable","purchasable","product-type-simple"],"acf":[],"_links":{"self":[{"href":"https:\/\/mouldking.store\/es\/wp-json\/wp\/v2\/product\/62129","targetHints":{"allow":["GET"]}}],"collection":[{"href":"https:\/\/mouldking.store\/es\/wp-json\/wp\/v2\/product"}],"about":[{"href":"https:\/\/mouldking.store\/es\/wp-json\/wp\/v2\/types\/product"}],"replies":[{"embeddable":true,"href":"https:\/\/mouldking.store\/es\/wp-json\/wp\/v2\/comments?post=62129"}],"wp:featuredmedia":[{"embeddable":true,"href":"https:\/\/mouldking.store\/es\/wp-json\/wp\/v2\/media\/62128"}],"wp:attachment":[{"href":"https:\/\/mouldking.store\/es\/wp-json\/wp\/v2\/media?parent=62129"}],"wp:term":[{"taxonomy":"product_cat","embeddable":true,"href":"https:\/\/mouldking.store\/es\/wp-json\/wp\/v2\/product_cat?post=62129"},{"taxonomy":"product_tag","embeddable":true,"href":"https:\/\/mouldking.store\/es\/wp-json\/wp\/v2\/product_tag?post=62129"}],"curies":[{"name":"wp","href":"https:\/\/api.w.org\/{rel}","templated":true}]}}