{"id":62164,"date":"2024-11-11T16:40:00","date_gmt":"2024-11-11T09:40:00","guid":{"rendered":"https:\/\/mouldking.store\/shop\/moc-factory-89048-haunted-house-with-1196-pieces\/"},"modified":"2025-12-16T20:58:54","modified_gmt":"2025-12-16T13:58:54","slug":"moc-factory-89048-haunted-house-with-1196-pieces","status":"publish","type":"product","link":"https:\/\/mouldking.store\/es\/shop\/moc-factory-89048-haunted-house-with-1196-pieces\/","title":{"rendered":"MOC Factory 89048 Haunted House with 1196 Pieces"},"content":{"rendered":"<div>&nbsp; \u2705 MOC-89048 Haunted House<\/p>\n<p>\u2705 Haunted houses have a long history of captivating imaginations, with their eerie atmospheres, chilling legends, and supernatural residents. Typically, these houses are portrayed as grand but decaying buildings, filled with cobwebbed corridors, dark basements, hidden passageways, and often some tragic or mysterious backstory.&nbsp;<\/p>\n<p>\ud83d\udeab \u00a1IMPORTANTE!<\/p>\n<p>Product Name:&nbsp; Haunted House&nbsp;<\/p>\n<p>Categor\u00eda: Edificio Modular<\/p>\n<p>This Kit Contains:&nbsp; F-C9987&nbsp;<\/p>\n<p>&nbsp;1196 pcs Good Quality Bricks<\/p>\n<p>&nbsp;Weight: 1.8 kg&nbsp;<\/p>\n<p>Instrucciones en PDF<\/p>\n<p>\ud83d\udcccNaturaleza del protagonista<\/p>\n<p>Introducing our proud collection named \u201c Haunted House \u201d you should not miss.<\/p>\n<p>&nbsp; Many haunted houses in popular culture are inspired by real-life haunted locations, like the Winchester Mystery House in California, with its endless staircases and doors leading nowhere, or the Amityville House with its dark legend of possession and murder.&nbsp;<\/p><\/div>","protected":false},"excerpt":{"rendered":"<p>Marca: MOC Factory<br \/>\nG\u00e9nero: Unisex<br \/>\nRango de edad: &gt; 6 a\u00f1os<br \/>\nModel Number: 89048<br \/>\nClasificaci\u00f3n: Ensamblaje<br \/>\nForma de bloque de pl\u00e1stico: Ladrillos autoblocantes<br \/>\nMaterial: Pl\u00e1stico<br \/>\nTipo de pl\u00e1stico: ABS<br \/>\nBricks Blocks: 1196 +<br \/>\nSin caja original<br \/>\nEl producto no incluye PEGATINA ni Piezas IMPRESAS. Todas las piezas impresas se reemplazar\u00e1n por piezas est\u00e1ndar y no se incluir\u00e1n en los accesorios de terceros.<\/p>","protected":false},"featured_media":62163,"comment_status":"open","ping_status":"closed","template":"","meta":{"_acf_changed":false},"product_cat":[1365,1395,1502,390],"product_tag":[4883,8452,8903,13096,2318,392,13735],"class_list":["product","first","instock","shipping-taxable","purchasable","product-type-simple"],"acf":[],"_links":{"self":[{"href":"https:\/\/mouldking.store\/es\/wp-json\/wp\/v2\/product\/62164","targetHints":{"allow":["GET"]}}],"collection":[{"href":"https:\/\/mouldking.store\/es\/wp-json\/wp\/v2\/product"}],"about":[{"href":"https:\/\/mouldking.store\/es\/wp-json\/wp\/v2\/types\/product"}],"replies":[{"embeddable":true,"href":"https:\/\/mouldking.store\/es\/wp-json\/wp\/v2\/comments?post=62164"}],"wp:featuredmedia":[{"embeddable":true,"href":"https:\/\/mouldking.store\/es\/wp-json\/wp\/v2\/media\/62163"}],"wp:attachment":[{"href":"https:\/\/mouldking.store\/es\/wp-json\/wp\/v2\/media?parent=62164"}],"wp:term":[{"taxonomy":"product_cat","embeddable":true,"href":"https:\/\/mouldking.store\/es\/wp-json\/wp\/v2\/product_cat?post=62164"},{"taxonomy":"product_tag","embeddable":true,"href":"https:\/\/mouldking.store\/es\/wp-json\/wp\/v2\/product_tag?post=62164"}],"curies":[{"name":"wp","href":"https:\/\/api.w.org\/{rel}","templated":true}]}}