{"id":62200,"date":"2024-11-14T17:57:40","date_gmt":"2024-11-14T10:57:40","guid":{"rendered":"https:\/\/mouldking.store\/shop\/moc-factory-182098-the-lord-of-the-rings-rivendell-with-3259-pieces\/"},"modified":"2025-12-16T20:58:54","modified_gmt":"2025-12-16T13:58:54","slug":"moc-factory-182098-the-lord-of-the-rings-rivendell-with-3259-pieces","status":"publish","type":"product","link":"https:\/\/mouldking.store\/es\/shop\/moc-factory-182098-the-lord-of-the-rings-rivendell-with-3259-pieces\/","title":{"rendered":"MOC Factory 182098 The Lord of the Rings Rivendell with 3259 Pieces"},"content":{"rendered":"<div>&nbsp; \u2705 MOC-182098 The Lord of the Rings Rivendell<\/p>\n<p>\u2705 En <em>El Se\u00f1or de los Anillos<\/em>, Rivendell is a serene and beautiful Elven realm located in a hidden valley near the Misty Mountains. Known as <em>Imladris<\/em> in Elvish, it is often called &#8220;The Last Homely House East of the Sea&#8221; because it offers a safe haven on the borders of the wild lands of Middle-earth.<\/p>\n<p>\ud83d\udeab \u00a1IMPORTANTE!<\/p>\n<p>Product Name:&nbsp; The Lord of the Rings Rivendell<\/p>\n<p>Categor\u00eda: Edificio Modular<\/p>\n<p>This Kit Contains:&nbsp; C10193<\/p>\n<p>3259 pcs Good Quality Bricks<\/p>\n<p>Size:&nbsp; 45.8 x 29 x 28.6 cm<\/p>\n<p>Weight: 2.07 kg<\/p>\n<p>Instrucciones en PDF<\/p>\n<p>\ud83d\udcccNaturaleza del protagonista<\/p>\n<p>Introducing our proud collection named \u201c The Lord of the Rings Rivendell \u201d you should not miss.<\/p>\n<p>&nbsp; Rivendell is built into the natural landscape, with cascading waterfalls, elegant stone bridges, and beautiful terraced buildings that blend harmoniously with the trees and mountains. The architecture is graceful and filled with intricate Elvish design.&nbsp; Rivendell is home to vast knowledge and ancient lore. The Elves of Rivendell keep extensive libraries of books, histories, and songs. The <em>Council of Elrond<\/em>, where the Fellowship of the Ring is formed, takes place here.&nbsp; Rivendell is ruled by <em>Elrond<\/em>, a wise and powerful Elf-lord with a deep connection to the history of Middle-earth. His wisdom and healing abilities make Rivendell a place of healing and counsel.&nbsp;<\/div>","protected":false},"excerpt":{"rendered":"<p>Marca: MOC Factory<br \/>\nG\u00e9nero: Unisex<br \/>\nRango de edad: &gt; 6 a\u00f1os<br \/>\nModel Number: 182098<br \/>\nClasificaci\u00f3n: Ensamblaje<br \/>\nForma de bloque de pl\u00e1stico: Ladrillos autoblocantes<br \/>\nMaterial: Pl\u00e1stico<br \/>\nTipo de pl\u00e1stico: ABS<br \/>\nBricks Blocks: 3259 +<br \/>\nSin caja original<br \/>\nEl producto no incluye PEGATINA ni Piezas IMPRESAS. Todas las piezas impresas se reemplazar\u00e1n por piezas est\u00e1ndar y no se incluir\u00e1n en los accesorios de terceros.<\/p>","protected":false},"featured_media":62199,"comment_status":"open","ping_status":"closed","template":"","meta":{"_acf_changed":false},"product_cat":[1365,1395,390,581,1408],"product_tag":[8452,13326,392,434,13737,13194,6169],"class_list":["product","first","instock","shipping-taxable","purchasable","product-type-simple"],"acf":[],"_links":{"self":[{"href":"https:\/\/mouldking.store\/es\/wp-json\/wp\/v2\/product\/62200","targetHints":{"allow":["GET"]}}],"collection":[{"href":"https:\/\/mouldking.store\/es\/wp-json\/wp\/v2\/product"}],"about":[{"href":"https:\/\/mouldking.store\/es\/wp-json\/wp\/v2\/types\/product"}],"replies":[{"embeddable":true,"href":"https:\/\/mouldking.store\/es\/wp-json\/wp\/v2\/comments?post=62200"}],"wp:featuredmedia":[{"embeddable":true,"href":"https:\/\/mouldking.store\/es\/wp-json\/wp\/v2\/media\/62199"}],"wp:attachment":[{"href":"https:\/\/mouldking.store\/es\/wp-json\/wp\/v2\/media?parent=62200"}],"wp:term":[{"taxonomy":"product_cat","embeddable":true,"href":"https:\/\/mouldking.store\/es\/wp-json\/wp\/v2\/product_cat?post=62200"},{"taxonomy":"product_tag","embeddable":true,"href":"https:\/\/mouldking.store\/es\/wp-json\/wp\/v2\/product_tag?post=62200"}],"curies":[{"name":"wp","href":"https:\/\/api.w.org\/{rel}","templated":true}]}}