{"id":62222,"date":"2024-11-14T17:59:14","date_gmt":"2024-11-14T10:59:14","guid":{"rendered":"https:\/\/mouldking.store\/shop\/moc-factory-50294-ghostbustersstay-puft-marshmallow-man-with-830-pieces\/"},"modified":"2025-12-16T20:58:53","modified_gmt":"2025-12-16T13:58:53","slug":"moc-factory-50294-ghostbustersstay-puft-marshmallow-man-with-830-pieces","status":"publish","type":"product","link":"https:\/\/mouldking.store\/es\/shop\/moc-factory-50294-ghostbustersstay-puft-marshmallow-man-with-830-pieces\/","title":{"rendered":"MOC Factory 50294 GhostbustersStay-Puft Marshmallow Man with 830 Pieces"},"content":{"rendered":"<div>&nbsp; \u2705 MOC-50294 GhostbustersStay-Puft Marshmallow Man<\/p>\n<p>\u2705 The Stay-Puft Marshmallow Man is one of the most iconic characters in <em>Ghostbusters<\/em>, appearing as a massive, monstrous figure made of marshmallow in the form of a sailor mascot.<\/p>\n<p>\ud83d\udeab \u00a1IMPORTANTE!<\/p>\n<p>Product Name:&nbsp; GhostbustersStay-Puft Marshmallow Man<\/p>\n<p>Categor\u00eda: Pel\u00edcula<\/p>\n<p>This Kit Contains:&nbsp; C10199<\/p>\n<p>830 pcs Good Quality Bricks<\/p>\n<p>Size:&nbsp; 25 x 8 x 35 cm<\/p>\n<p>Weight: 0.78 kg<\/p>\n<p>Instrucciones en PDF<\/p>\n<p>\ud83d\udcccNaturaleza del protagonista<\/p>\n<p>Introducing our proud collection named \u201c GhostbustersStay-Puft Marshmallow Man \u201d you should not miss.<\/p>\n<p>&nbsp; The Stay-Puft Marshmallow Man resembles a giant marshmallow mascot wearing a sailor hat and a blue bib with a red neckerchief, looking harmless and cheerful at first glance. In <em>Ghostbusters<\/em>, he\u2019s the mascot for the fictional Stay-Puft Marshmallow brand, a playful nod to classic advertising mascots.&nbsp; In the movie, the ancient god Gozer the Gozerian, an interdimensional being summoned to destroy humanity, takes on this form to manifest on Earth. The form was inadvertently chosen by Ray Stantz (Dan Aykroyd), one of the Ghostbusters, who tried to think of something that could never hurt them. Ironically, Gozer becomes a gigantic, destructive version of the harmless mascot.&nbsp;<\/div>","protected":false},"excerpt":{"rendered":"<p>Marca: MOC Factory<br \/>\nG\u00e9nero: Unisex<br \/>\nRango de edad: &gt; 6 a\u00f1os<br \/>\nModel Number: 50294<br \/>\nClasificaci\u00f3n: Ensamblaje<br \/>\nForma de bloque de pl\u00e1stico: Ladrillos autoblocantes<br \/>\nMaterial: Pl\u00e1stico<br \/>\nTipo de pl\u00e1stico: ABS<br \/>\nBricks Blocks: 830 +<br \/>\nSin caja original<br \/>\nEl producto no incluye PEGATINA ni Piezas IMPRESAS. Todas las piezas impresas se reemplazar\u00e1n por piezas est\u00e1ndar y no se incluir\u00e1n en los accesorios de terceros.<\/p>","protected":false},"featured_media":62221,"comment_status":"open","ping_status":"closed","template":"","meta":{"_acf_changed":false},"product_cat":[1365,371,581,1408],"product_tag":[11072,8452,13740,13642,13738,13741,434,13739],"class_list":["product","first","instock","shipping-taxable","purchasable","product-type-simple"],"acf":[],"_links":{"self":[{"href":"https:\/\/mouldking.store\/es\/wp-json\/wp\/v2\/product\/62222","targetHints":{"allow":["GET"]}}],"collection":[{"href":"https:\/\/mouldking.store\/es\/wp-json\/wp\/v2\/product"}],"about":[{"href":"https:\/\/mouldking.store\/es\/wp-json\/wp\/v2\/types\/product"}],"replies":[{"embeddable":true,"href":"https:\/\/mouldking.store\/es\/wp-json\/wp\/v2\/comments?post=62222"}],"wp:featuredmedia":[{"embeddable":true,"href":"https:\/\/mouldking.store\/es\/wp-json\/wp\/v2\/media\/62221"}],"wp:attachment":[{"href":"https:\/\/mouldking.store\/es\/wp-json\/wp\/v2\/media?parent=62222"}],"wp:term":[{"taxonomy":"product_cat","embeddable":true,"href":"https:\/\/mouldking.store\/es\/wp-json\/wp\/v2\/product_cat?post=62222"},{"taxonomy":"product_tag","embeddable":true,"href":"https:\/\/mouldking.store\/es\/wp-json\/wp\/v2\/product_tag?post=62222"}],"curies":[{"name":"wp","href":"https:\/\/api.w.org\/{rel}","templated":true}]}}