{"id":62239,"date":"2024-11-14T17:59:45","date_gmt":"2024-11-14T10:59:45","guid":{"rendered":"https:\/\/mouldking.store\/shop\/moc-factory-89037-plague-doctor-with-263-pieces\/"},"modified":"2025-12-16T20:58:53","modified_gmt":"2025-12-16T13:58:53","slug":"moc-factory-89037-plague-doctor-with-263-pieces","status":"publish","type":"product","link":"https:\/\/mouldking.store\/es\/shop\/moc-factory-89037-plague-doctor-with-263-pieces\/","title":{"rendered":"MOC Factory 89037 Plague Doctor with 263 Pieces"},"content":{"rendered":"<div>&nbsp; \u2705 MOC-89037 Plague Doctor<\/p>\n<p>\u2705 The <strong>Plague Doctor<\/strong> is a historical figure most famously associated with the bubonic plague outbreaks of the 17th and 18th centuries in Europe. Plague doctors were medical professionals hired to care for victims of the plague, but their role and appearance became widely recognized as macabre and mysterious.&nbsp;<\/p>\n<p>\ud83d\udeab \u00a1IMPORTANTE!<\/p>\n<p>Product Name:&nbsp; Plague Doctor&nbsp;<\/p>\n<p>Categor\u00eda: Pel\u00edcula<\/p>\n<p>This Kit Contains:&nbsp; C10099&nbsp;<\/p>\n<p>263 pcs Good Quality Bricks<\/p>\n<p>Size:&nbsp; 6.8 x 9.2 x 7.4 cm&nbsp;<\/p>\n<p>Peso: 0,2 kg&nbsp;<\/p>\n<p>Instrucciones en PDF<\/p>\n<p>\ud83d\udcccNaturaleza del protagonista<\/p>\n<p>Introducing our proud collection named \u201c&nbsp; Plague Doctor \u201d you should not miss.<\/p>\n<p>&nbsp; During times of plague outbreaks, doctors were often employed to treat the infected or at least to oversee quarantine procedures. However, due to the limited medical knowledge at the time, they had little understanding of how to treat the disease.&nbsp; Treatments prescribed by Plague Doctors were rudimentary and often ineffective. These included bloodletting, herbal remedies, and &#8220;smelling&#8221; bad odors to purify the air. The doctors would often use masks and other protective clothing to shield themselves from infection, though they didn\u2019t understand that the disease spread through bacteria or viruses.&nbsp;<\/p><\/div>","protected":false},"excerpt":{"rendered":"<p>Marca: MOC Factory<br \/>\nG\u00e9nero: Unisex<br \/>\nRango de edad: &gt; 6 a\u00f1os<br \/>\nModel Number: 89037<br \/>\nClasificaci\u00f3n: Ensamblaje<br \/>\nForma de bloque de pl\u00e1stico: Ladrillos autoblocantes<br \/>\nMaterial: Pl\u00e1stico<br \/>\nTipo de pl\u00e1stico: ABS<br \/>\nBricks Blocks: 263 +<br \/>\nSin caja original<br \/>\nEl producto no incluye PEGATINA ni Piezas IMPRESAS. Todas las piezas impresas se reemplazar\u00e1n por piezas est\u00e1ndar y no se incluir\u00e1n en los accesorios de terceros.<\/p>","protected":false},"featured_media":62238,"comment_status":"open","ping_status":"closed","template":"","meta":{"_acf_changed":false},"product_cat":[1365,371,581,1408],"product_tag":[11072,8452,10859,434,9426],"class_list":["product","first","instock","shipping-taxable","purchasable","product-type-simple"],"acf":[],"_links":{"self":[{"href":"https:\/\/mouldking.store\/es\/wp-json\/wp\/v2\/product\/62239","targetHints":{"allow":["GET"]}}],"collection":[{"href":"https:\/\/mouldking.store\/es\/wp-json\/wp\/v2\/product"}],"about":[{"href":"https:\/\/mouldking.store\/es\/wp-json\/wp\/v2\/types\/product"}],"replies":[{"embeddable":true,"href":"https:\/\/mouldking.store\/es\/wp-json\/wp\/v2\/comments?post=62239"}],"wp:featuredmedia":[{"embeddable":true,"href":"https:\/\/mouldking.store\/es\/wp-json\/wp\/v2\/media\/62238"}],"wp:attachment":[{"href":"https:\/\/mouldking.store\/es\/wp-json\/wp\/v2\/media?parent=62239"}],"wp:term":[{"taxonomy":"product_cat","embeddable":true,"href":"https:\/\/mouldking.store\/es\/wp-json\/wp\/v2\/product_cat?post=62239"},{"taxonomy":"product_tag","embeddable":true,"href":"https:\/\/mouldking.store\/es\/wp-json\/wp\/v2\/product_tag?post=62239"}],"curies":[{"name":"wp","href":"https:\/\/api.w.org\/{rel}","templated":true}]}}