{"id":62274,"date":"2024-11-14T18:08:59","date_gmt":"2024-11-14T11:08:59","guid":{"rendered":"https:\/\/mouldking.store\/shop\/moc-factory-89035-monsters-incmike-wazowsk-james-p-sullivan-with-432-pieces\/"},"modified":"2025-12-16T20:58:52","modified_gmt":"2025-12-16T13:58:52","slug":"moc-factory-89035-monsters-incmike-wazowsk-james-p-sullivan-with-432-pieces","status":"publish","type":"product","link":"https:\/\/mouldking.store\/es\/shop\/moc-factory-89035-monsters-incmike-wazowsk-james-p-sullivan-with-432-pieces\/","title":{"rendered":"MOC Factory 89035 Monsters IncMike Wazowsk James P Sullivan with 432 Pieces"},"content":{"rendered":"<div>&nbsp; \u2705 MOC-89035 Monsters IncMike Wazowsk James P Sullivan<\/p>\n<p>\u2705 <strong>Mike Wazowski<\/strong> y <strong>James P. Sullivan (Sulley)<\/strong> are the main characters from <em>Monsters, Inc.<\/em>, the 2001 animated film produced by Pixar Animation Studios and released by Walt Disney Pictures. They are iconic figures in the <em>Monsters, Inc.<\/em> universe and have become beloved characters in the Pixar family.&nbsp;<\/p>\n<p>\ud83d\udeab \u00a1IMPORTANTE!<\/p>\n<p>Product Name:&nbsp; Monsters IncMike Wazowsk James P Sullivan&nbsp;<\/p>\n<p>Categor\u00eda: Pel\u00edcula<\/p>\n<p>This Kit Contains:&nbsp; C10169&nbsp;<\/p>\n<p>432 pcs Good Quality Bricks<\/p>\n<p>Size:&nbsp; 10.9 x 12.2 x 16 cm&nbsp;<\/p>\n<p>Peso: 0,26 kg&nbsp;<\/p>\n<p>Instrucciones en PDF<\/p>\n<p>\ud83d\udcccNaturaleza del protagonista<\/p>\n<p>Introducing our proud collection named \u201c Monsters IncMike Wazowsk James P Sullivan \u201d you should not miss.<\/p>\n<p>&nbsp; Mike Wazowski is a small, round green monster with one large eye and two tiny horns on top of his head. His body is mostly spherical, with short legs and arms, making him appear somewhat comical and endearing. Despite his small size, he\u2019s a confident and determined character.&nbsp; Sulley is a large, furry, and muscular blue and purple monster with black spots across his body. He has two horns on top of his head and a friendly face with a broad smile, though his imposing size can be intimidating to others at first glance. Despite his physical strength, Sulley has a warm and kind heart.&nbsp;<\/p><\/div>","protected":false},"excerpt":{"rendered":"<p>Marca: MOC Factory<br \/>\nG\u00e9nero: Unisex<br \/>\nRango de edad: &gt; 6 a\u00f1os<br \/>\nModel Number: 89035<br \/>\nClasificaci\u00f3n: Ensamblaje<br \/>\nForma de bloque de pl\u00e1stico: Ladrillos autoblocantes<br \/>\nMaterial: Pl\u00e1stico<br \/>\nTipo de pl\u00e1stico: ABS<br \/>\nBricks Blocks: 432 +<br \/>\nSin caja original<br \/>\nEl producto no incluye PEGATINA ni Piezas IMPRESAS. Todas las piezas impresas se reemplazar\u00e1n por piezas est\u00e1ndar y no se incluir\u00e1n en los accesorios de terceros.<\/p>","protected":false},"featured_media":62273,"comment_status":"open","ping_status":"closed","template":"","meta":{"_acf_changed":false},"product_cat":[1365,371,581,1408],"product_tag":[11072,11775,8452,11601,13745,13461,13748,13746,468,434,13749,13747],"class_list":["product","first","instock","shipping-taxable","purchasable","product-type-simple"],"acf":[],"_links":{"self":[{"href":"https:\/\/mouldking.store\/es\/wp-json\/wp\/v2\/product\/62274","targetHints":{"allow":["GET"]}}],"collection":[{"href":"https:\/\/mouldking.store\/es\/wp-json\/wp\/v2\/product"}],"about":[{"href":"https:\/\/mouldking.store\/es\/wp-json\/wp\/v2\/types\/product"}],"replies":[{"embeddable":true,"href":"https:\/\/mouldking.store\/es\/wp-json\/wp\/v2\/comments?post=62274"}],"wp:featuredmedia":[{"embeddable":true,"href":"https:\/\/mouldking.store\/es\/wp-json\/wp\/v2\/media\/62273"}],"wp:attachment":[{"href":"https:\/\/mouldking.store\/es\/wp-json\/wp\/v2\/media?parent=62274"}],"wp:term":[{"taxonomy":"product_cat","embeddable":true,"href":"https:\/\/mouldking.store\/es\/wp-json\/wp\/v2\/product_cat?post=62274"},{"taxonomy":"product_tag","embeddable":true,"href":"https:\/\/mouldking.store\/es\/wp-json\/wp\/v2\/product_tag?post=62274"}],"curies":[{"name":"wp","href":"https:\/\/api.w.org\/{rel}","templated":true}]}}