{"id":62284,"date":"2024-11-14T18:09:25","date_gmt":"2024-11-14T11:09:25","guid":{"rendered":"https:\/\/mouldking.store\/shop\/moc-factory-89034-godzillamothra-with-529-pieces\/"},"modified":"2025-12-16T20:58:51","modified_gmt":"2025-12-16T13:58:51","slug":"moc-factory-89034-godzillamothra-with-529-pieces","status":"publish","type":"product","link":"https:\/\/mouldking.store\/es\/shop\/moc-factory-89034-godzillamothra-with-529-pieces\/","title":{"rendered":"MOC Factory 89034 Godzillamothra with 529 Pieces"},"content":{"rendered":"<div>&nbsp; \u2705 MOC-89034 Godzillamothra<\/p>\n<p>\u2705 &#8220;Godzillamothra&#8221; combines two iconic kaiju from the <em>Godzilla<\/em> universe: Godzilla, the king of monsters, and Mothra, a giant, benevolent moth-like creature. Godzilla is known for his immense size, powerful atomic breath, and incredible durability, while Mothra is characterized by her beauty, large, colorful wings, and more peaceful nature, often seen as a protector of Earth.&nbsp;<\/p>\n<p>\ud83d\udeab \u00a1IMPORTANTE!<\/p>\n<p>Product Name:&nbsp; Godzillamothra&nbsp;<\/p>\n<p>Categor\u00eda: Pel\u00edcula<\/p>\n<p>This Kit Contains:&nbsp; C10175&nbsp;<\/p>\n<p>529 pcs Good Quality Bricks<\/p>\n<p>Size:&nbsp; 25.6 x 25.6 x 27 cm&nbsp;<\/p>\n<p>Weight: 0.55 kg&nbsp;<\/p>\n<p>Instrucciones en PDF<\/p>\n<p>\ud83d\udcccNaturaleza del protagonista<\/p>\n<p>Introducing our proud collection named \u201c Godzillamothra \u201d you should not miss.<\/p>\n<p>&nbsp; A &#8220;Godzillamothra&#8221; concept could be fascinating, blending the strength, ferocity, and powerful attacks of Godzilla with Mothra\u2019s agility, ethereal wings, and an aura of light or energy. This fusion might look like a huge, reptilian creature with scales but also bear elegant, luminescent wings and antennae, giving it both a fearsome and majestic presence.&nbsp;<\/p><\/div>","protected":false},"excerpt":{"rendered":"<p>Marca: MOC Factory<br \/>\nG\u00e9nero: Unisex<br \/>\nRango de edad: &gt; 6 a\u00f1os<br \/>\nModel Number: 89034<br \/>\nClasificaci\u00f3n: Ensamblaje<br \/>\nForma de bloque de pl\u00e1stico: Ladrillos autoblocantes<br \/>\nMaterial: Pl\u00e1stico<br \/>\nTipo de pl\u00e1stico: ABS<br \/>\nBricks Blocks: 529 +<br \/>\nSin caja original<br \/>\nEl producto no incluye PEGATINA ni Piezas IMPRESAS. Todas las piezas impresas se reemplazar\u00e1n por piezas est\u00e1ndar y no se incluir\u00e1n en los accesorios de terceros.<\/p>","protected":false},"featured_media":62283,"comment_status":"open","ping_status":"closed","template":"","meta":{"_acf_changed":false},"product_cat":[1365,371,581,1408],"product_tag":[11110,13507,11072,11775,8452,13750,434],"class_list":["product","first","instock","shipping-taxable","purchasable","product-type-simple"],"acf":[],"_links":{"self":[{"href":"https:\/\/mouldking.store\/es\/wp-json\/wp\/v2\/product\/62284","targetHints":{"allow":["GET"]}}],"collection":[{"href":"https:\/\/mouldking.store\/es\/wp-json\/wp\/v2\/product"}],"about":[{"href":"https:\/\/mouldking.store\/es\/wp-json\/wp\/v2\/types\/product"}],"replies":[{"embeddable":true,"href":"https:\/\/mouldking.store\/es\/wp-json\/wp\/v2\/comments?post=62284"}],"wp:featuredmedia":[{"embeddable":true,"href":"https:\/\/mouldking.store\/es\/wp-json\/wp\/v2\/media\/62283"}],"wp:attachment":[{"href":"https:\/\/mouldking.store\/es\/wp-json\/wp\/v2\/media?parent=62284"}],"wp:term":[{"taxonomy":"product_cat","embeddable":true,"href":"https:\/\/mouldking.store\/es\/wp-json\/wp\/v2\/product_cat?post=62284"},{"taxonomy":"product_tag","embeddable":true,"href":"https:\/\/mouldking.store\/es\/wp-json\/wp\/v2\/product_tag?post=62284"}],"curies":[{"name":"wp","href":"https:\/\/api.w.org\/{rel}","templated":true}]}}