{"id":62335,"date":"2024-11-14T18:11:42","date_gmt":"2024-11-14T11:11:42","guid":{"rendered":"https:\/\/mouldking.store\/shop\/moc-factory-91029-winter-architecture-alpine-lodge-with-2231-pieces\/"},"modified":"2025-12-16T20:58:51","modified_gmt":"2025-12-16T13:58:51","slug":"moc-factory-91029-winter-architecture-alpine-lodge-with-2231-pieces","status":"publish","type":"product","link":"https:\/\/mouldking.store\/es\/shop\/moc-factory-91029-winter-architecture-alpine-lodge-with-2231-pieces\/","title":{"rendered":"MOC Factory 91029 Winter Architecture Alpine Lodge with 2231 Pieces"},"content":{"rendered":"<div>&nbsp; \u2705 MOC-91029 Winter Architecture Alpine Lodge<\/p>\n<p>\u2705 A winter alpine lodge captures the essence of mountain charm with an architectural design tailored for snowy landscapes and cozy comfort. These lodges typically feature natural materials like stone and wood, creating a rustic yet refined look that blends seamlessly with the surrounding alpine environment.&nbsp;<\/p>\n<p>\ud83d\udeab \u00a1IMPORTANTE!<\/p>\n<p>Product Name:&nbsp; Winter Architecture Alpine Lodge&nbsp;<\/p>\n<p>Categor\u00eda: Edificio Modular<\/p>\n<p>This Kit Contains:&nbsp; C10229&nbsp;<\/p>\n<p>&nbsp;2231 pcs Good Quality Bricks<\/p>\n<p>Size:&nbsp; 17 x 16 x 22 cm&nbsp;<\/p>\n<p>&nbsp;Weight: 1.24 kg&nbsp;<\/p>\n<p>Instrucciones en PDF<\/p>\n<p>\ud83d\udcccNaturaleza del protagonista<\/p>\n<p>Introducing our proud collection named \u201c Winter Architecture Alpine Lodge \u201d you should not miss.<\/p>\n<p>&nbsp; Alpine lodges are designed to be a haven from the elements, blending comfort, style, and a connection to the rugged natural beauty of winter landscapes.&nbsp;<\/p><\/div>","protected":false},"excerpt":{"rendered":"<p>Marca: MOC Factory<br \/>\nG\u00e9nero: Unisex<br \/>\nRango de edad: &gt; 6 a\u00f1os<br \/>\nModel Number: 91029<br \/>\nClasificaci\u00f3n: Ensamblaje<br \/>\nForma de bloque de pl\u00e1stico: Ladrillos autoblocantes<br \/>\nMaterial: Pl\u00e1stico<br \/>\nTipo de pl\u00e1stico: ABS<br \/>\nBricks Blocks: 2231 +<br \/>\nSin caja original<br \/>\nEl producto no incluye PEGATINA ni Piezas IMPRESAS. Todas las piezas impresas se reemplazar\u00e1n por piezas est\u00e1ndar y no se incluir\u00e1n en los accesorios de terceros.<\/p>","protected":false},"featured_media":62334,"comment_status":"open","ping_status":"closed","template":"","meta":{"_acf_changed":false},"product_cat":[1365,1395,371,390],"product_tag":[13760,11260,1066,11072,8452,12734,392,13761,10511],"class_list":["product","first","instock","shipping-taxable","purchasable","product-type-simple"],"acf":[],"_links":{"self":[{"href":"https:\/\/mouldking.store\/es\/wp-json\/wp\/v2\/product\/62335","targetHints":{"allow":["GET"]}}],"collection":[{"href":"https:\/\/mouldking.store\/es\/wp-json\/wp\/v2\/product"}],"about":[{"href":"https:\/\/mouldking.store\/es\/wp-json\/wp\/v2\/types\/product"}],"replies":[{"embeddable":true,"href":"https:\/\/mouldking.store\/es\/wp-json\/wp\/v2\/comments?post=62335"}],"wp:featuredmedia":[{"embeddable":true,"href":"https:\/\/mouldking.store\/es\/wp-json\/wp\/v2\/media\/62334"}],"wp:attachment":[{"href":"https:\/\/mouldking.store\/es\/wp-json\/wp\/v2\/media?parent=62335"}],"wp:term":[{"taxonomy":"product_cat","embeddable":true,"href":"https:\/\/mouldking.store\/es\/wp-json\/wp\/v2\/product_cat?post=62335"},{"taxonomy":"product_tag","embeddable":true,"href":"https:\/\/mouldking.store\/es\/wp-json\/wp\/v2\/product_tag?post=62335"}],"curies":[{"name":"wp","href":"https:\/\/api.w.org\/{rel}","templated":true}]}}