{"id":63358,"date":"2025-07-29T12:16:08","date_gmt":"2025-07-29T05:16:08","guid":{"rendered":"https:\/\/mouldking.store\/shop\/moc-factory-c9312-nasa-space-shuttle-discovery-10283-external-fuel-tank-srb-addon-with-7669-pieces\/"},"modified":"2025-12-16T20:58:48","modified_gmt":"2025-12-16T13:58:48","slug":"moc-factory-c9312-nasa-space-shuttle-discovery-10283-external-fuel-tank-srb-addon-with-7669-pieces","status":"publish","type":"product","link":"https:\/\/mouldking.store\/es\/shop\/moc-factory-c9312-nasa-space-shuttle-discovery-10283-external-fuel-tank-srb-addon-with-7669-pieces\/","title":{"rendered":"MOC Factory C9312 NASA Space Shuttle Discovery (10283) - Tanque de combustible externo y complemento SRB con 7669 piezas"},"content":{"rendered":"<div>\u2705 MOC-76210+MOC-76240+MOC-102642 NASA Space Shuttle Discovery (10283) \u2013 Tanque de combustible externo y complemento SRB<\/p>\n<p>\u2705El transbordador espacial Discovery de la NASA (10283) es un juego de construcci\u00f3n de ladrillos que reproduce el transbordador espacial Discovery, un orbitador retirado que la NASA utiliz\u00f3 para varias misiones.&nbsp;<\/p>\n<p>\ud83d\udeab \u00a1IMPORTANTE!<\/p>\n<p>Nombre del producto: NASA Space Shuttle Discovery (10283) - Tanque de combustible externo y complemento SRB<\/p>\n<p>Categor\u00eda: Espacio<\/p>\n<p>Este kit contiene: C9312<\/p>\n<p>7669 piezas de ladrillos de buena calidad<\/p>\n<p>Tama\u00f1o: 24 x 12 x 96 cm<\/p>\n<p>Peso: 5,76 kg<\/p>\n<p>Instrucciones en PDF<\/p>\n<p>\ud83d\udcccNaturaleza del protagonista<\/p>\n<p>Presentamos nuestra orgullosa colecci\u00f3n llamada &quot;NASA Space Shuttle Discovery (10283) - External Fuel Tank &amp; SRB Addon&quot; que no debe perderse.<\/p>\n<p>El complemento External Fuel Tank &amp; SRB es un conjunto de expansi\u00f3n que se puede agregar al conjunto Discovery del transbordador espacial de la NASA. Incluye componentes adicionales que conforman la pila completa del transbordador espacial, incluido el tanque de combustible externo y dos propulsores de cohetes s\u00f3lidos (SRB) que se conectan a los lados del tanque de combustible. El conjunto tambi\u00e9n incluye un soporte de exhibici\u00f3n para la pila completa. El juego de ladrillos NASA Space Shuttle Discovery (10283) y el complemento External Fuel Tank &amp; SRB est\u00e1n dise\u00f1ados para constructores y coleccionistas mayores interesados en la exploraci\u00f3n espacial y la historia de la NASA. Estos conjuntos ofrecen una representaci\u00f3n detallada y realista de la ic\u00f3nica nave espacial y brindan una experiencia de construcci\u00f3n divertida y desafiante.<\/p><\/div>","protected":false},"excerpt":{"rendered":"<p>Marca: MOC Factory<br \/>\nG\u00e9nero: Unisex<br \/>\nRango de edad: &gt; 8 a\u00f1os<br \/>\nN\u00famero de modelo: C9312<br \/>\nClasificaci\u00f3n: Ensamblaje<br \/>\nForma de bloque de pl\u00e1stico: Ladrillos autoblocantes<br \/>\nMaterial: Pl\u00e1stico<br \/>\nTipo de pl\u00e1stico: ABS<br \/>\nLadrillos Bloques: 7669 +<br \/>\nSin caja original<\/p>","protected":false},"featured_media":63357,"comment_status":"open","ping_status":"closed","template":"","meta":{"_acf_changed":false},"product_cat":[1357,6016,364],"product_tag":[11680,11679,11296,11297,6111,9235,2276,485,389],"class_list":["product","first","instock","shipping-taxable","purchasable","product-type-simple"],"acf":[],"_links":{"self":[{"href":"https:\/\/mouldking.store\/es\/wp-json\/wp\/v2\/product\/63358","targetHints":{"allow":["GET"]}}],"collection":[{"href":"https:\/\/mouldking.store\/es\/wp-json\/wp\/v2\/product"}],"about":[{"href":"https:\/\/mouldking.store\/es\/wp-json\/wp\/v2\/types\/product"}],"replies":[{"embeddable":true,"href":"https:\/\/mouldking.store\/es\/wp-json\/wp\/v2\/comments?post=63358"}],"wp:featuredmedia":[{"embeddable":true,"href":"https:\/\/mouldking.store\/es\/wp-json\/wp\/v2\/media\/63357"}],"wp:attachment":[{"href":"https:\/\/mouldking.store\/es\/wp-json\/wp\/v2\/media?parent=63358"}],"wp:term":[{"taxonomy":"product_cat","embeddable":true,"href":"https:\/\/mouldking.store\/es\/wp-json\/wp\/v2\/product_cat?post=63358"},{"taxonomy":"product_tag","embeddable":true,"href":"https:\/\/mouldking.store\/es\/wp-json\/wp\/v2\/product_tag?post=63358"}],"curies":[{"name":"wp","href":"https:\/\/api.w.org\/{rel}","templated":true}]}}