{"id":63530,"date":"2025-08-05T17:40:52","date_gmt":"2025-08-05T10:40:52","guid":{"rendered":"https:\/\/mouldking.store\/shop\/small-angle-jd099-dracula-castle-with-3007-pieces\/"},"modified":"2025-08-05T17:41:01","modified_gmt":"2025-08-05T10:41:01","slug":"small-angle-jd099-dracula-castle-with-3007-pieces","status":"publish","type":"product","link":"https:\/\/mouldking.store\/es\/shop\/small-angle-jd099-dracula-castle-with-3007-pieces\/","title":{"rendered":"Castillo de Dr\u00e1cula en \u00e1ngulo peque\u00f1o JD099 con 3007 piezas"},"content":{"rendered":"<div>\u2705 Small Angle JD099 Dracula Castle<\/div>\n<div><\/div>\n<div>\u2705 The &#8220;Small Angle JD099 Dracula Castle&#8221; is a building block set from the brand Small Angle (also known as XJD or CBOX)<\/p>\n<\/div>\n<div>\ud83d\udeab \u00a1IMPORTANTE!<\/p>\n<\/div>\n<div>Product Name: Small Angle JD099 Dracula Castle<\/p>\n<\/div>\n<div>Category: Modular Building.<\/p>\n<\/div>\n<div>This Kit Contains: Brand+M\u00e3 s\u1ea3n ph\u1ea9m&nbsp;<\/p>\n<\/div>\n<div>3007 pcs Good Quality Bricks<\/p>\n<\/div>\n<div>Size: 26.4x38x17.4cm<\/p>\n<\/div>\n<div>Instrucciones manuales&nbsp;<\/p>\n<\/div>\n<div>\ud83d\udcccNaturaleza del protagonista<br \/>&nbsp;The set includes the building blocks and an instruction manual. It does not typically come in an original box, but is shipped with the parts and instructions. No minifigures or characters are included.<\/div>\n<div>This set is an alternative brand to LEGO and is available from various online retailers specializing in building blocks, such as BrickMeUpScottie, Block Brick World, and YWOBB.<\/div>\n<div><\/div>","protected":false},"excerpt":{"rendered":"<p>Marca: Small Angle<br \/>\nG\u00e9nero: Unisex<br \/>\nRango de edad: &gt; 6 a\u00f1os<br \/>\nModel Number: JD099<br \/>\nClasificaci\u00f3n: Ensamblaje<br \/>\nForma de bloque de pl\u00e1stico: Ladrillos autoblocantes<br \/>\nMaterial: Pl\u00e1stico<br \/>\nTipo de pl\u00e1stico: ABS<br \/>\nBricks Blocks: 3007 +<br \/>\nno box<\/p>","protected":false},"featured_media":63529,"comment_status":"open","ping_status":"closed","template":"","meta":{"_acf_changed":false},"product_cat":[1395,390],"product_tag":[11244,787,13809,5679,392],"class_list":["product","first","instock","shipping-taxable","purchasable","product-type-simple"],"acf":[],"_links":{"self":[{"href":"https:\/\/mouldking.store\/es\/wp-json\/wp\/v2\/product\/63530","targetHints":{"allow":["GET"]}}],"collection":[{"href":"https:\/\/mouldking.store\/es\/wp-json\/wp\/v2\/product"}],"about":[{"href":"https:\/\/mouldking.store\/es\/wp-json\/wp\/v2\/types\/product"}],"replies":[{"embeddable":true,"href":"https:\/\/mouldking.store\/es\/wp-json\/wp\/v2\/comments?post=63530"}],"wp:featuredmedia":[{"embeddable":true,"href":"https:\/\/mouldking.store\/es\/wp-json\/wp\/v2\/media\/63529"}],"wp:attachment":[{"href":"https:\/\/mouldking.store\/es\/wp-json\/wp\/v2\/media?parent=63530"}],"wp:term":[{"taxonomy":"product_cat","embeddable":true,"href":"https:\/\/mouldking.store\/es\/wp-json\/wp\/v2\/product_cat?post=63530"},{"taxonomy":"product_tag","embeddable":true,"href":"https:\/\/mouldking.store\/es\/wp-json\/wp\/v2\/product_tag?post=63530"}],"curies":[{"name":"wp","href":"https:\/\/api.w.org\/{rel}","templated":true}]}}