{"id":8837,"date":"2021-01-28T09:43:43","date_gmt":"2021-01-28T09:43:43","guid":{"rendered":"https:\/\/mouldking.store\/shop\/mould-king-penumatic-parts\/"},"modified":"2022-04-21T11:07:45","modified_gmt":"2022-04-21T04:07:45","slug":"mould-king-penumatic-parts","status":"publish","type":"product","link":"https:\/\/mouldking.store\/es\/shop\/mould-king-penumatic-parts\/","title":{"rendered":"Kits de construcci\u00f3n MOLD KING"},"content":{"rendered":"<ul data-v-b8dc535a=\"\" data-mce-fragment=\"1\">\n<li class=\"basicInformation\" data-v-b8dc535a=\"\" data-mce-fragment=\"1\"><span data-mce-fragment=\"1\">N\u00famero de producto: Piezas neum\u00e1ticas<\/span><\/li>\n<\/ul>\n<ul data-mce-fragment=\"1\">\n<li data-mce-fragment=\"1\"><span style=\"color: #ff2a00;\" data-mce-fragment=\"1\"><strong data-mce-fragment=\"1\">Aviso:<\/strong><\/span><\/li>\n<\/ul>\n<ol data-mce-fragment=\"1\">\n<li data-mce-fragment=\"1\"><span style=\"color: #ff2a00;\" data-mce-fragment=\"1\"><strong data-mce-fragment=\"1\">Las piezas de Mold King Penumatic no se enviar\u00e1n por separado, \u00a1deben enviarse junto con otros juegos!<\/strong><\/span><\/li>\n<li data-mce-fragment=\"1\">Sin caja original, pero garantizamos que nuestros productos tienen garant\u00eda de calidad y buen empaque.<\/li>\n<li data-mce-fragment=\"1\">Como todas las piezas que hemos verificado antes del env\u00edo, si encuentra algunas piezas faltantes o da\u00f1adas, no se preocupe y simplemente cont\u00e1ctenos y podemos reenvi\u00e1rselas de inmediato de forma gratuita.<\/li>\n<\/ol>","protected":false},"excerpt":{"rendered":"<p>Product number: Penumatic Parts Notice: Mould King Penumatic Parts won&#8217;t be shipped seperately, they must be sent\u00a0together with other sets !! Without original box, but we guarantee our products have quality assurance and nice packaging. As all the parts we have checked before shipping, so if you find some parts missed or damaged, don&#8217;t worry [&hellip;]<\/p>","protected":false},"featured_media":9340,"comment_status":"open","ping_status":"closed","template":"","meta":{"_acf_changed":false},"product_cat":[15],"product_tag":[172,282,166,167],"class_list":["product","first","instock","shipping-taxable","purchasable","product-type-variable"],"acf":[],"_links":{"self":[{"href":"https:\/\/mouldking.store\/es\/wp-json\/wp\/v2\/product\/8837","targetHints":{"allow":["GET"]}}],"collection":[{"href":"https:\/\/mouldking.store\/es\/wp-json\/wp\/v2\/product"}],"about":[{"href":"https:\/\/mouldking.store\/es\/wp-json\/wp\/v2\/types\/product"}],"replies":[{"embeddable":true,"href":"https:\/\/mouldking.store\/es\/wp-json\/wp\/v2\/comments?post=8837"}],"wp:featuredmedia":[{"embeddable":true,"href":"https:\/\/mouldking.store\/es\/wp-json\/wp\/v2\/media\/9340"}],"wp:attachment":[{"href":"https:\/\/mouldking.store\/es\/wp-json\/wp\/v2\/media?parent=8837"}],"wp:term":[{"taxonomy":"product_cat","embeddable":true,"href":"https:\/\/mouldking.store\/es\/wp-json\/wp\/v2\/product_cat?post=8837"},{"taxonomy":"product_tag","embeddable":true,"href":"https:\/\/mouldking.store\/es\/wp-json\/wp\/v2\/product_tag?post=8837"}],"curies":[{"name":"wp","href":"https:\/\/api.w.org\/{rel}","templated":true}]}}