{"id":8953,"date":"2021-01-28T09:44:00","date_gmt":"2021-01-28T02:44:00","guid":{"rendered":"https:\/\/mouldking.store\/shop\/mould-king-21001-the-nebuton-model-b\/"},"modified":"2025-12-25T09:28:28","modified_gmt":"2025-12-25T02:28:28","slug":"mould-king-21001-the-nebuton-model-b","status":"publish","type":"product","link":"https:\/\/mouldking.store\/es\/shop\/mould-king-21001-the-nebuton-model-b\/","title":{"rendered":"MOLD KING 21001 MOC-5083 Fragata m\u00e9dica UCS Nebulon-B de Mortesv con 6388 piezas"},"content":{"rendered":"<p><span data-mce-fragment=\"1\">Informaci\u00f3n del Producto:<\/span><br data-mce-fragment=\"1\" \/><span data-mce-fragment=\"1\">1. N\u00famero de modelo: 21001<\/span><br data-mce-fragment=\"1\" \/><span data-mce-fragment=\"1\">2. Advertencia: no se puede comer<\/span><br data-mce-fragment=\"1\" \/><span data-mce-fragment=\"1\">3. Rango de edad: &gt; 6 a\u00f1os<\/span><br data-mce-fragment=\"1\" \/><span data-mce-fragment=\"1\">4. Certificaci\u00f3n: 3C<\/span><br data-mce-fragment=\"1\" \/><span data-mce-fragment=\"1\">5. Clasificaci\u00f3n: Ensamblaje<\/span><br data-mce-fragment=\"1\" \/><span data-mce-fragment=\"1\">6. Forma de bloque de pl\u00e1stico: Ladrillos autoblocantes<\/span><br data-mce-fragment=\"1\" \/><span data-mce-fragment=\"1\">7. Material: Pl\u00e1stico<\/span><br data-mce-fragment=\"1\" \/><span data-mce-fragment=\"1\">8. Tipo de pl\u00e1stico: ABS<\/span><br data-mce-fragment=\"1\" \/><span data-mce-fragment=\"1\">9. Bloques de ladrillos: ~6388+PCS<\/span><br data-mce-fragment=\"1\" \/><span data-mce-fragment=\"1\">10. Contiene instrucciones de montaje detalladas<\/span><br data-mce-fragment=\"1\" \/><br data-mce-fragment=\"1\" \/><span data-mce-fragment=\"1\">Aviso:<\/span><br data-mce-fragment=\"1\" \/><span data-mce-fragment=\"1\">1. Sin caja original, pero garantizamos que nuestros productos tienen garant\u00eda de calidad y un buen embalaje.<\/span><br data-mce-fragment=\"1\" \/><span data-mce-fragment=\"1\">2. Como todas las piezas que hemos comprobado antes del env\u00edo, si encuentra que faltan piezas o est\u00e1n da\u00f1adas, no se preocupe y p\u00f3ngase en contacto con nosotros y podemos reenvi\u00e1rselas inmediatamente de forma gratuita.<\/span><\/p>","protected":false},"excerpt":{"rendered":"<p>Product information:1. Model Number: 210012. Warning: can not eat3. Age Range: &gt; 6 years old4. Certification: 3C5. Classification: Assemblage6. Plastic Block Shape: Self-Locking Bricks7. Material: Plastic8. Plastic Type: ABS9. Bricks Blocks: ~6388+PCS10. Contains detailed assembly instructionsNotice:1. Without original box, but we guarantee our products have quality assurance and nice packaging.2. As all the parts we [&hellip;]<\/p>","protected":false},"featured_media":9427,"comment_status":"open","ping_status":"closed","template":"","meta":{"_acf_changed":false},"product_cat":[415],"product_tag":[1125,1120,4447,428,1121,1122,1123,1124,187,436],"class_list":["product","first","instock","shipping-taxable","purchasable","product-type-simple"],"acf":[],"_links":{"self":[{"href":"https:\/\/mouldking.store\/es\/wp-json\/wp\/v2\/product\/8953","targetHints":{"allow":["GET"]}}],"collection":[{"href":"https:\/\/mouldking.store\/es\/wp-json\/wp\/v2\/product"}],"about":[{"href":"https:\/\/mouldking.store\/es\/wp-json\/wp\/v2\/types\/product"}],"replies":[{"embeddable":true,"href":"https:\/\/mouldking.store\/es\/wp-json\/wp\/v2\/comments?post=8953"}],"wp:featuredmedia":[{"embeddable":true,"href":"https:\/\/mouldking.store\/es\/wp-json\/wp\/v2\/media\/9427"}],"wp:attachment":[{"href":"https:\/\/mouldking.store\/es\/wp-json\/wp\/v2\/media?parent=8953"}],"wp:term":[{"taxonomy":"product_cat","embeddable":true,"href":"https:\/\/mouldking.store\/es\/wp-json\/wp\/v2\/product_cat?post=8953"},{"taxonomy":"product_tag","embeddable":true,"href":"https:\/\/mouldking.store\/es\/wp-json\/wp\/v2\/product_tag?post=8953"}],"curies":[{"name":"wp","href":"https:\/\/api.w.org\/{rel}","templated":true}]}}