{"id":8991,"date":"2021-01-28T09:44:08","date_gmt":"2021-01-28T09:44:08","guid":{"rendered":"https:\/\/mouldking.store\/shop\/mould-king-10010-sleigh-reindeer\/"},"modified":"2025-12-25T09:28:27","modified_gmt":"2025-12-25T02:28:27","slug":"mould-king-10010-sleigh-reindeer","status":"publish","type":"product","link":"https:\/\/mouldking.store\/es\/shop\/mould-king-10010-sleigh-reindeer\/","title":{"rendered":"MOLDE REY 10010 MOC-4121 Trineo de Pap\u00e1 Noel de Navidad con 788 Piezas"},"content":{"rendered":"<p><span data-mce-fragment=\"1\">Informaci\u00f3n del Producto:<\/span><br data-mce-fragment=\"1\" \/><span data-mce-fragment=\"1\">1. N\u00famero de modelo: 10010<\/span><br data-mce-fragment=\"1\" \/><span data-mce-fragment=\"1\">2. Advertencia: no se puede comer<\/span><br data-mce-fragment=\"1\" \/><span data-mce-fragment=\"1\">3. Rango de edad: &gt; 6 a\u00f1os<\/span><br data-mce-fragment=\"1\" \/><span data-mce-fragment=\"1\">4. Certificaci\u00f3n: 3C<\/span><br data-mce-fragment=\"1\" \/><span data-mce-fragment=\"1\">5. Forma de bloque de pl\u00e1stico: Ladrillos autoblocantes<\/span><br data-mce-fragment=\"1\" \/><span data-mce-fragment=\"1\">6. Material: Pl\u00e1stico<\/span><br data-mce-fragment=\"1\" \/><span data-mce-fragment=\"1\">7. Tipo de pl\u00e1stico: ABS<\/span><br data-mce-fragment=\"1\" \/><span data-mce-fragment=\"1\">8. Bloques de ladrillos: ~788+PCS<\/span><br data-mce-fragment=\"1\" \/><span data-mce-fragment=\"1\">9. Contiene instrucciones de montaje detalladas.<\/span><br data-mce-fragment=\"1\" \/><br data-mce-fragment=\"1\" \/><span data-mce-fragment=\"1\">Aviso:<\/span><br data-mce-fragment=\"1\" \/><span data-mce-fragment=\"1\">1. Sin caja original, pero garantizamos que nuestros productos tienen garant\u00eda de calidad y un buen embalaje.<\/span><br data-mce-fragment=\"1\" \/><span data-mce-fragment=\"1\">2. Como todas las piezas que hemos comprobado antes del env\u00edo, si encuentra que faltan piezas o est\u00e1n da\u00f1adas, no se preocupe y p\u00f3ngase en contacto con nosotros y podemos reenvi\u00e1rselas inmediatamente de forma gratuita.<\/span><\/p>","protected":false},"excerpt":{"rendered":"<p>Product information:1. Model Number:\u00a0100102. Warning: can not eat3. Age Range: &gt; 6 years old4. Certification: 3C5. Plastic Block Shape: Self-Locking Bricks6. Material: Plastic7. Plastic Type: ABS8. Bricks Blocks: ~788+PCS9. Contains detailed assembly instructions.Notice:1. Without original box, but we guarantee our products have quality assurance and nice packaging.2. As all the parts we have checked before [&hellip;]<\/p>","protected":false},"featured_media":9502,"comment_status":"open","ping_status":"closed","template":"","meta":{"_acf_changed":false},"product_cat":[371],"product_tag":[1052,1056,1059,1058,293,1057,1053,1054,1055],"class_list":["product","first","instock","sale","shipping-taxable","purchasable","product-type-simple"],"acf":[],"_links":{"self":[{"href":"https:\/\/mouldking.store\/es\/wp-json\/wp\/v2\/product\/8991","targetHints":{"allow":["GET"]}}],"collection":[{"href":"https:\/\/mouldking.store\/es\/wp-json\/wp\/v2\/product"}],"about":[{"href":"https:\/\/mouldking.store\/es\/wp-json\/wp\/v2\/types\/product"}],"replies":[{"embeddable":true,"href":"https:\/\/mouldking.store\/es\/wp-json\/wp\/v2\/comments?post=8991"}],"wp:featuredmedia":[{"embeddable":true,"href":"https:\/\/mouldking.store\/es\/wp-json\/wp\/v2\/media\/9502"}],"wp:attachment":[{"href":"https:\/\/mouldking.store\/es\/wp-json\/wp\/v2\/media?parent=8991"}],"wp:term":[{"taxonomy":"product_cat","embeddable":true,"href":"https:\/\/mouldking.store\/es\/wp-json\/wp\/v2\/product_cat?post=8991"},{"taxonomy":"product_tag","embeddable":true,"href":"https:\/\/mouldking.store\/es\/wp-json\/wp\/v2\/product_tag?post=8991"}],"curies":[{"name":"wp","href":"https:\/\/api.w.org\/{rel}","templated":true}]}}