{"id":8992,"date":"2021-01-28T09:44:08","date_gmt":"2021-01-28T02:44:08","guid":{"rendered":"https:\/\/mouldking.store\/shop\/mould-king-22002-the-colosseum\/"},"modified":"2025-12-25T09:28:27","modified_gmt":"2025-12-25T02:28:27","slug":"mould-king-22002-the-colosseum","status":"publish","type":"product","link":"https:\/\/mouldking.store\/es\/shop\/mould-king-22002-the-colosseum\/","title":{"rendered":"MOLDE REY 22002 MOC-49020 El Coliseo con 6466 Piezas"},"content":{"rendered":"<p><span data-mce-fragment=\"1\">Informaci\u00f3n del Producto:<\/span><br data-mce-fragment=\"1\" \/><span data-mce-fragment=\"1\">1. Model Number:\u00a022002<\/span><br data-mce-fragment=\"1\" \/><span data-mce-fragment=\"1\">2. Advertencia: no se puede comer<\/span><br data-mce-fragment=\"1\" \/><span data-mce-fragment=\"1\">3. Rango de edad: &gt; 6 a\u00f1os<\/span><br data-mce-fragment=\"1\" \/><span data-mce-fragment=\"1\">4. Certificaci\u00f3n: 3C<\/span><br data-mce-fragment=\"1\" \/><span data-mce-fragment=\"1\">5. Forma de bloque de pl\u00e1stico: Ladrillos autoblocantes<\/span><br data-mce-fragment=\"1\" \/><span data-mce-fragment=\"1\">6. Material: Pl\u00e1stico<\/span><br data-mce-fragment=\"1\" \/><span data-mce-fragment=\"1\">7. Tipo de pl\u00e1stico: ABS<\/span><br data-mce-fragment=\"1\" \/><span data-mce-fragment=\"1\">8. Bricks Blocks: ~6466+PCS<\/span><br data-mce-fragment=\"1\" \/><span data-mce-fragment=\"1\">9. Contiene instrucciones de montaje detalladas<\/span><br data-mce-fragment=\"1\" \/><br data-mce-fragment=\"1\" \/><span data-mce-fragment=\"1\">Aviso:<\/span><br data-mce-fragment=\"1\" \/><span data-mce-fragment=\"1\">1. Sin caja original, pero garantizamos que nuestros productos tienen garant\u00eda de calidad y un buen embalaje.<\/span><br data-mce-fragment=\"1\" \/><span data-mce-fragment=\"1\">2. Como todas las piezas que hemos comprobado antes del env\u00edo, si encuentra que faltan piezas o est\u00e1n da\u00f1adas, no se preocupe y p\u00f3ngase en contacto con nosotros y podemos reenvi\u00e1rselas inmediatamente de forma gratuita.<\/span><\/p>","protected":false},"excerpt":{"rendered":"<p>Product information:1. Model Number:\u00a0220022. Warning: can not eat3. Age Range: &gt; 6 years old4. Certification: 3C5. Plastic Block Shape: Self-Locking Bricks6. Material: Plastic7. Plastic Type: ABS8. Bricks Blocks: ~6466+PCS9. Contains detailed assembly instructionsNotice:1. Without original box, but we guarantee our products have quality assurance and nice packaging.2. As all the parts we have checked before [&hellip;]<\/p>","protected":false},"featured_media":9506,"comment_status":"open","ping_status":"closed","template":"","meta":{"_acf_changed":false},"product_cat":[390],"product_tag":[1048,1051,1045,271,4445,430,1049,1046,1047,1050],"class_list":["product","first","instock","shipping-taxable","purchasable","product-type-simple"],"acf":[],"_links":{"self":[{"href":"https:\/\/mouldking.store\/es\/wp-json\/wp\/v2\/product\/8992","targetHints":{"allow":["GET"]}}],"collection":[{"href":"https:\/\/mouldking.store\/es\/wp-json\/wp\/v2\/product"}],"about":[{"href":"https:\/\/mouldking.store\/es\/wp-json\/wp\/v2\/types\/product"}],"replies":[{"embeddable":true,"href":"https:\/\/mouldking.store\/es\/wp-json\/wp\/v2\/comments?post=8992"}],"wp:featuredmedia":[{"embeddable":true,"href":"https:\/\/mouldking.store\/es\/wp-json\/wp\/v2\/media\/9506"}],"wp:attachment":[{"href":"https:\/\/mouldking.store\/es\/wp-json\/wp\/v2\/media?parent=8992"}],"wp:term":[{"taxonomy":"product_cat","embeddable":true,"href":"https:\/\/mouldking.store\/es\/wp-json\/wp\/v2\/product_cat?post=8992"},{"taxonomy":"product_tag","embeddable":true,"href":"https:\/\/mouldking.store\/es\/wp-json\/wp\/v2\/product_tag?post=8992"}],"curies":[{"name":"wp","href":"https:\/\/api.w.org\/{rel}","templated":true}]}}