{"id":8994,"date":"2021-01-28T09:44:08","date_gmt":"2021-01-28T09:44:08","guid":{"rendered":"https:\/\/mouldking.store\/shop\/mould-king-19007-rc-penumatic-truck\/"},"modified":"2021-12-23T09:56:20","modified_gmt":"2021-12-23T09:56:20","slug":"mould-king-19007-rc-penumatic-truck","status":"publish","type":"product","link":"https:\/\/mouldking.store\/es\/shop\/mould-king-19007-rc-penumatic-truck\/","title":{"rendered":"MOLDE REY 19007 Mercedes-Benz Arocs 3245 con 2891 Piezas"},"content":{"rendered":"<p data-mce-fragment=\"1\">Informaci\u00f3n del Producto:<\/p>\n<ol data-mce-fragment=\"1\">\n<li data-mce-fragment=\"1\">Tipo: Bloques<\/li>\n<li data-mce-fragment=\"1\">G\u00e9nero: Unisex<\/li>\n<li data-mce-fragment=\"1\">Advertencia: no se puede comer<\/li>\n<li data-mce-fragment=\"1\">Rango de edad: &gt; 6 a\u00f1os<\/li>\n<li data-mce-fragment=\"1\">Model Number:\u00a019007<\/li>\n<li data-mce-fragment=\"1\">Clasificaci\u00f3n: Ensamblaje<\/li>\n<li data-mce-fragment=\"1\">Forma de bloque de pl\u00e1stico: Ladrillos autoblocantes<\/li>\n<li data-mce-fragment=\"1\">Material: Pl\u00e1stico<\/li>\n<li data-mce-fragment=\"1\">Tipo de pl\u00e1stico: ABS<\/li>\n<li data-mce-fragment=\"1\">Bricks Blocks: ~2891+PCS<\/li>\n<li data-mce-fragment=\"1\">Contiene instrucciones de montaje detalladas.<\/li>\n<\/ol>\n<p><br data-mce-fragment=\"1\" \/><span data-mce-fragment=\"1\">Aviso:<\/span><br data-mce-fragment=\"1\" \/><span data-mce-fragment=\"1\">1. Sin caja original, pero garantizamos que nuestros productos tienen garant\u00eda de calidad y un buen embalaje.<\/span><br data-mce-fragment=\"1\" \/><span data-mce-fragment=\"1\">2. Como todas las piezas que hemos comprobado antes del env\u00edo, si encuentra que faltan piezas o est\u00e1n da\u00f1adas, no se preocupe y p\u00f3ngase en contacto con nosotros y podemos reenvi\u00e1rselas inmediatamente de forma gratuita.<\/span><span data-mce-fragment=\"1\">\u00a0<\/span><span data-mce-fragment=\"1\">\u00a0<\/span><\/p>","protected":false},"excerpt":{"rendered":"<p>Product information: Type: Blocks Gender: Unisex Warning: can not eat Age Range: &gt; 6 years old Model Number:\u00a019007 Classification: Assemblage Plastic Block Shape: Self-Locking Bricks Material: Plastic Plastic Type: ABS Bricks Blocks: ~2891+PCS Contains detailed assembly instructions. Notice:1. Without original box, but we guarantee our products have quality assurance and nice packaging.2. As all the [&hellip;]<\/p>","protected":false},"featured_media":9515,"comment_status":"open","ping_status":"closed","template":"","meta":{"_acf_changed":false},"product_cat":[364],"product_tag":[1033,1036,1037,1034,1035,166],"class_list":["product","first","instock","sale","shipping-taxable","purchasable","product-type-simple"],"acf":[],"_links":{"self":[{"href":"https:\/\/mouldking.store\/es\/wp-json\/wp\/v2\/product\/8994","targetHints":{"allow":["GET"]}}],"collection":[{"href":"https:\/\/mouldking.store\/es\/wp-json\/wp\/v2\/product"}],"about":[{"href":"https:\/\/mouldking.store\/es\/wp-json\/wp\/v2\/types\/product"}],"replies":[{"embeddable":true,"href":"https:\/\/mouldking.store\/es\/wp-json\/wp\/v2\/comments?post=8994"}],"wp:featuredmedia":[{"embeddable":true,"href":"https:\/\/mouldking.store\/es\/wp-json\/wp\/v2\/media\/9515"}],"wp:attachment":[{"href":"https:\/\/mouldking.store\/es\/wp-json\/wp\/v2\/media?parent=8994"}],"wp:term":[{"taxonomy":"product_cat","embeddable":true,"href":"https:\/\/mouldking.store\/es\/wp-json\/wp\/v2\/product_cat?post=8994"},{"taxonomy":"product_tag","embeddable":true,"href":"https:\/\/mouldking.store\/es\/wp-json\/wp\/v2\/product_tag?post=8994"}],"curies":[{"name":"wp","href":"https:\/\/api.w.org\/{rel}","templated":true}]}}