{"id":9013,"date":"2021-01-28T09:44:14","date_gmt":"2021-01-28T09:44:14","guid":{"rendered":"https:\/\/mouldking.store\/shop\/mould-king-12002-rc-crh2-high-speed-train\/"},"modified":"2024-06-17T15:51:38","modified_gmt":"2024-06-17T08:51:38","slug":"mould-king-12002-rc-crh2-high-speed-train","status":"publish","type":"product","link":"https:\/\/mouldking.store\/es\/shop\/mould-king-12002-rc-crh2-high-speed-train\/","title":{"rendered":"MOLD KING 12002 World Railway: CRH2A Coche comedor de fianza de alta velocidad con 1808 piezas"},"content":{"rendered":"<p>Informaci\u00f3n del Producto:<\/p>\n<ol>\n<li>Tipo: Bloques<\/li>\n<li>Advertencia: no se puede comer<\/li>\n<li>Rango de edad: &gt; 6 a\u00f1os<\/li>\n<li>Model Number:\u00a012002, 12002CX<\/li>\n<li>Clasificaci\u00f3n: Ensamblaje<\/li>\n<li>Forma de bloque de pl\u00e1stico: Ladrillos autoblocantes<\/li>\n<li>Material: Pl\u00e1stico<\/li>\n<li>Tipo de pl\u00e1stico: ABS<\/li>\n<li>Bricks Blocks: train 12002: 1808+PCS, \u00a0carriage 12002CX: 838+PCS<\/li>\n<li>Contains detailed assembly instructions, several tracks<\/li>\n<\/ol>\n<p>Aviso:<br \/>\n1. Sin caja original, pero garantizamos que nuestros productos tienen garant\u00eda de calidad y un buen embalaje.<br \/>\n2. Como todas las piezas que hemos comprobado antes del env\u00edo, si encuentra que faltan piezas o est\u00e1n da\u00f1adas, no se preocupe y p\u00f3ngase en contacto con nosotros y podemos reenvi\u00e1rselas inmediatamente de forma gratuita.<\/p>","protected":false},"excerpt":{"rendered":"<p>Product information: Type: Blocks Warning: can not eat Age Range: &gt; 6 years old Model Number:\u00a012002, 12002CX Classification: Assemblage Plastic Block Shape: Self-Locking Bricks Material: Plastic Plastic Type: ABS Bricks Blocks: train 12002: 1808+PCS, \u00a0carriage 12002CX: 838+PCS Contains detailed assembly instructions, several tracks Notice: 1. Without original box, but we guarantee our products have quality [&hellip;]<\/p>","protected":false},"featured_media":9562,"comment_status":"open","ping_status":"closed","template":"","meta":{"_acf_changed":false},"product_cat":[364],"product_tag":[996,991,993,994,300,995,997],"class_list":["product","first","instock","sale","shipping-taxable","purchasable","product-type-variable"],"acf":[],"_links":{"self":[{"href":"https:\/\/mouldking.store\/es\/wp-json\/wp\/v2\/product\/9013","targetHints":{"allow":["GET"]}}],"collection":[{"href":"https:\/\/mouldking.store\/es\/wp-json\/wp\/v2\/product"}],"about":[{"href":"https:\/\/mouldking.store\/es\/wp-json\/wp\/v2\/types\/product"}],"replies":[{"embeddable":true,"href":"https:\/\/mouldking.store\/es\/wp-json\/wp\/v2\/comments?post=9013"}],"wp:featuredmedia":[{"embeddable":true,"href":"https:\/\/mouldking.store\/es\/wp-json\/wp\/v2\/media\/9562"}],"wp:attachment":[{"href":"https:\/\/mouldking.store\/es\/wp-json\/wp\/v2\/media?parent=9013"}],"wp:term":[{"taxonomy":"product_cat","embeddable":true,"href":"https:\/\/mouldking.store\/es\/wp-json\/wp\/v2\/product_cat?post=9013"},{"taxonomy":"product_tag","embeddable":true,"href":"https:\/\/mouldking.store\/es\/wp-json\/wp\/v2\/product_tag?post=9013"}],"curies":[{"name":"wp","href":"https:\/\/api.w.org\/{rel}","templated":true}]}}