{"id":9031,"date":"2021-01-28T09:44:17","date_gmt":"2021-01-28T09:44:17","guid":{"rendered":"https:\/\/mouldking.store\/shop\/mould-king-17002-crawler-crane-11200\/"},"modified":"2025-12-25T09:28:27","modified_gmt":"2025-12-25T02:28:27","slug":"mould-king-17002-crawler-crane-11200","status":"publish","type":"product","link":"https:\/\/mouldking.store\/es\/shop\/mould-king-17002-crawler-crane-11200\/","title":{"rendered":"MOLDE REY 17002 MOC-10123 Gr\u00faa Liebher LTR 11200 con 4000 Piezas"},"content":{"rendered":"<p>Informaci\u00f3n del Producto:<\/p>\n<ol>\n<li>Tipo: Bloques<\/li>\n<li>G\u00e9nero: Unisex<\/li>\n<li>Advertencia: no se puede comer<\/li>\n<li>Rango de edad: &gt; 6 a\u00f1os<\/li>\n<li>Model Number:\u00a017002<\/li>\n<li>Clasificaci\u00f3n: Ensamblaje<\/li>\n<li>Forma de bloque de pl\u00e1stico: Ladrillos autoblocantes<\/li>\n<li>Material: Pl\u00e1stico<\/li>\n<li>Tipo de pl\u00e1stico: ABS<\/li>\n<li>Bricks Blocks: ~4000+PCS<\/li>\n<li>Contiene instrucciones de montaje detalladas, piezas PF<\/li>\n<li><span style=\"color: #ff2a00;\"><strong>enlace de la aplicaci\u00f3n<\/strong>:<\/span> if can&#8217;t get app through QR code, just pls contact seller to get it.<\/li>\n<\/ol>\n<p>Aviso:<\/p>\n<ol>\n<li style=\"list-style-type: none;\">\n<ol>\n<li>Sin caja original, pero garantizamos que nuestros productos tienen garant\u00eda de calidad y buen empaque.<\/li>\n<li>Como todas las piezas que hemos verificado antes del env\u00edo, si encuentra algunas piezas faltantes o da\u00f1adas, no se preocupe y simplemente cont\u00e1ctenos y podemos reenvi\u00e1rselas de inmediato de forma gratuita.<\/li>\n<\/ol>\n<\/li>\n<\/ol>","protected":false},"excerpt":{"rendered":"<p>Product information: Type: Blocks Gender: Unisex Warning: can not eat Age Range: &gt; 6 years old Model Number:\u00a017002 Classification: Assemblage Plastic Block Shape: Self-Locking Bricks Material: Plastic Plastic Type: ABS Bricks Blocks: ~4000+PCS Contains detailed assembly instructions, PF parts APP link: if can&#8217;t get app through QR code, just pls contact seller to get it. [&hellip;]<\/p>","protected":false},"featured_media":9578,"comment_status":"open","ping_status":"closed","template":"","meta":{"_acf_changed":false},"product_cat":[364],"product_tag":[985,986,984,977,978,979,983,980,981,982,166],"class_list":["product","first","instock","sale","shipping-taxable","purchasable","product-type-simple"],"acf":[],"_links":{"self":[{"href":"https:\/\/mouldking.store\/es\/wp-json\/wp\/v2\/product\/9031","targetHints":{"allow":["GET"]}}],"collection":[{"href":"https:\/\/mouldking.store\/es\/wp-json\/wp\/v2\/product"}],"about":[{"href":"https:\/\/mouldking.store\/es\/wp-json\/wp\/v2\/types\/product"}],"replies":[{"embeddable":true,"href":"https:\/\/mouldking.store\/es\/wp-json\/wp\/v2\/comments?post=9031"}],"wp:featuredmedia":[{"embeddable":true,"href":"https:\/\/mouldking.store\/es\/wp-json\/wp\/v2\/media\/9578"}],"wp:attachment":[{"href":"https:\/\/mouldking.store\/es\/wp-json\/wp\/v2\/media?parent=9031"}],"wp:term":[{"taxonomy":"product_cat","embeddable":true,"href":"https:\/\/mouldking.store\/es\/wp-json\/wp\/v2\/product_cat?post=9031"},{"taxonomy":"product_tag","embeddable":true,"href":"https:\/\/mouldking.store\/es\/wp-json\/wp\/v2\/product_tag?post=9031"}],"curies":[{"name":"wp","href":"https:\/\/api.w.org\/{rel}","templated":true}]}}